{"id":1287,"date":"2019-01-21T20:50:08","date_gmt":"2019-01-22T01:50:08","guid":{"rendered":"https:\/\/batirente.progexia.com\/group-representative\/establish-a-pension-plan\/"},"modified":"2019-09-11T15:39:48","modified_gmt":"2019-09-11T19:39:48","slug":"establish-a-pension-plan","status":"publish","type":"page","link":"https:\/\/www.batirente.com\/en\/establish-a-pension-plan\/","title":{"rendered":"Establish a pension plan"},"content":{"rendered":"<p>[et_pb_section bb_built=&#8221;1&#8243; _builder_version=&#8221;3.19.3&#8243; custom_padding=&#8221;||0px|&#8221; next_background_color=&#8221;#000000&#8243; inner_width=&#8221;auto&#8221; inner_max_width=&#8221;1450px&#8221; global_module=&#8221;1327&#8243;][et_pb_row global_parent=&#8221;1327&#8243; background_position=&#8221;top_left&#8221; background_repeat=&#8221;repeat&#8221; background_size=&#8221;initial&#8221; _builder_version=&#8221;3.19.3&#8243; custom_padding=&#8221;||0px|&#8221; width=&#8221;80%&#8221; max_width=&#8221;1450px&#8221;][et_pb_column type=&#8221;4_4&#8243; global_parent=&#8221;1327&#8243; custom_padding__hover=&#8221;|||&#8221; custom_padding=&#8221;|||&#8221;][et_pb_post_title global_parent=&#8221;1327&#8243; _builder_version=&#8221;3.19.7&#8243; meta=&#8221;off&#8221; featured_image=&#8221;off&#8221; \/][\/et_pb_column][\/et_pb_row][\/et_pb_section][et_pb_section bb_built=&#8221;1&#8243; prev_background_color=&#8221;#000000&#8243; inner_width=&#8221;auto&#8221; inner_max_width=&#8221;1450px&#8221;][et_pb_row][et_pb_column type=&#8221;4_4&#8243; custom_padding__hover=&#8221;|||&#8221; custom_padding=&#8221;|||&#8221;][et_pb_text _builder_version=&#8221;3.19.14&#8243;]<\/p>\n<h2>How to establish a B\u00e2tirente pension plan?<\/h2>\n<p>B\u00e2tirente is more than just a retirement plan! These plans are generally implemented as provided in a collective agreement, particularly regarding the level of employee and employer contributions.<\/p>\n<p>To learn more, please call us at 1 800 253-0131 or e-mail us at <a href=\"mailto:info@batirente.com\">info@batirente.com<\/a>. A B\u00e2tirente group- annuity advisor will contact you.<\/p>\n<h2>Who can enrol?<\/h2>\n<p>All CSN members and their spouses may enroll into B\u00e2tirente individual membership plans, even if none were established by their local unions. They may, for instance, choose to contribute to group RRSPs or to tax-free savings accounts (TFSA).<\/p>\n<h2>Assistance services by a B\u00e2tirente Advisor &#8211; Group membership plans<\/h2>\n<p>B\u00e2tirente group-annuity advisors take unions through the various collective bargaining steps required to, for instance:<\/p>\n<ul>\n<li>Identify the retirement plan best suited to their needs or determine the changes to be made to their existing plan<\/li>\n<li>Draw up the union\u2019s demand and help union advisors to write their texts<\/li>\n<li>Provide required explanations to members on the occasion of general meetings or meetings of other union bodies<\/li>\n<li>Explain the plan to their employers and present the required administrative procedures<\/li>\n<li>Train union representatives on their responsibilities<\/li>\n<li>Organize membership campaigns when new plans are implemented or when important changes are made<\/li>\n<\/ul>\n<p>B\u00e2tirente advisors periodically meet with union members and representatives to inform them of the evolution of their plans, of improvements made to their plans and to answer their questions.<\/p>\n<h2>Assitance services by a B\u00e2tirente advisor &#8211; Individual membership plans<\/h2>\n<p>B\u00e2tirente group-annuity advisors take unions through the various steps required to, for instance:<\/p>\n<ul>\n<li>Implement payroll deduction mechanisms with employers<\/li>\n<li>Train union representatives on their responsibilities<\/li>\n<li>Explain the membership and contribution management procedure<\/li>\n<li>Provide required explanations to members on the occasion of general meetings or meetings of other union bodies<\/li>\n<\/ul>\n<p>&nbsp;<\/p>\n<p>[\/et_pb_text][\/et_pb_column][\/et_pb_row][\/et_pb_section]<\/p>\n","protected":false},"excerpt":{"rendered":"<p><div class=\"et_pb_row et_pb_row_0 et_pb_row_empty\">\n\t\t\t\t\n\t\t\t\t\n\t\t\t\t\n\t\t\t\t\n\t\t\t\t\n\t\t\t<\/div> How to establish a B\u00e2tirente pension plan? B\u00e2tirente is more than just a retirement plan! These plans are generally implemented as provided in a collective agreement, particularly regarding the level of employee and employer contributions. To learn more, please call us at 1 800 253-0131 or e-mail us at info@batirente.com. A B\u00e2tirente group- annuity advisor will contact you. Who can enrol? All CSN members and their spouses may enroll into B\u00e2tirente individual membership plans, even if none were established by their local unions. They may, for instance, choose to contribute to group RRSPs or to tax-free savings accounts (TFSA). Assistance services by a B\u00e2tirente Advisor &#8211; Group membership plans B\u00e2tirente group-annuity advisors take unions through the various collective bargaining steps required to, for instance: Identify the retirement plan best suited to their needs or determine the changes to be made to their existing plan Draw up the union\u2019s demand and help union advisors to write their texts Provide required explanations to members on the occasion of general meetings or meetings of other union bodies Explain the plan to their employers and present the required administrative procedures Train union representatives on their responsibilities Organize membership campaigns when new plans are [&hellip;]<\/p>\n","protected":false},"author":4,"featured_media":0,"parent":0,"menu_order":0,"comment_status":"closed","ping_status":"closed","template":"","meta":{"_acf_changed":false,"_et_pb_use_builder":"on","_et_pb_old_content":"","_et_gb_content_width":"","inline_featured_image":false,"footnotes":""},"class_list":["post-1287","page","type-page","status-publish","hentry"],"acf":[],"yoast_head":"<!-- This site is optimized with the Yoast SEO plugin v27.3 - https:\/\/yoast.com\/product\/yoast-seo-wordpress\/ -->\n<title>Establish a pension plan - B\u00e2tirente<\/title>\n<meta name=\"robots\" content=\"index, follow, max-snippet:-1, max-image-preview:large, max-video-preview:-1\" \/>\n<link rel=\"canonical\" href=\"https:\/\/www.batirente.com\/en\/our-pension-plans\/establish-a-pension-plan\/\" \/>\n<meta property=\"og:locale\" content=\"en_US\" \/>\n<meta property=\"og:type\" content=\"article\" \/>\n<meta property=\"og:title\" content=\"Establish a pension plan - B\u00e2tirente\" \/>\n<meta property=\"og:description\" content=\"How to establish a B\u00e2tirente pension plan? B\u00e2tirente is more than just a retirement plan! These plans are generally implemented as provided in a collective agreement, particularly regarding the level of employee and employer contributions. To learn more, please call us at 1 800 253-0131 or e-mail us at info@batirente.com. A B\u00e2tirente group- annuity advisor will contact you. Who can enrol? All CSN members and their spouses may enroll into B\u00e2tirente individual membership plans, even if none were established by their local unions. They may, for instance, choose to contribute to group RRSPs or to tax-free savings accounts (TFSA). Assistance services by a B\u00e2tirente Advisor - Group membership plans B\u00e2tirente group-annuity advisors take unions through the various collective bargaining steps required to, for instance: Identify the retirement plan best suited to their needs or determine the changes to be made to their existing plan Draw up the union\u2019s demand and help union advisors to write their texts Provide required explanations to members on the occasion of general meetings or meetings of other union bodies Explain the plan to their employers and present the required administrative procedures Train union representatives on their responsibilities Organize membership campaigns when new plans are [&hellip;]\" \/>\n<meta property=\"og:url\" content=\"https:\/\/www.batirente.com\/en\/our-pension-plans\/establish-a-pension-plan\/\" \/>\n<meta property=\"og:site_name\" content=\"B\u00e2tirente\" \/>\n<meta property=\"article:publisher\" content=\"https:\/\/www.facebook.com\/batirente\/\" \/>\n<meta property=\"article:modified_time\" content=\"2019-09-11T19:39:48+00:00\" \/>\n<meta name=\"twitter:card\" content=\"summary_large_image\" \/>\n<meta name=\"twitter:site\" content=\"@Batirente\" \/>\n<meta name=\"twitter:label1\" content=\"Est. reading time\" \/>\n\t<meta name=\"twitter:data1\" content=\"2 minutes\" \/>\n<script type=\"application\/ld+json\" class=\"yoast-schema-graph\">{\"@context\":\"https:\\\/\\\/schema.org\",\"@graph\":[{\"@type\":\"WebPage\",\"@id\":\"https:\\\/\\\/www.batirente.com\\\/en\\\/our-pension-plans\\\/establish-a-pension-plan\\\/\",\"url\":\"https:\\\/\\\/www.batirente.com\\\/en\\\/our-pension-plans\\\/establish-a-pension-plan\\\/\",\"name\":\"Establish a pension plan - B\u00e2tirente\",\"isPartOf\":{\"@id\":\"https:\\\/\\\/www.batirente.com\\\/#website\"},\"datePublished\":\"2019-01-22T01:50:08+00:00\",\"dateModified\":\"2019-09-11T19:39:48+00:00\",\"breadcrumb\":{\"@id\":\"https:\\\/\\\/www.batirente.com\\\/en\\\/our-pension-plans\\\/establish-a-pension-plan\\\/#breadcrumb\"},\"inLanguage\":\"en-US\",\"potentialAction\":[{\"@type\":\"ReadAction\",\"target\":[\"https:\\\/\\\/www.batirente.com\\\/en\\\/our-pension-plans\\\/establish-a-pension-plan\\\/\"]}]},{\"@type\":\"BreadcrumbList\",\"@id\":\"https:\\\/\\\/www.batirente.com\\\/en\\\/our-pension-plans\\\/establish-a-pension-plan\\\/#breadcrumb\",\"itemListElement\":[{\"@type\":\"ListItem\",\"position\":1,\"name\":\"Accueil\",\"item\":\"https:\\\/\\\/www.batirente.com\\\/en\\\/\"},{\"@type\":\"ListItem\",\"position\":2,\"name\":\"Our pension plans\",\"item\":\"https:\\\/\\\/www.batirente.com\\\/en\\\/our-pension-plans\\\/\"},{\"@type\":\"ListItem\",\"position\":3,\"name\":\"Establish a pension plan\"}]},{\"@type\":\"WebSite\",\"@id\":\"https:\\\/\\\/www.batirente.com\\\/#website\",\"url\":\"https:\\\/\\\/www.batirente.com\\\/\",\"name\":\"B\u00e2tirente\",\"description\":\"Ma retraite. Notre force.\",\"publisher\":{\"@id\":\"https:\\\/\\\/www.batirente.com\\\/#organization\"},\"potentialAction\":[{\"@type\":\"SearchAction\",\"target\":{\"@type\":\"EntryPoint\",\"urlTemplate\":\"https:\\\/\\\/www.batirente.com\\\/?s={search_term_string}\"},\"query-input\":{\"@type\":\"PropertyValueSpecification\",\"valueRequired\":true,\"valueName\":\"search_term_string\"}}],\"inLanguage\":\"en-US\"},{\"@type\":\"Organization\",\"@id\":\"https:\\\/\\\/www.batirente.com\\\/#organization\",\"name\":\"B\u00e2tirente\",\"url\":\"https:\\\/\\\/www.batirente.com\\\/\",\"logo\":{\"@type\":\"ImageObject\",\"inLanguage\":\"en-US\",\"@id\":\"https:\\\/\\\/www.batirente.com\\\/#\\\/schema\\\/logo\\\/image\\\/\",\"url\":\"https:\\\/\\\/www.batirente.com\\\/wp-content\\\/uploads\\\/2019\\\/01\\\/2017-logo.jpg\",\"contentUrl\":\"https:\\\/\\\/www.batirente.com\\\/wp-content\\\/uploads\\\/2019\\\/01\\\/2017-logo.jpg\",\"width\":750,\"height\":450,\"caption\":\"B\u00e2tirente\"},\"image\":{\"@id\":\"https:\\\/\\\/www.batirente.com\\\/#\\\/schema\\\/logo\\\/image\\\/\"},\"sameAs\":[\"https:\\\/\\\/www.facebook.com\\\/batirente\\\/\",\"https:\\\/\\\/x.com\\\/Batirente\",\"https:\\\/\\\/www.linkedin.com\\\/company\\\/batirente\"]}]}<\/script>\n<!-- \/ Yoast SEO plugin. -->","yoast_head_json":{"title":"Establish a pension plan - B\u00e2tirente","robots":{"index":"index","follow":"follow","max-snippet":"max-snippet:-1","max-image-preview":"max-image-preview:large","max-video-preview":"max-video-preview:-1"},"canonical":"https:\/\/www.batirente.com\/en\/our-pension-plans\/establish-a-pension-plan\/","og_locale":"en_US","og_type":"article","og_title":"Establish a pension plan - B\u00e2tirente","og_description":"How to establish a B\u00e2tirente pension plan? B\u00e2tirente is more than just a retirement plan! These plans are generally implemented as provided in a collective agreement, particularly regarding the level of employee and employer contributions. To learn more, please call us at 1 800 253-0131 or e-mail us at info@batirente.com. A B\u00e2tirente group- annuity advisor will contact you. Who can enrol? All CSN members and their spouses may enroll into B\u00e2tirente individual membership plans, even if none were established by their local unions. They may, for instance, choose to contribute to group RRSPs or to tax-free savings accounts (TFSA). Assistance services by a B\u00e2tirente Advisor - Group membership plans B\u00e2tirente group-annuity advisors take unions through the various collective bargaining steps required to, for instance: Identify the retirement plan best suited to their needs or determine the changes to be made to their existing plan Draw up the union\u2019s demand and help union advisors to write their texts Provide required explanations to members on the occasion of general meetings or meetings of other union bodies Explain the plan to their employers and present the required administrative procedures Train union representatives on their responsibilities Organize membership campaigns when new plans are [&hellip;]","og_url":"https:\/\/www.batirente.com\/en\/our-pension-plans\/establish-a-pension-plan\/","og_site_name":"B\u00e2tirente","article_publisher":"https:\/\/www.facebook.com\/batirente\/","article_modified_time":"2019-09-11T19:39:48+00:00","twitter_card":"summary_large_image","twitter_site":"@Batirente","twitter_misc":{"Est. reading time":"2 minutes"},"schema":{"@context":"https:\/\/schema.org","@graph":[{"@type":"WebPage","@id":"https:\/\/www.batirente.com\/en\/our-pension-plans\/establish-a-pension-plan\/","url":"https:\/\/www.batirente.com\/en\/our-pension-plans\/establish-a-pension-plan\/","name":"Establish a pension plan - B\u00e2tirente","isPartOf":{"@id":"https:\/\/www.batirente.com\/#website"},"datePublished":"2019-01-22T01:50:08+00:00","dateModified":"2019-09-11T19:39:48+00:00","breadcrumb":{"@id":"https:\/\/www.batirente.com\/en\/our-pension-plans\/establish-a-pension-plan\/#breadcrumb"},"inLanguage":"en-US","potentialAction":[{"@type":"ReadAction","target":["https:\/\/www.batirente.com\/en\/our-pension-plans\/establish-a-pension-plan\/"]}]},{"@type":"BreadcrumbList","@id":"https:\/\/www.batirente.com\/en\/our-pension-plans\/establish-a-pension-plan\/#breadcrumb","itemListElement":[{"@type":"ListItem","position":1,"name":"Accueil","item":"https:\/\/www.batirente.com\/en\/"},{"@type":"ListItem","position":2,"name":"Our pension plans","item":"https:\/\/www.batirente.com\/en\/our-pension-plans\/"},{"@type":"ListItem","position":3,"name":"Establish a pension plan"}]},{"@type":"WebSite","@id":"https:\/\/www.batirente.com\/#website","url":"https:\/\/www.batirente.com\/","name":"B\u00e2tirente","description":"Ma retraite. Notre force.","publisher":{"@id":"https:\/\/www.batirente.com\/#organization"},"potentialAction":[{"@type":"SearchAction","target":{"@type":"EntryPoint","urlTemplate":"https:\/\/www.batirente.com\/?s={search_term_string}"},"query-input":{"@type":"PropertyValueSpecification","valueRequired":true,"valueName":"search_term_string"}}],"inLanguage":"en-US"},{"@type":"Organization","@id":"https:\/\/www.batirente.com\/#organization","name":"B\u00e2tirente","url":"https:\/\/www.batirente.com\/","logo":{"@type":"ImageObject","inLanguage":"en-US","@id":"https:\/\/www.batirente.com\/#\/schema\/logo\/image\/","url":"https:\/\/www.batirente.com\/wp-content\/uploads\/2019\/01\/2017-logo.jpg","contentUrl":"https:\/\/www.batirente.com\/wp-content\/uploads\/2019\/01\/2017-logo.jpg","width":750,"height":450,"caption":"B\u00e2tirente"},"image":{"@id":"https:\/\/www.batirente.com\/#\/schema\/logo\/image\/"},"sameAs":["https:\/\/www.facebook.com\/batirente\/","https:\/\/x.com\/Batirente","https:\/\/www.linkedin.com\/company\/batirente"]}]}},"_links":{"self":[{"href":"https:\/\/www.batirente.com\/en\/wp-json\/wp\/v2\/pages\/1287","targetHints":{"allow":["GET"]}}],"collection":[{"href":"https:\/\/www.batirente.com\/en\/wp-json\/wp\/v2\/pages"}],"about":[{"href":"https:\/\/www.batirente.com\/en\/wp-json\/wp\/v2\/types\/page"}],"author":[{"embeddable":true,"href":"https:\/\/www.batirente.com\/en\/wp-json\/wp\/v2\/users\/4"}],"replies":[{"embeddable":true,"href":"https:\/\/www.batirente.com\/en\/wp-json\/wp\/v2\/comments?post=1287"}],"version-history":[{"count":0,"href":"https:\/\/www.batirente.com\/en\/wp-json\/wp\/v2\/pages\/1287\/revisions"}],"wp:attachment":[{"href":"https:\/\/www.batirente.com\/en\/wp-json\/wp\/v2\/media?parent=1287"}],"curies":[{"name":"wp","href":"https:\/\/api.w.org\/{rel}","templated":true}]}}