{"id":1552,"date":"2019-01-23T10:05:05","date_gmt":"2019-01-23T15:05:05","guid":{"rendered":"https:\/\/batirente.progexia.com\/note-legale\/"},"modified":"2021-01-25T16:07:38","modified_gmt":"2021-01-25T21:07:38","slug":"legal-notice","status":"publish","type":"page","link":"https:\/\/www.batirente.com\/en\/legal-notice\/","title":{"rendered":"Legal notice"},"content":{"rendered":"<p>[et_pb_section fb_built=&#8221;1&#8243; _builder_version=&#8221;3.19.3&#8243; custom_padding=&#8221;||0px|&#8221; global_module=&#8221;148&#8243;][et_pb_row _builder_version=&#8221;3.25&#8243; background_size=&#8221;initial&#8221; background_position=&#8221;top_left&#8221; background_repeat=&#8221;repeat&#8221; custom_padding=&#8221;||0px|&#8221;][et_pb_column type=&#8221;4_4&#8243; _builder_version=&#8221;3.0.47&#8243; custom_padding=&#8221;|||&#8221; custom_padding__hover=&#8221;|||&#8221;][et_pb_post_title meta=&#8221;off&#8221; featured_image=&#8221;off&#8221; _builder_version=&#8221;3.19.7&#8243;][\/et_pb_post_title][\/et_pb_column][\/et_pb_row][\/et_pb_section][et_pb_section fb_built=&#8221;1&#8243; _builder_version=&#8221;3.22&#8243;][et_pb_row _builder_version=&#8221;3.25&#8243; background_size=&#8221;initial&#8221; background_position=&#8221;top_left&#8221; background_repeat=&#8221;repeat&#8221;][et_pb_column type=&#8221;4_4&#8243; _builder_version=&#8221;3.25&#8243; custom_padding=&#8221;|||&#8221; custom_padding__hover=&#8221;|||&#8221;][et_pb_text _builder_version=&#8221;4.8.1&#8243;]<\/p>\n<h2>Judicial advice<\/h2>\n<p>By accessing and using this B\u00e2tirente website, you agree to be bound by the Legal Notice and to comply with the following Terms of Use. If you do not, you understand that you must not use this site.<\/p>\n<p>This Legal Notice covers the website directly managed by B\u00e2tirente (<a href=\"https:\/\/www.batirente.com\/\">www.batirente.com<\/a>) and does not cover any secure sites produced by its provider of administration services, Desjardins Financial Security Life Assurance Company, which are covered by their own legal notices.<\/p>\n<p>B\u00e2tirente refers to the Comit\u00e9 syndical national de retraite B\u00e2tirente inc.<\/p>\n<ul>\n<li>All information, trademarks and logos displayed on this website are protected by\u00a0copyright.<\/li>\n<li>B\u00e2tirente may at any time change or update the\u00a0information displayed on this website, which it provides for information purposes only.<\/li>\n<li>B\u00e2tirente shall not be held responsible for any harm\u00a0loss or damage\u00a0arising from the use of this site and the information contained therein.<\/li>\n<li>B\u00e2tirente cannot guarantee the availability of this site nor shall it be held responsible for\u00a0problems that may occur during its use.<\/li>\n<li>Links to other sites\u00a0appearing on this website, including those offering downloadable software, are provided for convenience purposes only and B\u00e2tirente shall not be held liable for them.<\/li>\n<li>This website is under the legislative jurisdiction of the province of Qu\u00e9bec, and the information it contains on B\u00e2tirente\u2019s products and services can only be used in Canada.<\/li>\n<li>The contents and tools provided on this website shall at no time be used for commercial purposes by individuals not representing B\u00e2tirente.<\/li>\n<li>This website leads to secure sections which require a dedicated user ID and password. Users are responsible for their passwords and for the use made of them, with or without their consent.<\/li>\n<li>The confidentiality of information exchanged by\u00a0email cannot be guaranteed. For purposes of security and of verification or compilation of statistics, B\u00e2tirente collects\u00a0site access data, and may consult transmissions to and from this site.<\/li>\n<li>B\u00e2tirente is committed to protecting your security and your privacy, including the personal information you provide us, when applicable. Please consult our\u00a0<a href=\"https:\/\/www.batirente.com\/en\/privacy-policy\/\">Privacy Policy<\/a>\u00a0for information on our practices in this regard.<\/li>\n<li>The\u00a0content of the Legal Notice\u00a0is updated from time to time without prior notice.<\/li>\n<\/ul>\n<h2>Copyright and Trademarks<\/h2>\n<p>All information on this website is protected by copyright laws. Users of this site are authorized to copy its content for personal use but no one has the right to redistribute, reproduce, republish, store in any medium, retransmit or modify the information on this website for commercial purposes without obtaining the written authorization of B\u00e2tirente, or to make public use thereof without crediting the source.<\/p>\n<p>All trademarks and logos (including certain names, words, titles, drawings, illustrations and icons) appearing on the pages of this site are registered or unregistered trademarks of B\u00e2tirente or of third parties. Any use of these trademarks is strictly forbidden without their owner&#8217;s written authorization. All unauthorized downloading, retransmission, copying or modification of trademarks or site content may be a violation of federal or other copyright and trademark laws and the authors of such violations could be subject to legal action.<\/p>\n<p>B\u00e2tirente prohibits the use of its logos and trademarks as links to any other website without its written authorization.<\/p>\n<h2>Information accuracy<\/h2>\n<p>B\u00e2tirente believes that the information contained on this site was accurate when it was entered thereon but cannot guarantee or ensure the currentness, accuracy, completeness or authenticity of its content or of each of its functionalities. Without limiting the foregoing, B\u00e2tirente accepts no responsibility for the accuracy of the information contained on this site and provided by third parties. This site, as well as the information contained therein, was created for information purposes only. Furthermore, the information it contains may be subject to changes and updates at any time without prior notice. All products and services appearing on this site are subject to the terms and conditions of the agreements that govern them.<\/p>\n<h2>Disclaimer<\/h2>\n<p>B\u00e2tirente shall not be held responsible to any person for any harm, loss or damages whatsoever (whether arising in contract, tort, negligence or otherwise) that may arise directly or indirectly from the use of this site or the information contained therein or from inability to use this site or this information or from the malfunctioning of this site, including any direct, indirect, special, consequential or third-party damages.<\/p>\n<h2>No warranties<\/h2>\n<p>B\u00e2tirente cannot guarantee that the site will be available and that it will meet your requirements, nor does it guarantee that access to this site will not be interrupted, that there will be no delays, failures, errors, omissions or loss of transmitted information, nor that no viruses or other contaminating or destructive elements will be transmitted or that your computer system will incur no damage.<\/p>\n<h2>Disclaimer regarding links to other websites and downloadable software<\/h2>\n<p>Links to other websites or references to products, services, or publications other than B\u00e2tirente\u2019s are provided for your convenience only and do not imply B\u00e2tirente\u2019s approval or endorsement of such websites, products, services or publications. Such sites and references were developed independently of B\u00e2tirente, and we cannot vouch for the currentness, accuracy, completeness or authenticity of the content or functionalities of the said sites or references. Linking to any other site shall be at your own risk and B\u00e2tirente accepts no responsibility or liability for any damages related to such linking. Links to sites offering downloadable software are provided for your convenience only and B\u00e2tirente shall not be held responsible for any difficulties associated with downloading the said software.<\/p>\n<h2>Jurisdiction<\/h2>\n<p>This site is governed by, and construed in accordance with, the laws of the province of Qu\u00e9bec. All disputes, disagreements or claims arising from or in connection with this site or its use shall be submitted to and be subject to the jurisdiction of the courts of the province of Qu\u00e9bec. As a consequence, the courts of the province of Qu\u00e9bec have exclusive jurisdiction over any lawsuit, action or proceeding arising from, or in connection with, this site or its use.<\/p>\n<p>Information appearing on this site regarding the products and services of B\u00e2tirente is intended for use in Canada only, where such products and services may lawfully be offered for use and\/or sale, and is not intended for use or sale where prohibited by law.<\/p>\n<h2>Commercial use of contents<\/h2>\n<p>The content of this site may only be used for non-commercial purposes. The use of this content to promote the sale of products and services or to promote specific websites is prohibited.<br \/>Definitions provided on this site are for information purposes only and are intended to be general in nature. They have no contractual value and may differ from definitions in any contract. Please refer solely to the terms and conditions of your contract to determine your rights and obligations thereunder.<\/p>\n<p>B\u00e2tirente does not guarantee its search tools\u2019 results. Likewise, calculations or projected results are provided for information purposes only. B\u00e2tirente provides no guarantee regarding their accuracy or completeness because they are based on hypotheses. Default values are provided for illustration and reference purposes only. Please use them as guides or estimates only.<\/p>\n<p>Answers in the FAQ section and those provided to those who send us questions are for information purposes only. They have no legal value and are not binding. Please consult your representative, accountant or lawyer, who will review all facts and formulate a response personalized to you.<\/p>\n<h2>Email<\/h2>\n<p>Any unprotected email communication is subject to possible interception or loss, and is also subject to possible alteration. B\u00e2tirente shall not be held responsible to you or anyone else for damages arising from interception, loss or alteration of any email that you send to B\u00e2tirente or that B\u00e2tirente sends to you.<\/p>\n<h2>Control over use<\/h2>\n<p>A log is kept to record events that relate to security or that warrant verification, or for statistical purposes. This log may contain all accesses to the site or its various sections, all communications sent or received by a user (in the case of email functions integrated to the site), as well as any other activity related to the site.<\/p>\n<p>B\u00e2tirente has access to the communications sent or received through the site which it may use if it has reasonable ground to believe that a law has been broken or that the Terms of Use of the site have been violated.<\/p>\n<h2>Updating of Legal Notice<\/h2>\n<p>This notice will be updated and modified from time to time without prior notice. Accordingly, whenever you access this website, make sure to read this notice.<\/p>\n<p>[\/et_pb_text][\/et_pb_column][\/et_pb_row][\/et_pb_section]<\/p>\n","protected":false},"excerpt":{"rendered":"<p>Judicial advice By accessing and using this B\u00e2tirente website, you agree to be bound by the Legal Notice and to comply with the following Terms of Use. If you do not, you understand that you must not use this site. This Legal Notice covers the website directly managed by B\u00e2tirente (www.batirente.com) and does not cover any secure sites produced by its provider of administration services, Desjardins Financial Security Life Assurance Company, which are covered by their own legal notices. B\u00e2tirente refers to the Comit\u00e9 syndical national de retraite B\u00e2tirente inc. All information, trademarks and logos displayed on this website are protected by\u00a0copyright. B\u00e2tirente may at any time change or update the\u00a0information displayed on this website, which it provides for information purposes only. B\u00e2tirente shall not be held responsible for any harm\u00a0loss or damage\u00a0arising from the use of this site and the information contained therein. B\u00e2tirente cannot guarantee the availability of this site nor shall it be held responsible for\u00a0problems that may occur during its use. Links to other sites\u00a0appearing on this website, including those offering downloadable software, are provided for convenience purposes only and B\u00e2tirente shall not be held liable for them. This website is under the legislative jurisdiction of [&hellip;]<\/p>\n","protected":false},"author":4,"featured_media":0,"parent":0,"menu_order":0,"comment_status":"closed","ping_status":"closed","template":"","meta":{"_acf_changed":false,"_et_pb_use_builder":"on","_et_pb_old_content":"","_et_gb_content_width":"","inline_featured_image":false,"footnotes":""},"class_list":["post-1552","page","type-page","status-publish","hentry"],"acf":[],"yoast_head":"<!-- This site is optimized with the Yoast SEO plugin v27.3 - https:\/\/yoast.com\/product\/yoast-seo-wordpress\/ -->\n<title>Legal notice - B\u00e2tirente<\/title>\n<meta name=\"robots\" content=\"index, follow, max-snippet:-1, max-image-preview:large, max-video-preview:-1\" \/>\n<link rel=\"canonical\" href=\"https:\/\/www.batirente.com\/en\/legal-notice\/\" \/>\n<meta property=\"og:locale\" content=\"en_US\" \/>\n<meta property=\"og:type\" content=\"article\" \/>\n<meta property=\"og:title\" content=\"Legal notice - B\u00e2tirente\" \/>\n<meta property=\"og:description\" content=\"Judicial advice By accessing and using this B\u00e2tirente website, you agree to be bound by the Legal Notice and to comply with the following Terms of Use. If you do not, you understand that you must not use this site. This Legal Notice covers the website directly managed by B\u00e2tirente (www.batirente.com) and does not cover any secure sites produced by its provider of administration services, Desjardins Financial Security Life Assurance Company, which are covered by their own legal notices. B\u00e2tirente refers to the Comit\u00e9 syndical national de retraite B\u00e2tirente inc. All information, trademarks and logos displayed on this website are protected by\u00a0copyright. B\u00e2tirente may at any time change or update the\u00a0information displayed on this website, which it provides for information purposes only. B\u00e2tirente shall not be held responsible for any harm\u00a0loss or damage\u00a0arising from the use of this site and the information contained therein. B\u00e2tirente cannot guarantee the availability of this site nor shall it be held responsible for\u00a0problems that may occur during its use. Links to other sites\u00a0appearing on this website, including those offering downloadable software, are provided for convenience purposes only and B\u00e2tirente shall not be held liable for them. This website is under the legislative jurisdiction of [&hellip;]\" \/>\n<meta property=\"og:url\" content=\"https:\/\/www.batirente.com\/en\/legal-notice\/\" \/>\n<meta property=\"og:site_name\" content=\"B\u00e2tirente\" \/>\n<meta property=\"article:publisher\" content=\"https:\/\/www.facebook.com\/batirente\/\" \/>\n<meta property=\"article:modified_time\" content=\"2021-01-25T21:07:38+00:00\" \/>\n<meta name=\"twitter:card\" content=\"summary_large_image\" \/>\n<meta name=\"twitter:site\" content=\"@Batirente\" \/>\n<meta name=\"twitter:label1\" content=\"Est. reading time\" \/>\n\t<meta name=\"twitter:data1\" content=\"8 minutes\" \/>\n<script type=\"application\/ld+json\" class=\"yoast-schema-graph\">{\"@context\":\"https:\\\/\\\/schema.org\",\"@graph\":[{\"@type\":\"WebPage\",\"@id\":\"https:\\\/\\\/www.batirente.com\\\/en\\\/legal-notice\\\/\",\"url\":\"https:\\\/\\\/www.batirente.com\\\/en\\\/legal-notice\\\/\",\"name\":\"Legal notice - B\u00e2tirente\",\"isPartOf\":{\"@id\":\"https:\\\/\\\/www.batirente.com\\\/#website\"},\"datePublished\":\"2019-01-23T15:05:05+00:00\",\"dateModified\":\"2021-01-25T21:07:38+00:00\",\"breadcrumb\":{\"@id\":\"https:\\\/\\\/www.batirente.com\\\/en\\\/legal-notice\\\/#breadcrumb\"},\"inLanguage\":\"en-US\",\"potentialAction\":[{\"@type\":\"ReadAction\",\"target\":[\"https:\\\/\\\/www.batirente.com\\\/en\\\/legal-notice\\\/\"]}]},{\"@type\":\"BreadcrumbList\",\"@id\":\"https:\\\/\\\/www.batirente.com\\\/en\\\/legal-notice\\\/#breadcrumb\",\"itemListElement\":[{\"@type\":\"ListItem\",\"position\":1,\"name\":\"Accueil\",\"item\":\"https:\\\/\\\/www.batirente.com\\\/en\\\/\"},{\"@type\":\"ListItem\",\"position\":2,\"name\":\"Legal notice\"}]},{\"@type\":\"WebSite\",\"@id\":\"https:\\\/\\\/www.batirente.com\\\/#website\",\"url\":\"https:\\\/\\\/www.batirente.com\\\/\",\"name\":\"B\u00e2tirente\",\"description\":\"Ma retraite. Notre force.\",\"publisher\":{\"@id\":\"https:\\\/\\\/www.batirente.com\\\/#organization\"},\"potentialAction\":[{\"@type\":\"SearchAction\",\"target\":{\"@type\":\"EntryPoint\",\"urlTemplate\":\"https:\\\/\\\/www.batirente.com\\\/?s={search_term_string}\"},\"query-input\":{\"@type\":\"PropertyValueSpecification\",\"valueRequired\":true,\"valueName\":\"search_term_string\"}}],\"inLanguage\":\"en-US\"},{\"@type\":\"Organization\",\"@id\":\"https:\\\/\\\/www.batirente.com\\\/#organization\",\"name\":\"B\u00e2tirente\",\"url\":\"https:\\\/\\\/www.batirente.com\\\/\",\"logo\":{\"@type\":\"ImageObject\",\"inLanguage\":\"en-US\",\"@id\":\"https:\\\/\\\/www.batirente.com\\\/#\\\/schema\\\/logo\\\/image\\\/\",\"url\":\"https:\\\/\\\/www.batirente.com\\\/wp-content\\\/uploads\\\/2019\\\/01\\\/2017-logo.jpg\",\"contentUrl\":\"https:\\\/\\\/www.batirente.com\\\/wp-content\\\/uploads\\\/2019\\\/01\\\/2017-logo.jpg\",\"width\":750,\"height\":450,\"caption\":\"B\u00e2tirente\"},\"image\":{\"@id\":\"https:\\\/\\\/www.batirente.com\\\/#\\\/schema\\\/logo\\\/image\\\/\"},\"sameAs\":[\"https:\\\/\\\/www.facebook.com\\\/batirente\\\/\",\"https:\\\/\\\/x.com\\\/Batirente\",\"https:\\\/\\\/www.linkedin.com\\\/company\\\/batirente\"]}]}<\/script>\n<!-- \/ Yoast SEO plugin. -->","yoast_head_json":{"title":"Legal notice - B\u00e2tirente","robots":{"index":"index","follow":"follow","max-snippet":"max-snippet:-1","max-image-preview":"max-image-preview:large","max-video-preview":"max-video-preview:-1"},"canonical":"https:\/\/www.batirente.com\/en\/legal-notice\/","og_locale":"en_US","og_type":"article","og_title":"Legal notice - B\u00e2tirente","og_description":"Judicial advice By accessing and using this B\u00e2tirente website, you agree to be bound by the Legal Notice and to comply with the following Terms of Use. If you do not, you understand that you must not use this site. This Legal Notice covers the website directly managed by B\u00e2tirente (www.batirente.com) and does not cover any secure sites produced by its provider of administration services, Desjardins Financial Security Life Assurance Company, which are covered by their own legal notices. B\u00e2tirente refers to the Comit\u00e9 syndical national de retraite B\u00e2tirente inc. All information, trademarks and logos displayed on this website are protected by\u00a0copyright. B\u00e2tirente may at any time change or update the\u00a0information displayed on this website, which it provides for information purposes only. B\u00e2tirente shall not be held responsible for any harm\u00a0loss or damage\u00a0arising from the use of this site and the information contained therein. B\u00e2tirente cannot guarantee the availability of this site nor shall it be held responsible for\u00a0problems that may occur during its use. Links to other sites\u00a0appearing on this website, including those offering downloadable software, are provided for convenience purposes only and B\u00e2tirente shall not be held liable for them. This website is under the legislative jurisdiction of [&hellip;]","og_url":"https:\/\/www.batirente.com\/en\/legal-notice\/","og_site_name":"B\u00e2tirente","article_publisher":"https:\/\/www.facebook.com\/batirente\/","article_modified_time":"2021-01-25T21:07:38+00:00","twitter_card":"summary_large_image","twitter_site":"@Batirente","twitter_misc":{"Est. reading time":"8 minutes"},"schema":{"@context":"https:\/\/schema.org","@graph":[{"@type":"WebPage","@id":"https:\/\/www.batirente.com\/en\/legal-notice\/","url":"https:\/\/www.batirente.com\/en\/legal-notice\/","name":"Legal notice - B\u00e2tirente","isPartOf":{"@id":"https:\/\/www.batirente.com\/#website"},"datePublished":"2019-01-23T15:05:05+00:00","dateModified":"2021-01-25T21:07:38+00:00","breadcrumb":{"@id":"https:\/\/www.batirente.com\/en\/legal-notice\/#breadcrumb"},"inLanguage":"en-US","potentialAction":[{"@type":"ReadAction","target":["https:\/\/www.batirente.com\/en\/legal-notice\/"]}]},{"@type":"BreadcrumbList","@id":"https:\/\/www.batirente.com\/en\/legal-notice\/#breadcrumb","itemListElement":[{"@type":"ListItem","position":1,"name":"Accueil","item":"https:\/\/www.batirente.com\/en\/"},{"@type":"ListItem","position":2,"name":"Legal notice"}]},{"@type":"WebSite","@id":"https:\/\/www.batirente.com\/#website","url":"https:\/\/www.batirente.com\/","name":"B\u00e2tirente","description":"Ma retraite. Notre force.","publisher":{"@id":"https:\/\/www.batirente.com\/#organization"},"potentialAction":[{"@type":"SearchAction","target":{"@type":"EntryPoint","urlTemplate":"https:\/\/www.batirente.com\/?s={search_term_string}"},"query-input":{"@type":"PropertyValueSpecification","valueRequired":true,"valueName":"search_term_string"}}],"inLanguage":"en-US"},{"@type":"Organization","@id":"https:\/\/www.batirente.com\/#organization","name":"B\u00e2tirente","url":"https:\/\/www.batirente.com\/","logo":{"@type":"ImageObject","inLanguage":"en-US","@id":"https:\/\/www.batirente.com\/#\/schema\/logo\/image\/","url":"https:\/\/www.batirente.com\/wp-content\/uploads\/2019\/01\/2017-logo.jpg","contentUrl":"https:\/\/www.batirente.com\/wp-content\/uploads\/2019\/01\/2017-logo.jpg","width":750,"height":450,"caption":"B\u00e2tirente"},"image":{"@id":"https:\/\/www.batirente.com\/#\/schema\/logo\/image\/"},"sameAs":["https:\/\/www.facebook.com\/batirente\/","https:\/\/x.com\/Batirente","https:\/\/www.linkedin.com\/company\/batirente"]}]}},"_links":{"self":[{"href":"https:\/\/www.batirente.com\/en\/wp-json\/wp\/v2\/pages\/1552","targetHints":{"allow":["GET"]}}],"collection":[{"href":"https:\/\/www.batirente.com\/en\/wp-json\/wp\/v2\/pages"}],"about":[{"href":"https:\/\/www.batirente.com\/en\/wp-json\/wp\/v2\/types\/page"}],"author":[{"embeddable":true,"href":"https:\/\/www.batirente.com\/en\/wp-json\/wp\/v2\/users\/4"}],"replies":[{"embeddable":true,"href":"https:\/\/www.batirente.com\/en\/wp-json\/wp\/v2\/comments?post=1552"}],"version-history":[{"count":0,"href":"https:\/\/www.batirente.com\/en\/wp-json\/wp\/v2\/pages\/1552\/revisions"}],"wp:attachment":[{"href":"https:\/\/www.batirente.com\/en\/wp-json\/wp\/v2\/media?parent=1552"}],"curies":[{"name":"wp","href":"https:\/\/api.w.org\/{rel}","templated":true}]}}