{"id":310,"date":"2019-01-02T15:54:13","date_gmt":"2019-01-02T20:54:13","guid":{"rendered":"https:\/\/www.batirente.qc.ca\/batirente-funds\/"},"modified":"2024-08-05T16:32:23","modified_gmt":"2024-08-05T20:32:23","slug":"batirente-funds","status":"publish","type":"page","link":"https:\/\/www.batirente.com\/en\/batirente-funds\/","title":{"rendered":"B\u00e2tirente funds"},"content":{"rendered":"<p>[et_pb_section fb_built=&#8221;1&#8243; fullwidth=&#8221;on&#8221; _builder_version=&#8221;4.16&#8243; global_colors_info=&#8221;{}&#8221;][et_pb_fullwidth_image src=&#8221;https:\/\/www.batirente.com\/wp-content\/uploads\/2024\/08\/Frais-de-gestion-reduits.png&#8221; title_text=&#8221;Frais de gestion r\u00e9duits&#8221; _builder_version=&#8221;4.26.0&#8243; global_colors_info=&#8221;{}&#8221;][\/et_pb_fullwidth_image][\/et_pb_section][et_pb_section fb_built=&#8221;1&#8243; disabled_on=&#8221;off|off|off&#8221; _builder_version=&#8221;3.19.3&#8243; custom_padding=&#8221;||0px|&#8221; global_module=&#8221;148&#8243; global_colors_info=&#8221;{}&#8221;][et_pb_row _builder_version=&#8221;4.16&#8243; background_size=&#8221;initial&#8221; background_position=&#8221;top_left&#8221; background_repeat=&#8221;repeat&#8221; custom_padding=&#8221;||0px|&#8221; global_colors_info=&#8221;{}&#8221;][et_pb_column type=&#8221;4_4&#8243; _builder_version=&#8221;4.16&#8243; custom_padding=&#8221;|||&#8221; global_colors_info=&#8221;{}&#8221; custom_padding__hover=&#8221;|||&#8221;][et_pb_post_title meta=&#8221;off&#8221; featured_image=&#8221;off&#8221; disabled_on=&#8221;off|off|off&#8221; _builder_version=&#8221;4.16&#8243; global_colors_info=&#8221;{}&#8221;][\/et_pb_post_title][\/et_pb_column][\/et_pb_row][\/et_pb_section][et_pb_section fb_built=&#8221;1&#8243; _builder_version=&#8221;4.16&#8243; global_colors_info=&#8221;{}&#8221;][et_pb_row _builder_version=&#8221;4.16&#8243; background_size=&#8221;initial&#8221; background_position=&#8221;top_left&#8221; background_repeat=&#8221;repeat&#8221; global_colors_info=&#8221;{}&#8221;][et_pb_column type=&#8221;4_4&#8243; _builder_version=&#8221;4.16&#8243; custom_padding=&#8221;|||&#8221; global_colors_info=&#8221;{}&#8221; custom_padding__hover=&#8221;|||&#8221;][et_pb_text _builder_version=&#8221;4.16&#8243; global_colors_info=&#8221;{}&#8221;]<\/p>\n<p>All B\u00e2tirente funds are accessible to labour unions and organizations wishing to invest their assets. B\u00e2tirente uses a number of specialized management companies, most of them in Qu\u00e9bec, to manage its funds. The choice of these firms focuses on long-term results, but also on taking into account financial and extrafinancial risks, including environmental, social and governance (ESG) factors, in the investment process or by targeted investments for their positive social impact.<\/p>\n<p>Deciding where to invest is one of the most important steps in planning for retirement. When choosing your investments, don\u2019t put all your eggs in one basket. Diversify your investments and consider risk versus reward (or return).<\/p>\n<p>Answer three simple questions to determine which choice is best for you:<\/p>\n<ol>\n<li>Do you have the time necessary to understand your investment options, as well as monitor those options?<\/li>\n<li>Do you have a good understanding of investment principles, asset classes and associated risks?<\/li>\n<li>Would you like to create an investment strategy that is specific to your needs?<\/li>\n<\/ol>\n<p>If you answered &#8220;<strong>No<\/strong>&#8221; to at least one of the three questions, the <strong>Trajectory <\/strong><strong>lifecycle<\/strong><strong> path<\/strong>\u00a0may be your best choice for a simple, hassle-free approach.<\/p>\n<p>[\/et_pb_text][et_pb_toggle title=&#8221;TRAJECTORY, A LIFECYCLE PATH&#8221; admin_label=&#8221;Bascule Trajectoire&#8221; _builder_version=&#8221;4.16&#8243; border_radii=&#8221;off|||25px|&#8221; global_colors_info=&#8221;{}&#8221;]<\/p>\n<p>This is your simplest option. Your portfolio will match your age and investment horizon at all times. This strategy was designed by experts to provide you with optimal long-term returns based on the number of years to your retirement. Trajectory: peace of mind that pays!<\/p>\n<h2>HOW DOES IT WORK?<\/h2>\n<p>You\u2019ll be assigned a starter portfolio that matches your investor profile and based on your age. Your portfolio composition will change automatically over time and will become increasingly conservative as you approach retirement.<\/p>\n<ul>\n<li>Trajectory Secure Path<\/li>\n<li>Trajectory Balanced Path<\/li>\n<li>Trajectory Growth Path<\/li>\n<\/ul>\n<h2>WHAT ARE THE TRAJECTORY INVESTMENT OPTIONS?<\/h2>\n<p>Over time, Trajectory combines two out of the five B\u00e2tirente Diversified Funds. These are excellent vehicles for long-term retirement capital investment. As shown in the table on the next page, they are distributed over a variety of securities from all over the world and belong to many different asset categories to ensure good diversification.<\/p>\n<h2>TWO WAYS TO CHOOSE THE TRAJECTORY OPTION<\/h2>\n<ol>\n<li>Access your online account via the\u00a0<a class=\"btn-login btn-green\" href=\"https:\/\/www.batirente.com\/en\/my-account\/\">MY ACCOUNT<\/a>\u00a0button<\/li>\n<li>Contact the Member Services Centre at 1 800 463-6984, Monday to Friday, 8 a.m. to 8 p.m.<\/li>\n<\/ol>\n<p>[\/et_pb_toggle][et_pb_toggle title=&#8221;DIVERSIFIED FUNDS&#8221; admin_label=&#8221;Bascule Fonds diversifi\u00e9s&#8221; _builder_version=&#8221;4.16&#8243; border_radii=&#8221;off|||25px|&#8221; global_colors_info=&#8221;{}&#8221;]<\/p>\n<p>There is a B\u00e2tirente Diversified Fund for every investor profile. However, your investor profile is going to change over time. This means that if you choose a diversified fund as your investment option, you\u2019ll need to make sure to fill out the <strong><em>Investor profile\u00a0<\/em><\/strong> questionnaire at least once every two years to see if the selected fund still suits you.<\/p>\n<p><strong>B\u00e2tirente diversified funds<\/strong><\/p>\n<ul>\n<li><a href=\"https:\/\/www.erc-grs.dsf-dfs.com\/erc-grs\/App_Themes\/Theme_BATIRENTE\/en-CA\/Prospectus\/funds_0525.pdf\" target=\"_blank\" rel=\"noopener noreferrer\">Income<\/a><\/li>\n<li><a href=\"https:\/\/www.erc-grs.dsf-dfs.com\/erc-grs\/App_Themes\/Theme_BATIRENTE\/en-CA\/Prospectus\/funds_0526.pdf\" target=\"_blank\" rel=\"noopener noreferrer\">Patrimonial<\/a><\/li>\n<li><a href=\"https:\/\/www.erc-grs.dsf-dfs.com\/erc-grs\/App_Themes\/Theme_BATIRENTE\/en-CA\/Prospectus\/funds_0527.pdf\" target=\"_blank\" rel=\"noopener noreferrer\">Provident<\/a><\/li>\n<li><a href=\"https:\/\/www.erc-grs.dsf-dfs.com\/erc-grs\/App_Themes\/Theme_BATIRENTE\/en-CA\/Prospectus\/funds_0528.pdf\" target=\"_blank\" rel=\"noopener noreferrer\">Intrepid<\/a><\/li>\n<li><a href=\"https:\/\/www.erc-grs.dsf-dfs.com\/erc-grs\/App_Themes\/Theme_BATIRENTE\/en-CA\/Prospectus\/funds_0529.pdf\" target=\"_blank\" rel=\"noopener noreferrer\">Energetic<\/a><\/li>\n<\/ul>\n<p>[\/et_pb_toggle][et_pb_toggle title=&#8221;COMBINATION OF FUNDS&#8221; admin_label=&#8221;Bascule Fonds \u00e0 la carte&#8221; _builder_version=&#8221;4.16&#8243; border_radii=&#8221;off|||25px|&#8221; global_colors_info=&#8221;{}&#8221;]<\/p>\n<p>You can create your own combination of B\u00e2tirente Funds if you have the skills required to do so or if you get help from a personal advisor to build and monitor your portfolio.<\/p>\n<p><strong>Fixed income securities<\/strong><\/p>\n<ul>\n<li><a href=\"https:\/\/www.erc-grs.dsf-dfs.com\/erc-grs\/App_Themes\/Theme_BATIRENTE\/en-CA\/Prospectus\/funds_0530.pdf\" target=\"_blank\" rel=\"noopener noreferrer\">Money Market<\/a><\/li>\n<li><a href=\"https:\/\/www.erc-grs.dsf-dfs.com\/erc-grs\/App_Themes\/Theme_BATIRENTE\/en-CA\/Prospectus\/funds_0531.pdf\" target=\"_blank\" rel=\"noopener noreferrer\">Treasury Multi<\/a><\/li>\n<li><a href=\"https:\/\/www.erc-grs.dsf-dfs.com\/erc-grs\/App_Themes\/Theme_BATIRENTE\/en-CA\/Prospectus\/funds_0532.pdf\" target=\"_blank\" rel=\"noopener noreferrer\">Bond Multi<\/a><\/li>\n<\/ul>\n<p><strong>Equity<\/strong><\/p>\n<ul>\n<li><a href=\"https:\/\/www.erc-grs.dsf-dfs.com\/erc-grs\/App_Themes\/Theme_BATIRENTE\/en-CA\/Prospectus\/funds_0533.pdf\" target=\"_blank\" rel=\"noopener noreferrer\">Canadian Equity Multi<\/a><\/li>\n<li><a href=\"https:\/\/www.erc-grs.dsf-dfs.com\/erc-grs\/App_Themes\/Theme_BATIRENTE\/en-CA\/Prospectus\/funds_0534.pdf\" target=\"_blank\" rel=\"noopener noreferrer\">Global Equity Multi<\/a><\/li>\n<li><a href=\"https:\/\/www.erc-grs.dsf-dfs.com\/erc-grs\/App_Themes\/Theme_BATIRENTE\/en-CA\/Prospectus\/funds_0535.pdf\" target=\"_blank\" rel=\"noopener noreferrer\">Global Small Cap Equity Multi<\/a><\/li>\n<\/ul>\n<p><strong>Redeemable guaranteed funds<\/strong><\/p>\n<ul>\n<li>5-year Guaranteed Fund<\/li>\n<li>3-year Guaranteed Fund<\/li>\n<li>1-year Guaranteed Fund<\/li>\n<\/ul>\n<p>[\/et_pb_toggle][\/et_pb_column][\/et_pb_row][\/et_pb_section]<\/p>\n","protected":false},"excerpt":{"rendered":"<p>All B\u00e2tirente funds are accessible to labour unions and organizations wishing to invest their assets. B\u00e2tirente uses a number of specialized management companies, most of them in Qu\u00e9bec, to manage its funds. The choice of these firms focuses on long-term results, but also on taking into account financial and extrafinancial risks, including environmental, social and governance (ESG) factors, in the investment process or by targeted investments for their positive social impact. Deciding where to invest is one of the most important steps in planning for retirement. When choosing your investments, don\u2019t put all your eggs in one basket. Diversify your investments and consider risk versus reward (or return). Answer three simple questions to determine which choice is best for you: Do you have the time necessary to understand your investment options, as well as monitor those options? Do you have a good understanding of investment principles, asset classes and associated risks? Would you like to create an investment strategy that is specific to your needs? If you answered &#8220;No&#8221; to at least one of the three questions, the Trajectory lifecycle path\u00a0may be your best choice for a simple, hassle-free approach.This is your simplest option. Your portfolio will match your age [&hellip;]<\/p>\n","protected":false},"author":4,"featured_media":0,"parent":0,"menu_order":0,"comment_status":"closed","ping_status":"closed","template":"","meta":{"_acf_changed":false,"_et_pb_use_builder":"on","_et_pb_old_content":"","_et_gb_content_width":"","inline_featured_image":false,"footnotes":""},"class_list":["post-310","page","type-page","status-publish","hentry"],"acf":[],"yoast_head":"<!-- This site is optimized with the Yoast SEO plugin v27.3 - https:\/\/yoast.com\/product\/yoast-seo-wordpress\/ -->\n<title>B\u00e2tirente funds - B\u00e2tirente<\/title>\n<meta name=\"robots\" content=\"index, follow, max-snippet:-1, max-image-preview:large, max-video-preview:-1\" \/>\n<link rel=\"canonical\" href=\"https:\/\/www.batirente.com\/en\/batirente-funds\/\" \/>\n<meta property=\"og:locale\" content=\"en_US\" \/>\n<meta property=\"og:type\" content=\"article\" \/>\n<meta property=\"og:title\" content=\"B\u00e2tirente funds - B\u00e2tirente\" \/>\n<meta property=\"og:description\" content=\"All B\u00e2tirente funds are accessible to labour unions and organizations wishing to invest their assets. B\u00e2tirente uses a number of specialized management companies, most of them in Qu\u00e9bec, to manage its funds. The choice of these firms focuses on long-term results, but also on taking into account financial and extrafinancial risks, including environmental, social and governance (ESG) factors, in the investment process or by targeted investments for their positive social impact. Deciding where to invest is one of the most important steps in planning for retirement. When choosing your investments, don\u2019t put all your eggs in one basket. Diversify your investments and consider risk versus reward (or return). Answer three simple questions to determine which choice is best for you: Do you have the time necessary to understand your investment options, as well as monitor those options? Do you have a good understanding of investment principles, asset classes and associated risks? Would you like to create an investment strategy that is specific to your needs? If you answered &quot;No&quot; to at least one of the three questions, the Trajectory lifecycle path\u00a0may be your best choice for a simple, hassle-free approach.This is your simplest option. Your portfolio will match your age [&hellip;]\" \/>\n<meta property=\"og:url\" content=\"https:\/\/www.batirente.com\/en\/batirente-funds\/\" \/>\n<meta property=\"og:site_name\" content=\"B\u00e2tirente\" \/>\n<meta property=\"article:publisher\" content=\"https:\/\/www.facebook.com\/batirente\/\" \/>\n<meta property=\"article:modified_time\" content=\"2024-08-05T20:32:23+00:00\" \/>\n<meta name=\"twitter:card\" content=\"summary_large_image\" \/>\n<meta name=\"twitter:site\" content=\"@Batirente\" \/>\n<meta name=\"twitter:label1\" content=\"Est. reading time\" \/>\n\t<meta name=\"twitter:data1\" content=\"4 minutes\" \/>\n<script type=\"application\/ld+json\" class=\"yoast-schema-graph\">{\"@context\":\"https:\\\/\\\/schema.org\",\"@graph\":[{\"@type\":\"WebPage\",\"@id\":\"https:\\\/\\\/www.batirente.com\\\/en\\\/batirente-funds\\\/\",\"url\":\"https:\\\/\\\/www.batirente.com\\\/en\\\/batirente-funds\\\/\",\"name\":\"B\u00e2tirente funds - B\u00e2tirente\",\"isPartOf\":{\"@id\":\"https:\\\/\\\/www.batirente.com\\\/#website\"},\"datePublished\":\"2019-01-02T20:54:13+00:00\",\"dateModified\":\"2024-08-05T20:32:23+00:00\",\"breadcrumb\":{\"@id\":\"https:\\\/\\\/www.batirente.com\\\/en\\\/batirente-funds\\\/#breadcrumb\"},\"inLanguage\":\"en-US\",\"potentialAction\":[{\"@type\":\"ReadAction\",\"target\":[\"https:\\\/\\\/www.batirente.com\\\/en\\\/batirente-funds\\\/\"]}]},{\"@type\":\"BreadcrumbList\",\"@id\":\"https:\\\/\\\/www.batirente.com\\\/en\\\/batirente-funds\\\/#breadcrumb\",\"itemListElement\":[{\"@type\":\"ListItem\",\"position\":1,\"name\":\"Accueil\",\"item\":\"https:\\\/\\\/www.batirente.com\\\/en\\\/\"},{\"@type\":\"ListItem\",\"position\":2,\"name\":\"B\u00e2tirente funds\"}]},{\"@type\":\"WebSite\",\"@id\":\"https:\\\/\\\/www.batirente.com\\\/#website\",\"url\":\"https:\\\/\\\/www.batirente.com\\\/\",\"name\":\"B\u00e2tirente\",\"description\":\"Ma retraite. Notre force.\",\"publisher\":{\"@id\":\"https:\\\/\\\/www.batirente.com\\\/#organization\"},\"potentialAction\":[{\"@type\":\"SearchAction\",\"target\":{\"@type\":\"EntryPoint\",\"urlTemplate\":\"https:\\\/\\\/www.batirente.com\\\/?s={search_term_string}\"},\"query-input\":{\"@type\":\"PropertyValueSpecification\",\"valueRequired\":true,\"valueName\":\"search_term_string\"}}],\"inLanguage\":\"en-US\"},{\"@type\":\"Organization\",\"@id\":\"https:\\\/\\\/www.batirente.com\\\/#organization\",\"name\":\"B\u00e2tirente\",\"url\":\"https:\\\/\\\/www.batirente.com\\\/\",\"logo\":{\"@type\":\"ImageObject\",\"inLanguage\":\"en-US\",\"@id\":\"https:\\\/\\\/www.batirente.com\\\/#\\\/schema\\\/logo\\\/image\\\/\",\"url\":\"https:\\\/\\\/www.batirente.com\\\/wp-content\\\/uploads\\\/2019\\\/01\\\/2017-logo.jpg\",\"contentUrl\":\"https:\\\/\\\/www.batirente.com\\\/wp-content\\\/uploads\\\/2019\\\/01\\\/2017-logo.jpg\",\"width\":750,\"height\":450,\"caption\":\"B\u00e2tirente\"},\"image\":{\"@id\":\"https:\\\/\\\/www.batirente.com\\\/#\\\/schema\\\/logo\\\/image\\\/\"},\"sameAs\":[\"https:\\\/\\\/www.facebook.com\\\/batirente\\\/\",\"https:\\\/\\\/x.com\\\/Batirente\",\"https:\\\/\\\/www.linkedin.com\\\/company\\\/batirente\"]}]}<\/script>\n<!-- \/ Yoast SEO plugin. -->","yoast_head_json":{"title":"B\u00e2tirente funds - B\u00e2tirente","robots":{"index":"index","follow":"follow","max-snippet":"max-snippet:-1","max-image-preview":"max-image-preview:large","max-video-preview":"max-video-preview:-1"},"canonical":"https:\/\/www.batirente.com\/en\/batirente-funds\/","og_locale":"en_US","og_type":"article","og_title":"B\u00e2tirente funds - B\u00e2tirente","og_description":"All B\u00e2tirente funds are accessible to labour unions and organizations wishing to invest their assets. B\u00e2tirente uses a number of specialized management companies, most of them in Qu\u00e9bec, to manage its funds. The choice of these firms focuses on long-term results, but also on taking into account financial and extrafinancial risks, including environmental, social and governance (ESG) factors, in the investment process or by targeted investments for their positive social impact. Deciding where to invest is one of the most important steps in planning for retirement. When choosing your investments, don\u2019t put all your eggs in one basket. Diversify your investments and consider risk versus reward (or return). Answer three simple questions to determine which choice is best for you: Do you have the time necessary to understand your investment options, as well as monitor those options? Do you have a good understanding of investment principles, asset classes and associated risks? Would you like to create an investment strategy that is specific to your needs? If you answered \"No\" to at least one of the three questions, the Trajectory lifecycle path\u00a0may be your best choice for a simple, hassle-free approach.This is your simplest option. Your portfolio will match your age [&hellip;]","og_url":"https:\/\/www.batirente.com\/en\/batirente-funds\/","og_site_name":"B\u00e2tirente","article_publisher":"https:\/\/www.facebook.com\/batirente\/","article_modified_time":"2024-08-05T20:32:23+00:00","twitter_card":"summary_large_image","twitter_site":"@Batirente","twitter_misc":{"Est. reading time":"4 minutes"},"schema":{"@context":"https:\/\/schema.org","@graph":[{"@type":"WebPage","@id":"https:\/\/www.batirente.com\/en\/batirente-funds\/","url":"https:\/\/www.batirente.com\/en\/batirente-funds\/","name":"B\u00e2tirente funds - B\u00e2tirente","isPartOf":{"@id":"https:\/\/www.batirente.com\/#website"},"datePublished":"2019-01-02T20:54:13+00:00","dateModified":"2024-08-05T20:32:23+00:00","breadcrumb":{"@id":"https:\/\/www.batirente.com\/en\/batirente-funds\/#breadcrumb"},"inLanguage":"en-US","potentialAction":[{"@type":"ReadAction","target":["https:\/\/www.batirente.com\/en\/batirente-funds\/"]}]},{"@type":"BreadcrumbList","@id":"https:\/\/www.batirente.com\/en\/batirente-funds\/#breadcrumb","itemListElement":[{"@type":"ListItem","position":1,"name":"Accueil","item":"https:\/\/www.batirente.com\/en\/"},{"@type":"ListItem","position":2,"name":"B\u00e2tirente funds"}]},{"@type":"WebSite","@id":"https:\/\/www.batirente.com\/#website","url":"https:\/\/www.batirente.com\/","name":"B\u00e2tirente","description":"Ma retraite. Notre force.","publisher":{"@id":"https:\/\/www.batirente.com\/#organization"},"potentialAction":[{"@type":"SearchAction","target":{"@type":"EntryPoint","urlTemplate":"https:\/\/www.batirente.com\/?s={search_term_string}"},"query-input":{"@type":"PropertyValueSpecification","valueRequired":true,"valueName":"search_term_string"}}],"inLanguage":"en-US"},{"@type":"Organization","@id":"https:\/\/www.batirente.com\/#organization","name":"B\u00e2tirente","url":"https:\/\/www.batirente.com\/","logo":{"@type":"ImageObject","inLanguage":"en-US","@id":"https:\/\/www.batirente.com\/#\/schema\/logo\/image\/","url":"https:\/\/www.batirente.com\/wp-content\/uploads\/2019\/01\/2017-logo.jpg","contentUrl":"https:\/\/www.batirente.com\/wp-content\/uploads\/2019\/01\/2017-logo.jpg","width":750,"height":450,"caption":"B\u00e2tirente"},"image":{"@id":"https:\/\/www.batirente.com\/#\/schema\/logo\/image\/"},"sameAs":["https:\/\/www.facebook.com\/batirente\/","https:\/\/x.com\/Batirente","https:\/\/www.linkedin.com\/company\/batirente"]}]}},"_links":{"self":[{"href":"https:\/\/www.batirente.com\/en\/wp-json\/wp\/v2\/pages\/310","targetHints":{"allow":["GET"]}}],"collection":[{"href":"https:\/\/www.batirente.com\/en\/wp-json\/wp\/v2\/pages"}],"about":[{"href":"https:\/\/www.batirente.com\/en\/wp-json\/wp\/v2\/types\/page"}],"author":[{"embeddable":true,"href":"https:\/\/www.batirente.com\/en\/wp-json\/wp\/v2\/users\/4"}],"replies":[{"embeddable":true,"href":"https:\/\/www.batirente.com\/en\/wp-json\/wp\/v2\/comments?post=310"}],"version-history":[{"count":0,"href":"https:\/\/www.batirente.com\/en\/wp-json\/wp\/v2\/pages\/310\/revisions"}],"wp:attachment":[{"href":"https:\/\/www.batirente.com\/en\/wp-json\/wp\/v2\/media?parent=310"}],"curies":[{"name":"wp","href":"https:\/\/api.w.org\/{rel}","templated":true}]}}