{"id":6082,"date":"2021-06-15T11:18:12","date_gmt":"2021-06-15T15:18:12","guid":{"rendered":"https:\/\/www.batirente.com\/?page_id=6082"},"modified":"2023-05-26T11:32:20","modified_gmt":"2023-05-26T15:32:20","slug":"our-builders","status":"publish","type":"page","link":"https:\/\/www.batirente.com\/en\/our-builders\/","title":{"rendered":"Our builders"},"content":{"rendered":"<p>[et_pb_section fb_built=&#8221;1&#8243; fullwidth=&#8221;on&#8221; _builder_version=&#8221;4.16&#8243; locked=&#8221;off&#8221; global_colors_info=&#8221;{}&#8221;][et_pb_fullwidth_image src=&#8221;https:\/\/www.batirente.com\/wp-content\/uploads\/2022\/09\/batisseurs_5.jpg&#8221; title_text=&#8221;batisseurs_2&#8243; _builder_version=&#8221;4.18.0&#8243; global_colors_info=&#8221;{}&#8221;][\/et_pb_fullwidth_image][\/et_pb_section][et_pb_section fb_built=&#8221;1&#8243; disabled_on=&#8221;off|off|off&#8221; _builder_version=&#8221;3.19.3&#8243; custom_padding=&#8221;||0px|&#8221; global_module=&#8221;148&#8243; collapsed=&#8221;off&#8221; global_colors_info=&#8221;{}&#8221;][et_pb_row _builder_version=&#8221;4.16&#8243; background_size=&#8221;initial&#8221; background_position=&#8221;top_left&#8221; background_repeat=&#8221;repeat&#8221; custom_padding=&#8221;||0px|&#8221; global_colors_info=&#8221;{}&#8221;][et_pb_column type=&#8221;4_4&#8243; _builder_version=&#8221;4.16&#8243; custom_padding=&#8221;|||&#8221; global_colors_info=&#8221;{}&#8221; custom_padding__hover=&#8221;|||&#8221;][et_pb_post_title meta=&#8221;off&#8221; featured_image=&#8221;off&#8221; disabled_on=&#8221;off|off|off&#8221; _builder_version=&#8221;4.16&#8243; global_colors_info=&#8221;{}&#8221;][\/et_pb_post_title][\/et_pb_column][\/et_pb_row][\/et_pb_section][et_pb_section fb_built=&#8221;1&#8243; _builder_version=&#8221;4.16&#8243; global_colors_info=&#8221;{}&#8221;][et_pb_row _builder_version=&#8221;4.16&#8243; background_color=&#8221;#FFFFFF&#8221; background_size=&#8221;initial&#8221; background_position=&#8221;top_left&#8221; background_repeat=&#8221;repeat&#8221; global_colors_info=&#8221;{}&#8221;][et_pb_column type=&#8221;4_4&#8243; _builder_version=&#8221;4.16&#8243; custom_padding=&#8221;|||&#8221; global_colors_info=&#8221;{}&#8221; custom_padding__hover=&#8221;|||&#8221;][et_pb_text _builder_version=&#8221;4.16&#8243; global_colors_info=&#8221;{}&#8221;]<\/p>\n<p>A forward-looking organization, B\u00e2tirente is also very proud of its roots. At the 2020 annual general meeting, Pierre Patry, then Chair of the Board of Directors, unveiled the creation of an honour roll as a tribute to the organization\u2019s Builders. The honour roll highlights the Builders and their exceptional contributions that have enabled B\u00e2tirente to successfully carry out its mission today. B\u00e2tirente was created through the will of CSN activists who, in the 1980s, remained committed to the idea of offering a group retirement plan to the affiliated members of the CSN. This honour roll, titled <em>Nos B\u00e2tisseurs et B\u00e2tisseuses<\/em> (Our Builders), was established to pay tribute to these key individuals.<\/p>\n<p>[\/et_pb_text][\/et_pb_column][\/et_pb_row][et_pb_row _builder_version=&#8221;4.16&#8243; _module_preset=&#8221;default&#8221; global_colors_info=&#8221;{}&#8221;][et_pb_column type=&#8221;4_4&#8243; _builder_version=&#8221;4.16&#8243; _module_preset=&#8221;default&#8221; global_colors_info=&#8221;{}&#8221;][et_pb_team_member name=&#8221;L\u00e9opold Beaulieu&#8221; image_url=&#8221;https:\/\/www.batirente.com\/wp-content\/uploads\/2021\/06\/Leopold-Beaulieu-e1623442629316.jpg&#8221; admin_label=&#8221;personne Leopold beaulieu&#8221; _builder_version=&#8221;4.16&#8243; _module_preset=&#8221;default&#8221; header_font_size=&#8221;24px&#8221; position_font=&#8221;|700|||||||&#8221; position_text_color=&#8221;#333333&#8243; custom_padding=&#8221;15px|15px|15px|15px|true|true&#8221; border_radii=&#8221;off|||60px|&#8221; border_width_all=&#8221;1px&#8221; border_color_all=&#8221;#D6D6D6&#8243; global_colors_info=&#8221;{}&#8221;]<\/p>\n<p><strong>Chair of the Board (1987-1999)<br \/>Board Member (2000-2020)<\/strong><\/p>\n<p>L\u00e9opold Beaulieu was the first nominee inducted into the Builders&#8217; Honour Roll. Mr. Beaulieu, one of the three founders of B\u00e2tirente and former President and CEO of Fondaction, left the Board of Directors in 2020 after serving for 33 continuous years, including his role of Chaiman from 1987 to 1999. L\u00e9opold Beaulieu\u2019s nomination is an evocative demonstration of his place in B\u00e2tirente\u2019s history.<\/p>\n<p>Before his retirement in January 2020, L\u00e9opold Beaulieu was President and CEO of Fondaction, the Fund for cooperation and employment of the CSN, since its inception in 1996. Treasurer of the CSN from 1976 to 1996, he was instrumental in the creation of several of the CSN\u2019s economic intervention tools, such as the Caisse d\u2019\u00e9conomie solidaire Desjardins, MCE Conseils, B\u00e2tirente and Fondaction. From 1988 to 1995, he was B\u00e2tirente\u2019s Chairman of the Board of Directors, and has since remained on the Board as a representative of the CSN. He is President of the Centre for Interdisciplinary Research and Information on Community Enterprises (CIRIEC-Canada) and Honorary President of CIRIEC International. First Vice-President of the Caisse d\u2019\u00e9conomie solidaire, he is also a member of the Table de concertation et de proximit\u00e9 of Group Caisses within the F\u00e9d\u00e9ration des caisses Desjardins du Qu\u00e9bec and Secretary of the Foundation pour l\u2019\u00e9ducation \u00e0 la coop\u00e9ration et \u00e0 la mutualit\u00e9.<\/p>\n<p>[\/et_pb_team_member][et_pb_team_member name=&#8221;Claude Rioux&#8221; image_url=&#8221;https:\/\/www.batirente.com\/wp-content\/uploads\/2021\/06\/Claude-Rioux-e1623442648985.jpg&#8221; admin_label=&#8221;personne claude rioux&#8221; _builder_version=&#8221;4.18.0&#8243; _module_preset=&#8221;default&#8221; header_font_size=&#8221;24px&#8221; position_font=&#8221;|700|||||||&#8221; position_text_color=&#8221;#333333&#8243; custom_padding=&#8221;15px|15px|15px|15px|true|true&#8221; border_radii=&#8221;off|||60px|&#8221; border_width_all=&#8221;1px&#8221; border_color_all=&#8221;#D6D6D6&#8243; global_colors_info=&#8221;{}&#8221;]<\/p>\n<p><strong>Board Secretary (1987-2004)<\/strong><\/p>\n<p>Claude Rioux was inducted into the Builders\u2019 Honour Roll in 2021. Mr. Rioux, one of the three founders of B\u00e2tirente, served as secretary of the board from 1987 to 2004.<\/p>\n<p>[\/et_pb_team_member][et_pb_team_member name=&#8221;Jacques Allard&#8221; image_url=&#8221;https:\/\/www.batirente.com\/wp-content\/uploads\/2021\/06\/Jacques-Allard-e1623442597175.jpg&#8221; admin_label=&#8221;personne jacques allard&#8221; _builder_version=&#8221;4.18.0&#8243; _module_preset=&#8221;default&#8221; header_font_size=&#8221;24px&#8221; position_font=&#8221;|700|||||||&#8221; position_text_color=&#8221;#333333&#8243; custom_padding=&#8221;15px|15px|15px|15px|true|true&#8221; border_radii=&#8221;off|||60px|&#8221; border_width_all=&#8221;1px&#8221; border_color_all=&#8221;#D6D6D6&#8243; global_colors_info=&#8221;{}&#8221;]<\/p>\n<p><strong>Board Member (1987-2001)<\/strong><\/p>\n<p>Jacques Allard was inducted into the Builders\u2019 Honour Roll in 2021. Mr. Allard, one of the three founders of B\u00e2tirente, served as a board member from 1987 to 2001.<\/p>\n<p>[\/et_pb_team_member][et_pb_team_member name=&#8221;Daniel Simard&#8221; image_url=&#8221;https:\/\/www.batirente.com\/wp-content\/uploads\/2022\/09\/DanielSimard_BW.png&#8221; admin_label=&#8221;personne daniel simard&#8221; _builder_version=&#8221;4.18.0&#8243; _module_preset=&#8221;default&#8221; header_font_size=&#8221;24px&#8221; position_font=&#8221;|700|||||||&#8221; position_text_color=&#8221;#333333&#8243; custom_padding=&#8221;15px|15px|15px|15px|true|true&#8221; border_radii=&#8221;off|||60px|&#8221; border_width_all=&#8221;1px&#8221; border_color_all=&#8221;#D6D6D6&#8243; global_colors_info=&#8221;{}&#8221;]<\/p>\n<p><strong>Chief Executive Officer (1995-2021)<br \/>Board Member Ex-Officio (1995-2021)<br \/>Board Member (1988-1995)<\/strong><\/p>\n<p>Daniel Simard was named to the Honor Roll of Builders in 2022. A member of B\u00e2tirente\u2019s Board of Directors since its establishment in 1988, Mr. Simard was ensuring its general co-ordination from 1995 to 2021.<\/p>\n<p>From 1978 to 1995, he worked within the CSN in areas of collective bargaining, benefit plans and labour court representation. He was a member of the Board of Directors of the UN Principles for Responsible Investment (PRI) from 2006 to 2015. He was also a member of the Board of Directors of SSQ Life Insurance Inc. from 1994 to 2005, where he was called upon to chair both the Audit Committee and the Ethics Committee.<\/p>\n<p>[\/et_pb_team_member][et_pb_team_member name=&#8221;Pierre Patry&#8221; image_url=&#8221;https:\/\/www.batirente.com\/wp-content\/uploads\/2023\/05\/PierrePatry_bw.jpg&#8221; admin_label=&#8221;personne pierre patry&#8221; _builder_version=&#8221;4.18.0&#8243; _module_preset=&#8221;default&#8221; header_font_size=&#8221;24px&#8221; position_font=&#8221;|700|||||||&#8221; position_text_color=&#8221;#333333&#8243; custom_padding=&#8221;15px|15px|15px|15px|true|true&#8221; hover_enabled=&#8221;0&#8243; border_radii=&#8221;off|||60px|&#8221; border_width_all=&#8221;1px&#8221; border_color_all=&#8221;#D6D6D6&#8243; global_colors_info=&#8221;{}&#8221; sticky_enabled=&#8221;0&#8243;]<\/p>\n<p><strong>Chair (2004-2021)<\/strong><\/p>\n<p>Pierre Patry was named to the Honor Roll of Builders in 2023. He chaired the B\u00e2tirente Board of Directors from 2004 to 2021.<\/p>\n<p>Mr. Patry was Treasurer of the Conf\u00e9d\u00e9ration des syndicats nationaux (CSN) from 2004 to 2020. He previously held the positions of President of the Saint-F\u00e9licien College Teachers&#8217; Union, then Secretary-Treasurer and President of the F\u00e9d\u00e9ration nationale des enseignantes et des enseignants du Qu\u00e9bec (FNEEQ). He has also served on the boards of directors of MCE Conseils, Filaction and Fondaction.<\/p>\n<p>[\/et_pb_team_member][\/et_pb_column][\/et_pb_row][\/et_pb_section]<\/p>\n","protected":false},"excerpt":{"rendered":"<p>A forward-looking organization, B\u00e2tirente is also very proud of its roots. At the 2020 annual general meeting, Pierre Patry, then Chair of the Board of Directors, unveiled the creation of an honour roll as a tribute to the organization\u2019s Builders. The honour roll highlights the Builders and their exceptional contributions that have enabled B\u00e2tirente to successfully carry out its mission today. B\u00e2tirente was created through the will of CSN activists who, in the 1980s, remained committed to the idea of offering a group retirement plan to the affiliated members of the CSN. This honour roll, titled Nos B\u00e2tisseurs et B\u00e2tisseuses (Our Builders), was established to pay tribute to these key individuals.Chair of the Board (1987-1999)Board Member (2000-2020) L\u00e9opold Beaulieu was the first nominee inducted into the Builders&#8217; Honour Roll. Mr. Beaulieu, one of the three founders of B\u00e2tirente and former President and CEO of Fondaction, left the Board of Directors in 2020 after serving for 33 continuous years, including his role of Chaiman from 1987 to 1999. L\u00e9opold Beaulieu\u2019s nomination is an evocative demonstration of his place in B\u00e2tirente\u2019s history. Before his retirement in January 2020, L\u00e9opold Beaulieu was President and CEO of Fondaction, the Fund for cooperation and employment [&hellip;]<\/p>\n","protected":false},"author":3,"featured_media":0,"parent":0,"menu_order":0,"comment_status":"closed","ping_status":"closed","template":"","meta":{"_acf_changed":false,"_et_pb_use_builder":"on","_et_pb_old_content":"","_et_gb_content_width":"","inline_featured_image":false,"footnotes":""},"class_list":["post-6082","page","type-page","status-publish","hentry"],"acf":[],"yoast_head":"<!-- This site is optimized with the Yoast SEO plugin v27.3 - https:\/\/yoast.com\/product\/yoast-seo-wordpress\/ -->\n<title>Our builders - B\u00e2tirente<\/title>\n<meta name=\"robots\" content=\"index, follow, max-snippet:-1, max-image-preview:large, max-video-preview:-1\" \/>\n<link rel=\"canonical\" href=\"https:\/\/www.batirente.com\/en\/our-builders\/\" \/>\n<meta property=\"og:locale\" content=\"en_US\" \/>\n<meta property=\"og:type\" content=\"article\" \/>\n<meta property=\"og:title\" content=\"Our builders - B\u00e2tirente\" \/>\n<meta property=\"og:description\" content=\"A forward-looking organization, B\u00e2tirente is also very proud of its roots. At the 2020 annual general meeting, Pierre Patry, then Chair of the Board of Directors, unveiled the creation of an honour roll as a tribute to the organization\u2019s Builders. The honour roll highlights the Builders and their exceptional contributions that have enabled B\u00e2tirente to successfully carry out its mission today. B\u00e2tirente was created through the will of CSN activists who, in the 1980s, remained committed to the idea of offering a group retirement plan to the affiliated members of the CSN. This honour roll, titled Nos B\u00e2tisseurs et B\u00e2tisseuses (Our Builders), was established to pay tribute to these key individuals.Chair of the Board (1987-1999)Board Member (2000-2020) L\u00e9opold Beaulieu was the first nominee inducted into the Builders&#039; Honour Roll. Mr. Beaulieu, one of the three founders of B\u00e2tirente and former President and CEO of Fondaction, left the Board of Directors in 2020 after serving for 33 continuous years, including his role of Chaiman from 1987 to 1999. L\u00e9opold Beaulieu\u2019s nomination is an evocative demonstration of his place in B\u00e2tirente\u2019s history. Before his retirement in January 2020, L\u00e9opold Beaulieu was President and CEO of Fondaction, the Fund for cooperation and employment [&hellip;]\" \/>\n<meta property=\"og:url\" content=\"https:\/\/www.batirente.com\/en\/our-builders\/\" \/>\n<meta property=\"og:site_name\" content=\"B\u00e2tirente\" \/>\n<meta property=\"article:publisher\" content=\"https:\/\/www.facebook.com\/batirente\/\" \/>\n<meta property=\"article:modified_time\" content=\"2023-05-26T15:32:20+00:00\" \/>\n<meta name=\"twitter:card\" content=\"summary_large_image\" \/>\n<meta name=\"twitter:site\" content=\"@Batirente\" \/>\n<meta name=\"twitter:label1\" content=\"Est. reading time\" \/>\n\t<meta name=\"twitter:data1\" content=\"4 minutes\" \/>\n<script type=\"application\/ld+json\" class=\"yoast-schema-graph\">{\"@context\":\"https:\\\/\\\/schema.org\",\"@graph\":[{\"@type\":\"WebPage\",\"@id\":\"https:\\\/\\\/www.batirente.com\\\/en\\\/our-builders\\\/\",\"url\":\"https:\\\/\\\/www.batirente.com\\\/en\\\/our-builders\\\/\",\"name\":\"Our builders - B\u00e2tirente\",\"isPartOf\":{\"@id\":\"https:\\\/\\\/www.batirente.com\\\/#website\"},\"datePublished\":\"2021-06-15T15:18:12+00:00\",\"dateModified\":\"2023-05-26T15:32:20+00:00\",\"breadcrumb\":{\"@id\":\"https:\\\/\\\/www.batirente.com\\\/en\\\/our-builders\\\/#breadcrumb\"},\"inLanguage\":\"en-US\",\"potentialAction\":[{\"@type\":\"ReadAction\",\"target\":[\"https:\\\/\\\/www.batirente.com\\\/en\\\/our-builders\\\/\"]}]},{\"@type\":\"BreadcrumbList\",\"@id\":\"https:\\\/\\\/www.batirente.com\\\/en\\\/our-builders\\\/#breadcrumb\",\"itemListElement\":[{\"@type\":\"ListItem\",\"position\":1,\"name\":\"Accueil\",\"item\":\"https:\\\/\\\/www.batirente.com\\\/en\\\/\"},{\"@type\":\"ListItem\",\"position\":2,\"name\":\"Our builders\"}]},{\"@type\":\"WebSite\",\"@id\":\"https:\\\/\\\/www.batirente.com\\\/#website\",\"url\":\"https:\\\/\\\/www.batirente.com\\\/\",\"name\":\"B\u00e2tirente\",\"description\":\"Ma retraite. Notre force.\",\"publisher\":{\"@id\":\"https:\\\/\\\/www.batirente.com\\\/#organization\"},\"potentialAction\":[{\"@type\":\"SearchAction\",\"target\":{\"@type\":\"EntryPoint\",\"urlTemplate\":\"https:\\\/\\\/www.batirente.com\\\/?s={search_term_string}\"},\"query-input\":{\"@type\":\"PropertyValueSpecification\",\"valueRequired\":true,\"valueName\":\"search_term_string\"}}],\"inLanguage\":\"en-US\"},{\"@type\":\"Organization\",\"@id\":\"https:\\\/\\\/www.batirente.com\\\/#organization\",\"name\":\"B\u00e2tirente\",\"url\":\"https:\\\/\\\/www.batirente.com\\\/\",\"logo\":{\"@type\":\"ImageObject\",\"inLanguage\":\"en-US\",\"@id\":\"https:\\\/\\\/www.batirente.com\\\/#\\\/schema\\\/logo\\\/image\\\/\",\"url\":\"https:\\\/\\\/www.batirente.com\\\/wp-content\\\/uploads\\\/2019\\\/01\\\/2017-logo.jpg\",\"contentUrl\":\"https:\\\/\\\/www.batirente.com\\\/wp-content\\\/uploads\\\/2019\\\/01\\\/2017-logo.jpg\",\"width\":750,\"height\":450,\"caption\":\"B\u00e2tirente\"},\"image\":{\"@id\":\"https:\\\/\\\/www.batirente.com\\\/#\\\/schema\\\/logo\\\/image\\\/\"},\"sameAs\":[\"https:\\\/\\\/www.facebook.com\\\/batirente\\\/\",\"https:\\\/\\\/x.com\\\/Batirente\",\"https:\\\/\\\/www.linkedin.com\\\/company\\\/batirente\"]}]}<\/script>\n<!-- \/ Yoast SEO plugin. -->","yoast_head_json":{"title":"Our builders - B\u00e2tirente","robots":{"index":"index","follow":"follow","max-snippet":"max-snippet:-1","max-image-preview":"max-image-preview:large","max-video-preview":"max-video-preview:-1"},"canonical":"https:\/\/www.batirente.com\/en\/our-builders\/","og_locale":"en_US","og_type":"article","og_title":"Our builders - B\u00e2tirente","og_description":"A forward-looking organization, B\u00e2tirente is also very proud of its roots. At the 2020 annual general meeting, Pierre Patry, then Chair of the Board of Directors, unveiled the creation of an honour roll as a tribute to the organization\u2019s Builders. The honour roll highlights the Builders and their exceptional contributions that have enabled B\u00e2tirente to successfully carry out its mission today. B\u00e2tirente was created through the will of CSN activists who, in the 1980s, remained committed to the idea of offering a group retirement plan to the affiliated members of the CSN. This honour roll, titled Nos B\u00e2tisseurs et B\u00e2tisseuses (Our Builders), was established to pay tribute to these key individuals.Chair of the Board (1987-1999)Board Member (2000-2020) L\u00e9opold Beaulieu was the first nominee inducted into the Builders' Honour Roll. Mr. Beaulieu, one of the three founders of B\u00e2tirente and former President and CEO of Fondaction, left the Board of Directors in 2020 after serving for 33 continuous years, including his role of Chaiman from 1987 to 1999. L\u00e9opold Beaulieu\u2019s nomination is an evocative demonstration of his place in B\u00e2tirente\u2019s history. Before his retirement in January 2020, L\u00e9opold Beaulieu was President and CEO of Fondaction, the Fund for cooperation and employment [&hellip;]","og_url":"https:\/\/www.batirente.com\/en\/our-builders\/","og_site_name":"B\u00e2tirente","article_publisher":"https:\/\/www.facebook.com\/batirente\/","article_modified_time":"2023-05-26T15:32:20+00:00","twitter_card":"summary_large_image","twitter_site":"@Batirente","twitter_misc":{"Est. reading time":"4 minutes"},"schema":{"@context":"https:\/\/schema.org","@graph":[{"@type":"WebPage","@id":"https:\/\/www.batirente.com\/en\/our-builders\/","url":"https:\/\/www.batirente.com\/en\/our-builders\/","name":"Our builders - B\u00e2tirente","isPartOf":{"@id":"https:\/\/www.batirente.com\/#website"},"datePublished":"2021-06-15T15:18:12+00:00","dateModified":"2023-05-26T15:32:20+00:00","breadcrumb":{"@id":"https:\/\/www.batirente.com\/en\/our-builders\/#breadcrumb"},"inLanguage":"en-US","potentialAction":[{"@type":"ReadAction","target":["https:\/\/www.batirente.com\/en\/our-builders\/"]}]},{"@type":"BreadcrumbList","@id":"https:\/\/www.batirente.com\/en\/our-builders\/#breadcrumb","itemListElement":[{"@type":"ListItem","position":1,"name":"Accueil","item":"https:\/\/www.batirente.com\/en\/"},{"@type":"ListItem","position":2,"name":"Our builders"}]},{"@type":"WebSite","@id":"https:\/\/www.batirente.com\/#website","url":"https:\/\/www.batirente.com\/","name":"B\u00e2tirente","description":"Ma retraite. Notre force.","publisher":{"@id":"https:\/\/www.batirente.com\/#organization"},"potentialAction":[{"@type":"SearchAction","target":{"@type":"EntryPoint","urlTemplate":"https:\/\/www.batirente.com\/?s={search_term_string}"},"query-input":{"@type":"PropertyValueSpecification","valueRequired":true,"valueName":"search_term_string"}}],"inLanguage":"en-US"},{"@type":"Organization","@id":"https:\/\/www.batirente.com\/#organization","name":"B\u00e2tirente","url":"https:\/\/www.batirente.com\/","logo":{"@type":"ImageObject","inLanguage":"en-US","@id":"https:\/\/www.batirente.com\/#\/schema\/logo\/image\/","url":"https:\/\/www.batirente.com\/wp-content\/uploads\/2019\/01\/2017-logo.jpg","contentUrl":"https:\/\/www.batirente.com\/wp-content\/uploads\/2019\/01\/2017-logo.jpg","width":750,"height":450,"caption":"B\u00e2tirente"},"image":{"@id":"https:\/\/www.batirente.com\/#\/schema\/logo\/image\/"},"sameAs":["https:\/\/www.facebook.com\/batirente\/","https:\/\/x.com\/Batirente","https:\/\/www.linkedin.com\/company\/batirente"]}]}},"_links":{"self":[{"href":"https:\/\/www.batirente.com\/en\/wp-json\/wp\/v2\/pages\/6082","targetHints":{"allow":["GET"]}}],"collection":[{"href":"https:\/\/www.batirente.com\/en\/wp-json\/wp\/v2\/pages"}],"about":[{"href":"https:\/\/www.batirente.com\/en\/wp-json\/wp\/v2\/types\/page"}],"author":[{"embeddable":true,"href":"https:\/\/www.batirente.com\/en\/wp-json\/wp\/v2\/users\/3"}],"replies":[{"embeddable":true,"href":"https:\/\/www.batirente.com\/en\/wp-json\/wp\/v2\/comments?post=6082"}],"version-history":[{"count":0,"href":"https:\/\/www.batirente.com\/en\/wp-json\/wp\/v2\/pages\/6082\/revisions"}],"wp:attachment":[{"href":"https:\/\/www.batirente.com\/en\/wp-json\/wp\/v2\/media?parent=6082"}],"curies":[{"name":"wp","href":"https:\/\/api.w.org\/{rel}","templated":true}]}}