{"id":647,"date":"2019-01-06T12:49:20","date_gmt":"2019-01-06T17:49:20","guid":{"rendered":"https:\/\/www.batirente.qc.ca\/profile\/"},"modified":"2025-10-21T14:54:05","modified_gmt":"2025-10-21T18:54:05","slug":"profile","status":"publish","type":"page","link":"https:\/\/www.batirente.com\/en\/profile\/","title":{"rendered":"Profile"},"content":{"rendered":"<p>[et_pb_section fb_built=&#8221;1&#8243; disabled_on=&#8221;off|off|off&#8221; _builder_version=&#8221;3.19.3&#8243; custom_padding=&#8221;||0px|&#8221; global_module=&#8221;148&#8243; global_colors_info=&#8221;{}&#8221;][et_pb_row _builder_version=&#8221;4.16&#8243; background_size=&#8221;initial&#8221; background_position=&#8221;top_left&#8221; background_repeat=&#8221;repeat&#8221; custom_padding=&#8221;||0px|&#8221; global_colors_info=&#8221;{}&#8221;][et_pb_column type=&#8221;4_4&#8243; _builder_version=&#8221;4.16&#8243; custom_padding=&#8221;|||&#8221; global_colors_info=&#8221;{}&#8221; custom_padding__hover=&#8221;|||&#8221;][et_pb_post_title meta=&#8221;off&#8221; featured_image=&#8221;off&#8221; disabled_on=&#8221;off|off|off&#8221; _builder_version=&#8221;4.16&#8243; global_colors_info=&#8221;{}&#8221;][\/et_pb_post_title][\/et_pb_column][\/et_pb_row][\/et_pb_section][et_pb_section fb_built=&#8221;1&#8243; _builder_version=&#8221;4.16&#8243; global_colors_info=&#8221;{}&#8221;][et_pb_row _builder_version=&#8221;4.16&#8243; background_size=&#8221;initial&#8221; background_position=&#8221;top_left&#8221; background_repeat=&#8221;repeat&#8221; global_colors_info=&#8221;{}&#8221;][et_pb_column type=&#8221;4_4&#8243; _builder_version=&#8221;4.16&#8243; custom_padding=&#8221;|||&#8221; global_colors_info=&#8221;{}&#8221; custom_padding__hover=&#8221;|||&#8221;][et_pb_text _builder_version=&#8221;4.27.4&#8243; hover_enabled=&#8221;0&#8243; global_colors_info=&#8221;{}&#8221; sticky_enabled=&#8221;0&#8243;]<\/p>\n<p>B\u00e2tirente is a group retirement system created in 1987 at the initiative of the CSN. It allows 30,000 workers, grouped in over 330 labour unions, to benefit from pension plans tailored to their needs by pooling their savings.<\/p>\n<p>A leader in responsible investing, B\u00e2tirente believes that actively managing its investee companies\u2019 environmental, social and governance (ESG) risks helps ensure long-term economic and social development, as well as sound capitalization of the pension plan, which are both required for sustainable financial performance.<\/p>\n<h2>The B\u00e2tirente corporation<\/h2>\n<p>In 1987, the Conf\u00e9d\u00e9ration des syndicats nationaux (CSN) entrusted B\u00e2tirente with the mission of establishing a retirement system for its affiliated unions. The objective was to meet the needs of workers by providing access to a high-performance retirement savings system. For this reason, B\u00e2tirente built a comprehensive well-performing retirement system under union governance\u2014a truly unique institution.<\/p>\n<p>Since its inception, B\u00e2tirente\u2019s commitment to its retirement plan groups has been at the heart of its decisions. This foundational value is expressed through the place these groups occupy in our association\u2019s operations. Their regular attendance at the annual general meeting (AGM) is a testament to the vitality of our governance. B\u00e2tirente is a non-profit corporation with three categories of representatives on the board of directors:<\/p>\n<ul>\n<li><strong>Category A representatives:<\/strong> Four persons designated by the CSN to represent it at annual meetings. These CSN representatives fill the four director positions that are reserved for the confederation.<\/li>\n<li><strong>Category B representatives:<\/strong> Groups that have established a B\u00e2tirente retirement plan and hold an institutional management contract. They are represented at the AGM by one representative (or two when the participation in the plan exceeds 100 members). Five director positions are reserved for category B representatives.<\/li>\n<li><strong>Category C representatives:<\/strong> Two independent directors appointed by the board of directors.<\/li>\n<\/ul>\n<p>Therefore, the board of directors consists of four category A representatives, five category B representatives and two independents. The 11 directors are elected by the full body of A, B and C representatives at the AGM. The bylaws are meant to ensure that the members of the board of directors possess a wide range of qualities and skills that are necessary for sound governance of the Corporation and responsible management of the retirement system. Board members carry three-year terms; renewals are staggered to ensure the continuity of governance.<\/p>\n<p>[\/et_pb_text][et_pb_image src=&#8221;https:\/\/www.batirente.com\/wp-content\/uploads\/2021\/06\/Corporation-ANG-1-e1740688121163.jpg&#8221; title_text=&#8221;Corporation-ANG-1&#8243; align=&#8221;center&#8221; _builder_version=&#8221;4.27.3&#8243; _module_preset=&#8221;default&#8221; global_colors_info=&#8221;{}&#8221;][\/et_pb_image][\/et_pb_column][\/et_pb_row][\/et_pb_section]<\/p>\n","protected":false},"excerpt":{"rendered":"<p>B\u00e2tirente is a group retirement system created in 1987 at the initiative of the CSN. It allows 30,000 workers, grouped in over 330 labour unions, to benefit from pension plans tailored to their needs by pooling their savings. A leader in responsible investing, B\u00e2tirente believes that actively managing its investee companies\u2019 environmental, social and governance (ESG) risks helps ensure long-term economic and social development, as well as sound capitalization of the pension plan, which are both required for sustainable financial performance. The B\u00e2tirente corporation In 1987, the Conf\u00e9d\u00e9ration des syndicats nationaux (CSN) entrusted B\u00e2tirente with the mission of establishing a retirement system for its affiliated unions. The objective was to meet the needs of workers by providing access to a high-performance retirement savings system. For this reason, B\u00e2tirente built a comprehensive well-performing retirement system under union governance\u2014a truly unique institution. Since its inception, B\u00e2tirente\u2019s commitment to its retirement plan groups has been at the heart of its decisions. This foundational value is expressed through the place these groups occupy in our association\u2019s operations. Their regular attendance at the annual general meeting (AGM) is a testament to the vitality of our governance. B\u00e2tirente is a non-profit corporation with three categories of [&hellip;]<\/p>\n","protected":false},"author":4,"featured_media":0,"parent":0,"menu_order":0,"comment_status":"closed","ping_status":"closed","template":"","meta":{"_acf_changed":false,"_et_pb_use_builder":"on","_et_pb_old_content":"","_et_gb_content_width":"","inline_featured_image":false,"footnotes":""},"class_list":["post-647","page","type-page","status-publish","hentry"],"acf":[],"yoast_head":"<!-- This site is optimized with the Yoast SEO plugin v27.3 - https:\/\/yoast.com\/product\/yoast-seo-wordpress\/ -->\n<title>Profile - B\u00e2tirente<\/title>\n<meta name=\"robots\" content=\"index, follow, max-snippet:-1, max-image-preview:large, max-video-preview:-1\" \/>\n<link rel=\"canonical\" href=\"https:\/\/www.batirente.com\/en\/profile\/\" \/>\n<meta property=\"og:locale\" content=\"en_US\" \/>\n<meta property=\"og:type\" content=\"article\" \/>\n<meta property=\"og:title\" content=\"Profile - B\u00e2tirente\" \/>\n<meta property=\"og:description\" content=\"B\u00e2tirente is a group retirement system created in 1987 at the initiative of the CSN. It allows 30,000 workers, grouped in over 330 labour unions, to benefit from pension plans tailored to their needs by pooling their savings. A leader in responsible investing, B\u00e2tirente believes that actively managing its investee companies\u2019 environmental, social and governance (ESG) risks helps ensure long-term economic and social development, as well as sound capitalization of the pension plan, which are both required for sustainable financial performance. The B\u00e2tirente corporation In 1987, the Conf\u00e9d\u00e9ration des syndicats nationaux (CSN) entrusted B\u00e2tirente with the mission of establishing a retirement system for its affiliated unions. The objective was to meet the needs of workers by providing access to a high-performance retirement savings system. For this reason, B\u00e2tirente built a comprehensive well-performing retirement system under union governance\u2014a truly unique institution. Since its inception, B\u00e2tirente\u2019s commitment to its retirement plan groups has been at the heart of its decisions. This foundational value is expressed through the place these groups occupy in our association\u2019s operations. Their regular attendance at the annual general meeting (AGM) is a testament to the vitality of our governance. B\u00e2tirente is a non-profit corporation with three categories of [&hellip;]\" \/>\n<meta property=\"og:url\" content=\"https:\/\/www.batirente.com\/en\/profile\/\" \/>\n<meta property=\"og:site_name\" content=\"B\u00e2tirente\" \/>\n<meta property=\"article:publisher\" content=\"https:\/\/www.facebook.com\/batirente\/\" \/>\n<meta property=\"article:modified_time\" content=\"2025-10-21T18:54:05+00:00\" \/>\n<meta name=\"twitter:card\" content=\"summary_large_image\" \/>\n<meta name=\"twitter:site\" content=\"@Batirente\" \/>\n<meta name=\"twitter:label1\" content=\"Est. reading time\" \/>\n\t<meta name=\"twitter:data1\" content=\"3 minutes\" \/>\n<script type=\"application\/ld+json\" class=\"yoast-schema-graph\">{\"@context\":\"https:\\\/\\\/schema.org\",\"@graph\":[{\"@type\":\"WebPage\",\"@id\":\"https:\\\/\\\/www.batirente.com\\\/en\\\/profile\\\/\",\"url\":\"https:\\\/\\\/www.batirente.com\\\/en\\\/profile\\\/\",\"name\":\"Profile - B\u00e2tirente\",\"isPartOf\":{\"@id\":\"https:\\\/\\\/www.batirente.com\\\/#website\"},\"datePublished\":\"2019-01-06T17:49:20+00:00\",\"dateModified\":\"2025-10-21T18:54:05+00:00\",\"breadcrumb\":{\"@id\":\"https:\\\/\\\/www.batirente.com\\\/en\\\/profile\\\/#breadcrumb\"},\"inLanguage\":\"en-US\",\"potentialAction\":[{\"@type\":\"ReadAction\",\"target\":[\"https:\\\/\\\/www.batirente.com\\\/en\\\/profile\\\/\"]}]},{\"@type\":\"BreadcrumbList\",\"@id\":\"https:\\\/\\\/www.batirente.com\\\/en\\\/profile\\\/#breadcrumb\",\"itemListElement\":[{\"@type\":\"ListItem\",\"position\":1,\"name\":\"Accueil\",\"item\":\"https:\\\/\\\/www.batirente.com\\\/en\\\/\"},{\"@type\":\"ListItem\",\"position\":2,\"name\":\"Profile\"}]},{\"@type\":\"WebSite\",\"@id\":\"https:\\\/\\\/www.batirente.com\\\/#website\",\"url\":\"https:\\\/\\\/www.batirente.com\\\/\",\"name\":\"B\u00e2tirente\",\"description\":\"Ma retraite. Notre force.\",\"publisher\":{\"@id\":\"https:\\\/\\\/www.batirente.com\\\/#organization\"},\"potentialAction\":[{\"@type\":\"SearchAction\",\"target\":{\"@type\":\"EntryPoint\",\"urlTemplate\":\"https:\\\/\\\/www.batirente.com\\\/?s={search_term_string}\"},\"query-input\":{\"@type\":\"PropertyValueSpecification\",\"valueRequired\":true,\"valueName\":\"search_term_string\"}}],\"inLanguage\":\"en-US\"},{\"@type\":\"Organization\",\"@id\":\"https:\\\/\\\/www.batirente.com\\\/#organization\",\"name\":\"B\u00e2tirente\",\"url\":\"https:\\\/\\\/www.batirente.com\\\/\",\"logo\":{\"@type\":\"ImageObject\",\"inLanguage\":\"en-US\",\"@id\":\"https:\\\/\\\/www.batirente.com\\\/#\\\/schema\\\/logo\\\/image\\\/\",\"url\":\"https:\\\/\\\/www.batirente.com\\\/wp-content\\\/uploads\\\/2019\\\/01\\\/2017-logo.jpg\",\"contentUrl\":\"https:\\\/\\\/www.batirente.com\\\/wp-content\\\/uploads\\\/2019\\\/01\\\/2017-logo.jpg\",\"width\":750,\"height\":450,\"caption\":\"B\u00e2tirente\"},\"image\":{\"@id\":\"https:\\\/\\\/www.batirente.com\\\/#\\\/schema\\\/logo\\\/image\\\/\"},\"sameAs\":[\"https:\\\/\\\/www.facebook.com\\\/batirente\\\/\",\"https:\\\/\\\/x.com\\\/Batirente\",\"https:\\\/\\\/www.linkedin.com\\\/company\\\/batirente\"]}]}<\/script>\n<!-- \/ Yoast SEO plugin. -->","yoast_head_json":{"title":"Profile - B\u00e2tirente","robots":{"index":"index","follow":"follow","max-snippet":"max-snippet:-1","max-image-preview":"max-image-preview:large","max-video-preview":"max-video-preview:-1"},"canonical":"https:\/\/www.batirente.com\/en\/profile\/","og_locale":"en_US","og_type":"article","og_title":"Profile - B\u00e2tirente","og_description":"B\u00e2tirente is a group retirement system created in 1987 at the initiative of the CSN. It allows 30,000 workers, grouped in over 330 labour unions, to benefit from pension plans tailored to their needs by pooling their savings. A leader in responsible investing, B\u00e2tirente believes that actively managing its investee companies\u2019 environmental, social and governance (ESG) risks helps ensure long-term economic and social development, as well as sound capitalization of the pension plan, which are both required for sustainable financial performance. The B\u00e2tirente corporation In 1987, the Conf\u00e9d\u00e9ration des syndicats nationaux (CSN) entrusted B\u00e2tirente with the mission of establishing a retirement system for its affiliated unions. The objective was to meet the needs of workers by providing access to a high-performance retirement savings system. For this reason, B\u00e2tirente built a comprehensive well-performing retirement system under union governance\u2014a truly unique institution. Since its inception, B\u00e2tirente\u2019s commitment to its retirement plan groups has been at the heart of its decisions. This foundational value is expressed through the place these groups occupy in our association\u2019s operations. Their regular attendance at the annual general meeting (AGM) is a testament to the vitality of our governance. B\u00e2tirente is a non-profit corporation with three categories of [&hellip;]","og_url":"https:\/\/www.batirente.com\/en\/profile\/","og_site_name":"B\u00e2tirente","article_publisher":"https:\/\/www.facebook.com\/batirente\/","article_modified_time":"2025-10-21T18:54:05+00:00","twitter_card":"summary_large_image","twitter_site":"@Batirente","twitter_misc":{"Est. reading time":"3 minutes"},"schema":{"@context":"https:\/\/schema.org","@graph":[{"@type":"WebPage","@id":"https:\/\/www.batirente.com\/en\/profile\/","url":"https:\/\/www.batirente.com\/en\/profile\/","name":"Profile - B\u00e2tirente","isPartOf":{"@id":"https:\/\/www.batirente.com\/#website"},"datePublished":"2019-01-06T17:49:20+00:00","dateModified":"2025-10-21T18:54:05+00:00","breadcrumb":{"@id":"https:\/\/www.batirente.com\/en\/profile\/#breadcrumb"},"inLanguage":"en-US","potentialAction":[{"@type":"ReadAction","target":["https:\/\/www.batirente.com\/en\/profile\/"]}]},{"@type":"BreadcrumbList","@id":"https:\/\/www.batirente.com\/en\/profile\/#breadcrumb","itemListElement":[{"@type":"ListItem","position":1,"name":"Accueil","item":"https:\/\/www.batirente.com\/en\/"},{"@type":"ListItem","position":2,"name":"Profile"}]},{"@type":"WebSite","@id":"https:\/\/www.batirente.com\/#website","url":"https:\/\/www.batirente.com\/","name":"B\u00e2tirente","description":"Ma retraite. Notre force.","publisher":{"@id":"https:\/\/www.batirente.com\/#organization"},"potentialAction":[{"@type":"SearchAction","target":{"@type":"EntryPoint","urlTemplate":"https:\/\/www.batirente.com\/?s={search_term_string}"},"query-input":{"@type":"PropertyValueSpecification","valueRequired":true,"valueName":"search_term_string"}}],"inLanguage":"en-US"},{"@type":"Organization","@id":"https:\/\/www.batirente.com\/#organization","name":"B\u00e2tirente","url":"https:\/\/www.batirente.com\/","logo":{"@type":"ImageObject","inLanguage":"en-US","@id":"https:\/\/www.batirente.com\/#\/schema\/logo\/image\/","url":"https:\/\/www.batirente.com\/wp-content\/uploads\/2019\/01\/2017-logo.jpg","contentUrl":"https:\/\/www.batirente.com\/wp-content\/uploads\/2019\/01\/2017-logo.jpg","width":750,"height":450,"caption":"B\u00e2tirente"},"image":{"@id":"https:\/\/www.batirente.com\/#\/schema\/logo\/image\/"},"sameAs":["https:\/\/www.facebook.com\/batirente\/","https:\/\/x.com\/Batirente","https:\/\/www.linkedin.com\/company\/batirente"]}]}},"_links":{"self":[{"href":"https:\/\/www.batirente.com\/en\/wp-json\/wp\/v2\/pages\/647","targetHints":{"allow":["GET"]}}],"collection":[{"href":"https:\/\/www.batirente.com\/en\/wp-json\/wp\/v2\/pages"}],"about":[{"href":"https:\/\/www.batirente.com\/en\/wp-json\/wp\/v2\/types\/page"}],"author":[{"embeddable":true,"href":"https:\/\/www.batirente.com\/en\/wp-json\/wp\/v2\/users\/4"}],"replies":[{"embeddable":true,"href":"https:\/\/www.batirente.com\/en\/wp-json\/wp\/v2\/comments?post=647"}],"version-history":[{"count":4,"href":"https:\/\/www.batirente.com\/en\/wp-json\/wp\/v2\/pages\/647\/revisions"}],"predecessor-version":[{"id":22457,"href":"https:\/\/www.batirente.com\/en\/wp-json\/wp\/v2\/pages\/647\/revisions\/22457"}],"wp:attachment":[{"href":"https:\/\/www.batirente.com\/en\/wp-json\/wp\/v2\/media?parent=647"}],"curies":[{"name":"wp","href":"https:\/\/api.w.org\/{rel}","templated":true}]}}