{"id":651,"date":"2019-01-06T12:57:13","date_gmt":"2019-01-06T17:57:13","guid":{"rendered":"https:\/\/www.batirente.qc.ca\/cooperate\/"},"modified":"2024-07-09T11:08:09","modified_gmt":"2024-07-09T15:08:09","slug":"cooperate","status":"publish","type":"page","link":"https:\/\/www.batirente.com\/en\/responsible-investment\/cooperate\/","title":{"rendered":"Cooperate"},"content":{"rendered":"<p>[et_pb_section fb_built=&#8221;1&#8243; fullwidth=&#8221;on&#8221; _builder_version=&#8221;4.16&#8243; global_colors_info=&#8221;{}&#8221;][et_pb_fullwidth_image src=&#8221;https:\/\/www.batirente.com\/wp-content\/uploads\/2019\/01\/collaboration.jpg&#8221; _builder_version=&#8221;4.16&#8243; global_colors_info=&#8221;{}&#8221;][\/et_pb_fullwidth_image][\/et_pb_section][et_pb_section fb_built=&#8221;1&#8243; disabled_on=&#8221;off|off|off&#8221; _builder_version=&#8221;3.19.3&#8243; custom_padding=&#8221;||0px|&#8221; global_module=&#8221;148&#8243; global_colors_info=&#8221;{}&#8221;][et_pb_row _builder_version=&#8221;4.16&#8243; background_size=&#8221;initial&#8221; background_position=&#8221;top_left&#8221; background_repeat=&#8221;repeat&#8221; custom_padding=&#8221;||0px|&#8221; global_colors_info=&#8221;{}&#8221;][et_pb_column type=&#8221;4_4&#8243; _builder_version=&#8221;4.16&#8243; custom_padding=&#8221;|||&#8221; global_colors_info=&#8221;{}&#8221; custom_padding__hover=&#8221;|||&#8221;][et_pb_post_title meta=&#8221;off&#8221; featured_image=&#8221;off&#8221; disabled_on=&#8221;off|off|off&#8221; _builder_version=&#8221;4.16&#8243; global_colors_info=&#8221;{}&#8221;][\/et_pb_post_title][\/et_pb_column][\/et_pb_row][\/et_pb_section][et_pb_section fb_built=&#8221;1&#8243; _builder_version=&#8221;4.16&#8243; global_colors_info=&#8221;{}&#8221;][et_pb_row _builder_version=&#8221;4.16&#8243; background_size=&#8221;initial&#8221; background_position=&#8221;top_left&#8221; background_repeat=&#8221;repeat&#8221; global_colors_info=&#8221;{}&#8221;][et_pb_column type=&#8221;4_4&#8243; _builder_version=&#8221;4.16&#8243; custom_padding=&#8221;|||&#8221; global_colors_info=&#8221;{}&#8221; custom_padding__hover=&#8221;|||&#8221;][et_pb_text _builder_version=&#8221;4.16&#8243; z_index_tablet=&#8221;500&#8243; global_colors_info=&#8221;{}&#8221;]<\/p>\n<h2>Development of a strong communtity that encourages dialogue and the sharing of best practices<\/h2>\n<p>B\u00e2tirente is actively involved with the PRI Qu\u00e9bec Network since its creation in 2013. The network\u2019s mission is to encourage the adoption of the PRI by growing numbers of Qu\u00e9bec finance stakeholders. To do so, it promotes knowledge, expertise and sharing best practices.<\/p>\n<p>B\u00e2tirente is convinced of the benefits derived from proximity and from a dynamic financial ecosystem, all of this transiting through a responsible-investment engaged and competent financial community. In this spirit, we are proud to entrust 95 percent of our assets to managers based in Qu\u00e9bec, of which more than 80 percent are PRI signatories.<\/p>\n<h3>Local involvement<\/h3>\n<p>B\u00e2tirente is among the first institutions to invest in the <a href=\"https:\/\/emergingmanagers.ca\/\" target=\"_blank\" rel=\"noopener noreferrer\">Qu\u00e9bec Emerging Managers Program<\/a> (QEMP) fund. The fund is quite successful and posts very good returns. Its mission is to promote the growth of financial entrepreneurship in Qu\u00e9bec by entrusting institutional funds to Qu\u00e9bec emerging managers, allowing them to become familiar with this sophisticated universe and to increase their visibility while acquiring a credible professional history.<\/p>\n<h3>Investor letters<\/h3>\n<p>When investors identify industry issues or if they want to contest business communities, governments or regulators, they agree on the content of a statement which is then disseminated in the public sphere and to organizations that are interested in these matters. These investor letters are an important tool for collaboration; they allow widespread awareness of the positions of the institutional investor communities. Oftentimes, some of these letters have the support of several dozens of institutional investors who manage thousands of billions of assets.<\/p>\n<p>[\/et_pb_text][et_pb_toggle title=&#8221;Investor letters&#8221; _builder_version=&#8221;4.26.0&#8243; _module_preset=&#8221;default&#8221; border_radii=&#8221;off|||25px|&#8221; global_colors_info=&#8221;{}&#8221;]<\/p>\n<p><img decoding=\"async\" class=\"alignleft\" src=\"https:\/\/www.batirente.com\/wp-content\/plugins\/download-manager\/assets\/file-type-icons\/pdf.svg\" alt=\"\" width=\"15\" height=\"15\" \/> <a target='_blank'      href='https:\/\/www.batirente.com\/en\/?wpdmdl=10942'>COP15 statement from the financial sector signatories<\/a><br \/><img decoding=\"async\" class=\"alignleft\" src=\"https:\/\/www.batirente.com\/wp-content\/plugins\/download-manager\/assets\/file-type-icons\/pdf.svg\" alt=\"\" width=\"15\" height=\"15\" \/> <a target='_blank'      href='https:\/\/www.batirente.com\/en\/?wpdmdl=10940'>Canadian Investor Statement on Climate Change<\/a><br \/><img decoding=\"async\" class=\"alignleft\" src=\"https:\/\/www.batirente.com\/wp-content\/plugins\/download-manager\/assets\/file-type-icons\/pdf.svg\" alt=\"\" width=\"15\" height=\"15\" \/> <a target='_blank'      href='https:\/\/www.batirente.com\/en\/?wpdmdl=10941'>Clean fuel regulations<\/a><br \/><img decoding=\"async\" class=\"alignleft\" src=\"https:\/\/www.batirente.com\/wp-content\/plugins\/download-manager\/assets\/file-type-icons\/pdf.svg\" alt=\"\" width=\"15\" height=\"15\" \/> <a target='_blank'      href='https:\/\/www.batirente.com\/en\/?wpdmdl=12030'>BlackRock<\/a><br \/><img decoding=\"async\" class=\"alignleft\" src=\"https:\/\/www.batirente.com\/wp-content\/plugins\/download-manager\/assets\/file-type-icons\/pdf.svg\" alt=\"\" width=\"15\" height=\"15\" \/> <a target='_blank'      href='https:\/\/www.batirente.com\/en\/?wpdmdl=10948'>TMX (in French)<\/a><\/p>\n<p>[\/et_pb_toggle][et_pb_text _builder_version=&#8221;4.16&#8243; z_index_tablet=&#8221;500&#8243; global_colors_info=&#8221;{}&#8221;]<\/p>\n<p>Find out all of the informations about responsible investment activities in the <a href=\"https:\/\/www.batirente.com\/en\/news\/press-review\/\">Press review<\/a> section and our archives in the <a href=\"https:\/\/www.batirente.com\/en\/news\/press-releases\/\">Press releases<\/a> section.<\/p>\n<h3>Useful links<\/h3>\n<ul>\n<li><a href=\"https:\/\/www.unpri.org\/\" target=\"_blank\" rel=\"noopener noreferrer\">Principles for Responsible Investment<\/a> (PRI)<\/li>\n<li><a href=\"http:\/\/observatoireretraite.ca\/\">Observatoire de la retraite<\/a><\/li>\n<\/ul>\n<p>[\/et_pb_text][\/et_pb_column][\/et_pb_row][\/et_pb_section]<\/p>\n","protected":false},"excerpt":{"rendered":"<p>Development of a strong communtity that encourages dialogue and the sharing of best practices B\u00e2tirente is actively involved with the PRI Qu\u00e9bec Network since its creation in 2013. The network\u2019s mission is to encourage the adoption of the PRI by growing numbers of Qu\u00e9bec finance stakeholders. To do so, it promotes knowledge, expertise and sharing best practices. B\u00e2tirente is convinced of the benefits derived from proximity and from a dynamic financial ecosystem, all of this transiting through a responsible-investment engaged and competent financial community. In this spirit, we are proud to entrust 95 percent of our assets to managers based in Qu\u00e9bec, of which more than 80 percent are PRI signatories. Local involvement B\u00e2tirente is among the first institutions to invest in the Qu\u00e9bec Emerging Managers Program (QEMP) fund. The fund is quite successful and posts very good returns. Its mission is to promote the growth of financial entrepreneurship in Qu\u00e9bec by entrusting institutional funds to Qu\u00e9bec emerging managers, allowing them to become familiar with this sophisticated universe and to increase their visibility while acquiring a credible professional history. Investor letters When investors identify industry issues or if they want to contest business communities, governments or regulators, they agree on [&hellip;]<\/p>\n","protected":false},"author":4,"featured_media":0,"parent":655,"menu_order":0,"comment_status":"closed","ping_status":"closed","template":"","meta":{"_acf_changed":false,"_et_pb_use_builder":"on","_et_pb_old_content":"","_et_gb_content_width":"","inline_featured_image":false,"footnotes":""},"class_list":["post-651","page","type-page","status-publish","hentry"],"acf":[],"yoast_head":"<!-- This site is optimized with the Yoast SEO plugin v27.5 - https:\/\/yoast.com\/product\/yoast-seo-wordpress\/ -->\n<title>Cooperate - B\u00e2tirente<\/title>\n<meta name=\"robots\" content=\"index, follow, max-snippet:-1, max-image-preview:large, max-video-preview:-1\" \/>\n<link rel=\"canonical\" href=\"https:\/\/www.batirente.com\/en\/responsible-investment\/cooperate\/\" \/>\n<meta property=\"og:locale\" content=\"en_US\" \/>\n<meta property=\"og:type\" content=\"article\" \/>\n<meta property=\"og:title\" content=\"Cooperate - B\u00e2tirente\" \/>\n<meta property=\"og:description\" content=\"Development of a strong communtity that encourages dialogue and the sharing of best practices B\u00e2tirente is actively involved with the PRI Qu\u00e9bec Network since its creation in 2013. The network\u2019s mission is to encourage the adoption of the PRI by growing numbers of Qu\u00e9bec finance stakeholders. To do so, it promotes knowledge, expertise and sharing best practices. B\u00e2tirente is convinced of the benefits derived from proximity and from a dynamic financial ecosystem, all of this transiting through a responsible-investment engaged and competent financial community. In this spirit, we are proud to entrust 95 percent of our assets to managers based in Qu\u00e9bec, of which more than 80 percent are PRI signatories. Local involvement B\u00e2tirente is among the first institutions to invest in the Qu\u00e9bec Emerging Managers Program (QEMP) fund. The fund is quite successful and posts very good returns. Its mission is to promote the growth of financial entrepreneurship in Qu\u00e9bec by entrusting institutional funds to Qu\u00e9bec emerging managers, allowing them to become familiar with this sophisticated universe and to increase their visibility while acquiring a credible professional history. Investor letters When investors identify industry issues or if they want to contest business communities, governments or regulators, they agree on [&hellip;]\" \/>\n<meta property=\"og:url\" content=\"https:\/\/www.batirente.com\/en\/responsible-investment\/cooperate\/\" \/>\n<meta property=\"og:site_name\" content=\"B\u00e2tirente\" \/>\n<meta property=\"article:publisher\" content=\"https:\/\/www.facebook.com\/batirente\/\" \/>\n<meta property=\"article:modified_time\" content=\"2024-07-09T15:08:09+00:00\" \/>\n<meta property=\"og:image\" content=\"https:\/\/www.batirente.com\/wp-content\/plugins\/download-manager\/assets\/file-type-icons\/pdf.svg\" \/>\n<meta name=\"twitter:card\" content=\"summary_large_image\" \/>\n<meta name=\"twitter:site\" content=\"@Batirente\" \/>\n<meta name=\"twitter:label1\" content=\"Est. reading time\" \/>\n\t<meta name=\"twitter:data1\" content=\"3 minutes\" \/>\n<script type=\"application\/ld+json\" class=\"yoast-schema-graph\">{\"@context\":\"https:\\\/\\\/schema.org\",\"@graph\":[{\"@type\":\"WebPage\",\"@id\":\"https:\\\/\\\/www.batirente.com\\\/en\\\/responsible-investment\\\/cooperate\\\/\",\"url\":\"https:\\\/\\\/www.batirente.com\\\/en\\\/responsible-investment\\\/cooperate\\\/\",\"name\":\"Cooperate - B\u00e2tirente\",\"isPartOf\":{\"@id\":\"https:\\\/\\\/www.batirente.com\\\/#website\"},\"primaryImageOfPage\":{\"@id\":\"https:\\\/\\\/www.batirente.com\\\/en\\\/responsible-investment\\\/cooperate\\\/#primaryimage\"},\"image\":{\"@id\":\"https:\\\/\\\/www.batirente.com\\\/en\\\/responsible-investment\\\/cooperate\\\/#primaryimage\"},\"thumbnailUrl\":\"https:\\\/\\\/www.batirente.com\\\/wp-content\\\/plugins\\\/download-manager\\\/assets\\\/file-type-icons\\\/pdf.svg\",\"datePublished\":\"2019-01-06T17:57:13+00:00\",\"dateModified\":\"2024-07-09T15:08:09+00:00\",\"breadcrumb\":{\"@id\":\"https:\\\/\\\/www.batirente.com\\\/en\\\/responsible-investment\\\/cooperate\\\/#breadcrumb\"},\"inLanguage\":\"en-US\",\"potentialAction\":[{\"@type\":\"ReadAction\",\"target\":[\"https:\\\/\\\/www.batirente.com\\\/en\\\/responsible-investment\\\/cooperate\\\/\"]}]},{\"@type\":\"ImageObject\",\"inLanguage\":\"en-US\",\"@id\":\"https:\\\/\\\/www.batirente.com\\\/en\\\/responsible-investment\\\/cooperate\\\/#primaryimage\",\"url\":\"https:\\\/\\\/www.batirente.com\\\/wp-content\\\/plugins\\\/download-manager\\\/assets\\\/file-type-icons\\\/pdf.svg\",\"contentUrl\":\"https:\\\/\\\/www.batirente.com\\\/wp-content\\\/plugins\\\/download-manager\\\/assets\\\/file-type-icons\\\/pdf.svg\"},{\"@type\":\"BreadcrumbList\",\"@id\":\"https:\\\/\\\/www.batirente.com\\\/en\\\/responsible-investment\\\/cooperate\\\/#breadcrumb\",\"itemListElement\":[{\"@type\":\"ListItem\",\"position\":1,\"name\":\"Accueil\",\"item\":\"https:\\\/\\\/www.batirente.com\\\/en\\\/\"},{\"@type\":\"ListItem\",\"position\":2,\"name\":\"Responsible investment\",\"item\":\"https:\\\/\\\/www.batirente.com\\\/en\\\/responsible-investment\\\/\"},{\"@type\":\"ListItem\",\"position\":3,\"name\":\"Cooperate\"}]},{\"@type\":\"WebSite\",\"@id\":\"https:\\\/\\\/www.batirente.com\\\/#website\",\"url\":\"https:\\\/\\\/www.batirente.com\\\/\",\"name\":\"B\u00e2tirente\",\"description\":\"Ma retraite. Notre force.\",\"publisher\":{\"@id\":\"https:\\\/\\\/www.batirente.com\\\/#organization\"},\"potentialAction\":[{\"@type\":\"SearchAction\",\"target\":{\"@type\":\"EntryPoint\",\"urlTemplate\":\"https:\\\/\\\/www.batirente.com\\\/?s={search_term_string}\"},\"query-input\":{\"@type\":\"PropertyValueSpecification\",\"valueRequired\":true,\"valueName\":\"search_term_string\"}}],\"inLanguage\":\"en-US\"},{\"@type\":\"Organization\",\"@id\":\"https:\\\/\\\/www.batirente.com\\\/#organization\",\"name\":\"B\u00e2tirente\",\"url\":\"https:\\\/\\\/www.batirente.com\\\/\",\"logo\":{\"@type\":\"ImageObject\",\"inLanguage\":\"en-US\",\"@id\":\"https:\\\/\\\/www.batirente.com\\\/#\\\/schema\\\/logo\\\/image\\\/\",\"url\":\"https:\\\/\\\/www.batirente.com\\\/wp-content\\\/uploads\\\/2019\\\/01\\\/2017-logo.jpg\",\"contentUrl\":\"https:\\\/\\\/www.batirente.com\\\/wp-content\\\/uploads\\\/2019\\\/01\\\/2017-logo.jpg\",\"width\":750,\"height\":450,\"caption\":\"B\u00e2tirente\"},\"image\":{\"@id\":\"https:\\\/\\\/www.batirente.com\\\/#\\\/schema\\\/logo\\\/image\\\/\"},\"sameAs\":[\"https:\\\/\\\/www.facebook.com\\\/batirente\\\/\",\"https:\\\/\\\/x.com\\\/Batirente\",\"https:\\\/\\\/www.linkedin.com\\\/company\\\/batirente\"]}]}<\/script>\n<!-- \/ Yoast SEO plugin. -->","yoast_head_json":{"title":"Cooperate - B\u00e2tirente","robots":{"index":"index","follow":"follow","max-snippet":"max-snippet:-1","max-image-preview":"max-image-preview:large","max-video-preview":"max-video-preview:-1"},"canonical":"https:\/\/www.batirente.com\/en\/responsible-investment\/cooperate\/","og_locale":"en_US","og_type":"article","og_title":"Cooperate - B\u00e2tirente","og_description":"Development of a strong communtity that encourages dialogue and the sharing of best practices B\u00e2tirente is actively involved with the PRI Qu\u00e9bec Network since its creation in 2013. The network\u2019s mission is to encourage the adoption of the PRI by growing numbers of Qu\u00e9bec finance stakeholders. To do so, it promotes knowledge, expertise and sharing best practices. B\u00e2tirente is convinced of the benefits derived from proximity and from a dynamic financial ecosystem, all of this transiting through a responsible-investment engaged and competent financial community. In this spirit, we are proud to entrust 95 percent of our assets to managers based in Qu\u00e9bec, of which more than 80 percent are PRI signatories. Local involvement B\u00e2tirente is among the first institutions to invest in the Qu\u00e9bec Emerging Managers Program (QEMP) fund. The fund is quite successful and posts very good returns. Its mission is to promote the growth of financial entrepreneurship in Qu\u00e9bec by entrusting institutional funds to Qu\u00e9bec emerging managers, allowing them to become familiar with this sophisticated universe and to increase their visibility while acquiring a credible professional history. Investor letters When investors identify industry issues or if they want to contest business communities, governments or regulators, they agree on [&hellip;]","og_url":"https:\/\/www.batirente.com\/en\/responsible-investment\/cooperate\/","og_site_name":"B\u00e2tirente","article_publisher":"https:\/\/www.facebook.com\/batirente\/","article_modified_time":"2024-07-09T15:08:09+00:00","og_image":[{"url":"https:\/\/www.batirente.com\/wp-content\/plugins\/download-manager\/assets\/file-type-icons\/pdf.svg","type":"","width":"","height":""}],"twitter_card":"summary_large_image","twitter_site":"@Batirente","twitter_misc":{"Est. reading time":"3 minutes"},"schema":{"@context":"https:\/\/schema.org","@graph":[{"@type":"WebPage","@id":"https:\/\/www.batirente.com\/en\/responsible-investment\/cooperate\/","url":"https:\/\/www.batirente.com\/en\/responsible-investment\/cooperate\/","name":"Cooperate - B\u00e2tirente","isPartOf":{"@id":"https:\/\/www.batirente.com\/#website"},"primaryImageOfPage":{"@id":"https:\/\/www.batirente.com\/en\/responsible-investment\/cooperate\/#primaryimage"},"image":{"@id":"https:\/\/www.batirente.com\/en\/responsible-investment\/cooperate\/#primaryimage"},"thumbnailUrl":"https:\/\/www.batirente.com\/wp-content\/plugins\/download-manager\/assets\/file-type-icons\/pdf.svg","datePublished":"2019-01-06T17:57:13+00:00","dateModified":"2024-07-09T15:08:09+00:00","breadcrumb":{"@id":"https:\/\/www.batirente.com\/en\/responsible-investment\/cooperate\/#breadcrumb"},"inLanguage":"en-US","potentialAction":[{"@type":"ReadAction","target":["https:\/\/www.batirente.com\/en\/responsible-investment\/cooperate\/"]}]},{"@type":"ImageObject","inLanguage":"en-US","@id":"https:\/\/www.batirente.com\/en\/responsible-investment\/cooperate\/#primaryimage","url":"https:\/\/www.batirente.com\/wp-content\/plugins\/download-manager\/assets\/file-type-icons\/pdf.svg","contentUrl":"https:\/\/www.batirente.com\/wp-content\/plugins\/download-manager\/assets\/file-type-icons\/pdf.svg"},{"@type":"BreadcrumbList","@id":"https:\/\/www.batirente.com\/en\/responsible-investment\/cooperate\/#breadcrumb","itemListElement":[{"@type":"ListItem","position":1,"name":"Accueil","item":"https:\/\/www.batirente.com\/en\/"},{"@type":"ListItem","position":2,"name":"Responsible investment","item":"https:\/\/www.batirente.com\/en\/responsible-investment\/"},{"@type":"ListItem","position":3,"name":"Cooperate"}]},{"@type":"WebSite","@id":"https:\/\/www.batirente.com\/#website","url":"https:\/\/www.batirente.com\/","name":"B\u00e2tirente","description":"Ma retraite. Notre force.","publisher":{"@id":"https:\/\/www.batirente.com\/#organization"},"potentialAction":[{"@type":"SearchAction","target":{"@type":"EntryPoint","urlTemplate":"https:\/\/www.batirente.com\/?s={search_term_string}"},"query-input":{"@type":"PropertyValueSpecification","valueRequired":true,"valueName":"search_term_string"}}],"inLanguage":"en-US"},{"@type":"Organization","@id":"https:\/\/www.batirente.com\/#organization","name":"B\u00e2tirente","url":"https:\/\/www.batirente.com\/","logo":{"@type":"ImageObject","inLanguage":"en-US","@id":"https:\/\/www.batirente.com\/#\/schema\/logo\/image\/","url":"https:\/\/www.batirente.com\/wp-content\/uploads\/2019\/01\/2017-logo.jpg","contentUrl":"https:\/\/www.batirente.com\/wp-content\/uploads\/2019\/01\/2017-logo.jpg","width":750,"height":450,"caption":"B\u00e2tirente"},"image":{"@id":"https:\/\/www.batirente.com\/#\/schema\/logo\/image\/"},"sameAs":["https:\/\/www.facebook.com\/batirente\/","https:\/\/x.com\/Batirente","https:\/\/www.linkedin.com\/company\/batirente"]}]}},"_links":{"self":[{"href":"https:\/\/www.batirente.com\/en\/wp-json\/wp\/v2\/pages\/651","targetHints":{"allow":["GET"]}}],"collection":[{"href":"https:\/\/www.batirente.com\/en\/wp-json\/wp\/v2\/pages"}],"about":[{"href":"https:\/\/www.batirente.com\/en\/wp-json\/wp\/v2\/types\/page"}],"author":[{"embeddable":true,"href":"https:\/\/www.batirente.com\/en\/wp-json\/wp\/v2\/users\/4"}],"replies":[{"embeddable":true,"href":"https:\/\/www.batirente.com\/en\/wp-json\/wp\/v2\/comments?post=651"}],"version-history":[{"count":0,"href":"https:\/\/www.batirente.com\/en\/wp-json\/wp\/v2\/pages\/651\/revisions"}],"up":[{"embeddable":true,"href":"https:\/\/www.batirente.com\/en\/wp-json\/wp\/v2\/pages\/655"}],"wp:attachment":[{"href":"https:\/\/www.batirente.com\/en\/wp-json\/wp\/v2\/media?parent=651"}],"curies":[{"name":"wp","href":"https:\/\/api.w.org\/{rel}","templated":true}]}}