{"id":659,"date":"2019-01-06T13:19:10","date_gmt":"2019-01-06T18:19:10","guid":{"rendered":"https:\/\/www.batirente.qc.ca\/responsible-investment\/measure\/"},"modified":"2024-02-12T10:29:14","modified_gmt":"2024-02-12T15:29:14","slug":"measure","status":"publish","type":"page","link":"https:\/\/www.batirente.com\/en\/responsible-investment\/measure\/","title":{"rendered":"Measure"},"content":{"rendered":"<p>[et_pb_section fb_built=&#8221;1&#8243; fullwidth=&#8221;on&#8221; _builder_version=&#8221;4.16&#8243; global_colors_info=&#8221;{}&#8221;][et_pb_fullwidth_image src=&#8221;https:\/\/www.batirente.com\/wp-content\/uploads\/2020\/09\/IMAGE_mesurer.jpg&#8221; title_text=&#8221;IMAGE_mesurer&#8221; _builder_version=&#8221;4.16&#8243; global_colors_info=&#8221;{}&#8221;][\/et_pb_fullwidth_image][\/et_pb_section][et_pb_section fb_built=&#8221;1&#8243; disabled_on=&#8221;off|off|off&#8221; _builder_version=&#8221;3.19.3&#8243; custom_padding=&#8221;||0px|&#8221; global_module=&#8221;148&#8243; global_colors_info=&#8221;{}&#8221;][et_pb_row _builder_version=&#8221;4.16&#8243; background_size=&#8221;initial&#8221; background_position=&#8221;top_left&#8221; background_repeat=&#8221;repeat&#8221; custom_padding=&#8221;||0px|&#8221; global_colors_info=&#8221;{}&#8221;][et_pb_column type=&#8221;4_4&#8243; _builder_version=&#8221;4.16&#8243; custom_padding=&#8221;|||&#8221; global_colors_info=&#8221;{}&#8221; custom_padding__hover=&#8221;|||&#8221;][et_pb_post_title meta=&#8221;off&#8221; featured_image=&#8221;off&#8221; disabled_on=&#8221;off|off|off&#8221; _builder_version=&#8221;4.16&#8243; global_colors_info=&#8221;{}&#8221;][\/et_pb_post_title][\/et_pb_column][\/et_pb_row][\/et_pb_section][et_pb_section fb_built=&#8221;1&#8243; _builder_version=&#8221;4.16&#8243; global_colors_info=&#8221;{}&#8221;][et_pb_row _builder_version=&#8221;4.16&#8243; background_size=&#8221;initial&#8221; background_position=&#8221;top_left&#8221; background_repeat=&#8221;repeat&#8221; global_colors_info=&#8221;{}&#8221;][et_pb_column type=&#8221;4_4&#8243; _builder_version=&#8221;4.16&#8243; custom_padding=&#8221;|||&#8221; global_colors_info=&#8221;{}&#8221; custom_padding__hover=&#8221;|||&#8221;][et_pb_text _builder_version=&#8221;4.24.0&#8243; z_index_tablet=&#8221;500&#8243; text_text_shadow_horizontal_length_tablet=&#8221;0px&#8221; text_text_shadow_vertical_length_tablet=&#8221;0px&#8221; text_text_shadow_blur_strength_tablet=&#8221;1px&#8221; link_text_shadow_horizontal_length_tablet=&#8221;0px&#8221; link_text_shadow_vertical_length_tablet=&#8221;0px&#8221; link_text_shadow_blur_strength_tablet=&#8221;1px&#8221; ul_text_shadow_horizontal_length_tablet=&#8221;0px&#8221; ul_text_shadow_vertical_length_tablet=&#8221;0px&#8221; ul_text_shadow_blur_strength_tablet=&#8221;1px&#8221; ol_text_shadow_horizontal_length_tablet=&#8221;0px&#8221; ol_text_shadow_vertical_length_tablet=&#8221;0px&#8221; ol_text_shadow_blur_strength_tablet=&#8221;1px&#8221; quote_text_shadow_horizontal_length_tablet=&#8221;0px&#8221; quote_text_shadow_vertical_length_tablet=&#8221;0px&#8221; quote_text_shadow_blur_strength_tablet=&#8221;1px&#8221; header_text_shadow_horizontal_length_tablet=&#8221;0px&#8221; header_text_shadow_vertical_length_tablet=&#8221;0px&#8221; header_text_shadow_blur_strength_tablet=&#8221;1px&#8221; header_2_text_shadow_horizontal_length_tablet=&#8221;0px&#8221; header_2_text_shadow_vertical_length_tablet=&#8221;0px&#8221; header_2_text_shadow_blur_strength_tablet=&#8221;1px&#8221; header_3_text_shadow_horizontal_length_tablet=&#8221;0px&#8221; header_3_text_shadow_vertical_length_tablet=&#8221;0px&#8221; header_3_text_shadow_blur_strength_tablet=&#8221;1px&#8221; header_4_text_shadow_horizontal_length_tablet=&#8221;0px&#8221; header_4_text_shadow_vertical_length_tablet=&#8221;0px&#8221; header_4_text_shadow_blur_strength_tablet=&#8221;1px&#8221; header_5_text_shadow_horizontal_length_tablet=&#8221;0px&#8221; header_5_text_shadow_vertical_length_tablet=&#8221;0px&#8221; header_5_text_shadow_blur_strength_tablet=&#8221;1px&#8221; header_6_text_shadow_horizontal_length_tablet=&#8221;0px&#8221; header_6_text_shadow_vertical_length_tablet=&#8221;0px&#8221; header_6_text_shadow_blur_strength_tablet=&#8221;1px&#8221; box_shadow_horizontal_tablet=&#8221;0px&#8221; box_shadow_vertical_tablet=&#8221;0px&#8221; box_shadow_blur_tablet=&#8221;40px&#8221; box_shadow_spread_tablet=&#8221;0px&#8221; global_colors_info=&#8221;{}&#8221;]<\/p>\n<h2>ESG-related data transparency and disclosure<\/h2>\n<p>The integration of ESG information into investment decision-making depends on the institutional investment sector\u2019s collective capacity to base decisions on quality, readily-accessible data. This data increases the productivity of investors\u2019 shareholder engagement efforts while bringing value to the enterprise.<\/p>\n<p>B\u00e2tirente thus supports several initiatives aimed at improving the quality of disclosure.<\/p>\n<h3>PRI annual report<\/h3>\n<p>The PRI ask their signatories to participate in an annual evaluation of their implementation of the 6 principles making up the declaration. We therefore report on our achievements and results in a report validated by the PRI, which reaffirm in 2020 the excellence of our results&#8217; disclosure.<\/p>\n<p>Consult our reports:<\/p>\n<ul>\n<li><a target='_blank'      href='https:\/\/www.batirente.com\/en\/?wpdmdl=12048'>2020 PRI Assessment Report<\/a><\/li>\n<li><a target='_blank'      href='https:\/\/www.batirente.com\/en\/?wpdmdl=12059'>2020 RI Transparency Report<\/a><\/li>\n<\/ul>\n<h3>Montr\u00e9al Carbon Pledge<\/h3>\n<p>B\u00e2tirente was among the first signatories to the Montr\u00e9al Carbon Pledge in September 2014. As such, B\u00e2tirente deems that it has a duty to its members and to society to measure its exposure to carbon risk and to consider the various ways of mitigating the associated risks as well as capitalizing on the new investment opportunities.<br \/>Consult the <a target='_blank'      href='https:\/\/www.batirente.com\/en\/?wpdmdl=12259'>Carbon Footprint Report<\/a>.<\/p>\n<p>Task Force on Climate-related Financial Disclosures (TCFD)<\/p>\n<p>The <a href=\"https:\/\/www.fsb-tcfd.org\/\" target=\"_blank\" rel=\"noopener noreferrer\">TCFD <\/a>seeks to develop recommendations for consistent, comparable, reliable, clear and efficient climate-related financial disclosures that provide useful information to lenders, insurers and investors.<\/p>\n<p>[\/et_pb_text][\/et_pb_column][\/et_pb_row][\/et_pb_section]<\/p>\n","protected":false},"excerpt":{"rendered":"<p>ESG-related data transparency and disclosure The integration of ESG information into investment decision-making depends on the institutional investment sector\u2019s collective capacity to base decisions on quality, readily-accessible data. This data increases the productivity of investors\u2019 shareholder engagement efforts while bringing value to the enterprise. B\u00e2tirente thus supports several initiatives aimed at improving the quality of disclosure. PRI annual report The PRI ask their signatories to participate in an annual evaluation of their implementation of the 6 principles making up the declaration. We therefore report on our achievements and results in a report validated by the PRI, which reaffirm in 2020 the excellence of our results&#8217; disclosure. Consult our reports: <a target='_blank'      href='https:\/\/www.batirente.com\/en\/?wpdmdl=12048'>2020 PRI Assessment Report<\/a> <a target='_blank'      href='https:\/\/www.batirente.com\/en\/?wpdmdl=12059'>2020 RI Transparency Report<\/a> Montr\u00e9al Carbon Pledge B\u00e2tirente was among the first signatories to the Montr\u00e9al Carbon Pledge in September 2014. As such, B\u00e2tirente deems that it has a duty to its members and to society to measure its exposure to carbon risk and to consider the various ways of mitigating the associated risks as well as capitalizing on the new investment opportunities.Consult the <a target='_blank'      href='https:\/\/www.batirente.com\/en\/?wpdmdl=12259'>Carbon Footprint Report<\/a>. Task Force on Climate-related Financial Disclosures (TCFD) The [&hellip;]<\/p>\n","protected":false},"author":4,"featured_media":0,"parent":655,"menu_order":0,"comment_status":"closed","ping_status":"closed","template":"","meta":{"_acf_changed":false,"_et_pb_use_builder":"on","_et_pb_old_content":"","_et_gb_content_width":"","inline_featured_image":false,"footnotes":""},"class_list":["post-659","page","type-page","status-publish","hentry"],"acf":[],"yoast_head":"<!-- This site is optimized with the Yoast SEO plugin v27.3 - https:\/\/yoast.com\/product\/yoast-seo-wordpress\/ -->\n<title>Measure - B\u00e2tirente<\/title>\n<meta name=\"robots\" content=\"index, follow, max-snippet:-1, max-image-preview:large, max-video-preview:-1\" \/>\n<link rel=\"canonical\" href=\"https:\/\/www.batirente.com\/en\/responsible-investment\/measure\/\" \/>\n<meta property=\"og:locale\" content=\"en_US\" \/>\n<meta property=\"og:type\" content=\"article\" \/>\n<meta property=\"og:title\" content=\"Measure - B\u00e2tirente\" \/>\n<meta property=\"og:description\" content=\"ESG-related data transparency and disclosure The integration of ESG information into investment decision-making depends on the institutional investment sector\u2019s collective capacity to base decisions on quality, readily-accessible data. This data increases the productivity of investors\u2019 shareholder engagement efforts while bringing value to the enterprise. B\u00e2tirente thus supports several initiatives aimed at improving the quality of disclosure. PRI annual report The PRI ask their signatories to participate in an annual evaluation of their implementation of the 6 principles making up the declaration. We therefore report on our achievements and results in a report validated by the PRI, which reaffirm in 2020 the excellence of our results&#039; disclosure. Consult our reports:  Montr\u00e9al Carbon Pledge B\u00e2tirente was among the first signatories to the Montr\u00e9al Carbon Pledge in September 2014. As such, B\u00e2tirente deems that it has a duty to its members and to society to measure its exposure to carbon risk and to consider the various ways of mitigating the associated risks as well as capitalizing on the new investment opportunities.Consult the . Task Force on Climate-related Financial Disclosures (TCFD) The [&hellip;]\" \/>\n<meta property=\"og:url\" content=\"https:\/\/www.batirente.com\/en\/responsible-investment\/measure\/\" \/>\n<meta property=\"og:site_name\" content=\"B\u00e2tirente\" \/>\n<meta property=\"article:publisher\" content=\"https:\/\/www.facebook.com\/batirente\/\" \/>\n<meta property=\"article:modified_time\" content=\"2024-02-12T15:29:14+00:00\" \/>\n<meta name=\"twitter:card\" content=\"summary_large_image\" \/>\n<meta name=\"twitter:site\" content=\"@Batirente\" \/>\n<meta name=\"twitter:label1\" content=\"Est. reading time\" \/>\n\t<meta name=\"twitter:data1\" content=\"2 minutes\" \/>\n<script type=\"application\/ld+json\" class=\"yoast-schema-graph\">{\"@context\":\"https:\\\/\\\/schema.org\",\"@graph\":[{\"@type\":\"WebPage\",\"@id\":\"https:\\\/\\\/www.batirente.com\\\/en\\\/responsible-investment\\\/measure\\\/\",\"url\":\"https:\\\/\\\/www.batirente.com\\\/en\\\/responsible-investment\\\/measure\\\/\",\"name\":\"Measure - B\u00e2tirente\",\"isPartOf\":{\"@id\":\"https:\\\/\\\/www.batirente.com\\\/#website\"},\"datePublished\":\"2019-01-06T18:19:10+00:00\",\"dateModified\":\"2024-02-12T15:29:14+00:00\",\"breadcrumb\":{\"@id\":\"https:\\\/\\\/www.batirente.com\\\/en\\\/responsible-investment\\\/measure\\\/#breadcrumb\"},\"inLanguage\":\"en-US\",\"potentialAction\":[{\"@type\":\"ReadAction\",\"target\":[\"https:\\\/\\\/www.batirente.com\\\/en\\\/responsible-investment\\\/measure\\\/\"]}]},{\"@type\":\"BreadcrumbList\",\"@id\":\"https:\\\/\\\/www.batirente.com\\\/en\\\/responsible-investment\\\/measure\\\/#breadcrumb\",\"itemListElement\":[{\"@type\":\"ListItem\",\"position\":1,\"name\":\"Accueil\",\"item\":\"https:\\\/\\\/www.batirente.com\\\/en\\\/\"},{\"@type\":\"ListItem\",\"position\":2,\"name\":\"Responsible investment\",\"item\":\"https:\\\/\\\/www.batirente.com\\\/en\\\/responsible-investment\\\/\"},{\"@type\":\"ListItem\",\"position\":3,\"name\":\"Measure\"}]},{\"@type\":\"WebSite\",\"@id\":\"https:\\\/\\\/www.batirente.com\\\/#website\",\"url\":\"https:\\\/\\\/www.batirente.com\\\/\",\"name\":\"B\u00e2tirente\",\"description\":\"Ma retraite. Notre force.\",\"publisher\":{\"@id\":\"https:\\\/\\\/www.batirente.com\\\/#organization\"},\"potentialAction\":[{\"@type\":\"SearchAction\",\"target\":{\"@type\":\"EntryPoint\",\"urlTemplate\":\"https:\\\/\\\/www.batirente.com\\\/?s={search_term_string}\"},\"query-input\":{\"@type\":\"PropertyValueSpecification\",\"valueRequired\":true,\"valueName\":\"search_term_string\"}}],\"inLanguage\":\"en-US\"},{\"@type\":\"Organization\",\"@id\":\"https:\\\/\\\/www.batirente.com\\\/#organization\",\"name\":\"B\u00e2tirente\",\"url\":\"https:\\\/\\\/www.batirente.com\\\/\",\"logo\":{\"@type\":\"ImageObject\",\"inLanguage\":\"en-US\",\"@id\":\"https:\\\/\\\/www.batirente.com\\\/#\\\/schema\\\/logo\\\/image\\\/\",\"url\":\"https:\\\/\\\/www.batirente.com\\\/wp-content\\\/uploads\\\/2019\\\/01\\\/2017-logo.jpg\",\"contentUrl\":\"https:\\\/\\\/www.batirente.com\\\/wp-content\\\/uploads\\\/2019\\\/01\\\/2017-logo.jpg\",\"width\":750,\"height\":450,\"caption\":\"B\u00e2tirente\"},\"image\":{\"@id\":\"https:\\\/\\\/www.batirente.com\\\/#\\\/schema\\\/logo\\\/image\\\/\"},\"sameAs\":[\"https:\\\/\\\/www.facebook.com\\\/batirente\\\/\",\"https:\\\/\\\/x.com\\\/Batirente\",\"https:\\\/\\\/www.linkedin.com\\\/company\\\/batirente\"]}]}<\/script>\n<!-- \/ Yoast SEO plugin. -->","yoast_head_json":{"title":"Measure - B\u00e2tirente","robots":{"index":"index","follow":"follow","max-snippet":"max-snippet:-1","max-image-preview":"max-image-preview:large","max-video-preview":"max-video-preview:-1"},"canonical":"https:\/\/www.batirente.com\/en\/responsible-investment\/measure\/","og_locale":"en_US","og_type":"article","og_title":"Measure - B\u00e2tirente","og_description":"ESG-related data transparency and disclosure The integration of ESG information into investment decision-making depends on the institutional investment sector\u2019s collective capacity to base decisions on quality, readily-accessible data. This data increases the productivity of investors\u2019 shareholder engagement efforts while bringing value to the enterprise. B\u00e2tirente thus supports several initiatives aimed at improving the quality of disclosure. PRI annual report The PRI ask their signatories to participate in an annual evaluation of their implementation of the 6 principles making up the declaration. We therefore report on our achievements and results in a report validated by the PRI, which reaffirm in 2020 the excellence of our results' disclosure. Consult our reports:  Montr\u00e9al Carbon Pledge B\u00e2tirente was among the first signatories to the Montr\u00e9al Carbon Pledge in September 2014. As such, B\u00e2tirente deems that it has a duty to its members and to society to measure its exposure to carbon risk and to consider the various ways of mitigating the associated risks as well as capitalizing on the new investment opportunities.Consult the . Task Force on Climate-related Financial Disclosures (TCFD) The [&hellip;]","og_url":"https:\/\/www.batirente.com\/en\/responsible-investment\/measure\/","og_site_name":"B\u00e2tirente","article_publisher":"https:\/\/www.facebook.com\/batirente\/","article_modified_time":"2024-02-12T15:29:14+00:00","twitter_card":"summary_large_image","twitter_site":"@Batirente","twitter_misc":{"Est. reading time":"2 minutes"},"schema":{"@context":"https:\/\/schema.org","@graph":[{"@type":"WebPage","@id":"https:\/\/www.batirente.com\/en\/responsible-investment\/measure\/","url":"https:\/\/www.batirente.com\/en\/responsible-investment\/measure\/","name":"Measure - B\u00e2tirente","isPartOf":{"@id":"https:\/\/www.batirente.com\/#website"},"datePublished":"2019-01-06T18:19:10+00:00","dateModified":"2024-02-12T15:29:14+00:00","breadcrumb":{"@id":"https:\/\/www.batirente.com\/en\/responsible-investment\/measure\/#breadcrumb"},"inLanguage":"en-US","potentialAction":[{"@type":"ReadAction","target":["https:\/\/www.batirente.com\/en\/responsible-investment\/measure\/"]}]},{"@type":"BreadcrumbList","@id":"https:\/\/www.batirente.com\/en\/responsible-investment\/measure\/#breadcrumb","itemListElement":[{"@type":"ListItem","position":1,"name":"Accueil","item":"https:\/\/www.batirente.com\/en\/"},{"@type":"ListItem","position":2,"name":"Responsible investment","item":"https:\/\/www.batirente.com\/en\/responsible-investment\/"},{"@type":"ListItem","position":3,"name":"Measure"}]},{"@type":"WebSite","@id":"https:\/\/www.batirente.com\/#website","url":"https:\/\/www.batirente.com\/","name":"B\u00e2tirente","description":"Ma retraite. Notre force.","publisher":{"@id":"https:\/\/www.batirente.com\/#organization"},"potentialAction":[{"@type":"SearchAction","target":{"@type":"EntryPoint","urlTemplate":"https:\/\/www.batirente.com\/?s={search_term_string}"},"query-input":{"@type":"PropertyValueSpecification","valueRequired":true,"valueName":"search_term_string"}}],"inLanguage":"en-US"},{"@type":"Organization","@id":"https:\/\/www.batirente.com\/#organization","name":"B\u00e2tirente","url":"https:\/\/www.batirente.com\/","logo":{"@type":"ImageObject","inLanguage":"en-US","@id":"https:\/\/www.batirente.com\/#\/schema\/logo\/image\/","url":"https:\/\/www.batirente.com\/wp-content\/uploads\/2019\/01\/2017-logo.jpg","contentUrl":"https:\/\/www.batirente.com\/wp-content\/uploads\/2019\/01\/2017-logo.jpg","width":750,"height":450,"caption":"B\u00e2tirente"},"image":{"@id":"https:\/\/www.batirente.com\/#\/schema\/logo\/image\/"},"sameAs":["https:\/\/www.facebook.com\/batirente\/","https:\/\/x.com\/Batirente","https:\/\/www.linkedin.com\/company\/batirente"]}]}},"_links":{"self":[{"href":"https:\/\/www.batirente.com\/en\/wp-json\/wp\/v2\/pages\/659","targetHints":{"allow":["GET"]}}],"collection":[{"href":"https:\/\/www.batirente.com\/en\/wp-json\/wp\/v2\/pages"}],"about":[{"href":"https:\/\/www.batirente.com\/en\/wp-json\/wp\/v2\/types\/page"}],"author":[{"embeddable":true,"href":"https:\/\/www.batirente.com\/en\/wp-json\/wp\/v2\/users\/4"}],"replies":[{"embeddable":true,"href":"https:\/\/www.batirente.com\/en\/wp-json\/wp\/v2\/comments?post=659"}],"version-history":[{"count":0,"href":"https:\/\/www.batirente.com\/en\/wp-json\/wp\/v2\/pages\/659\/revisions"}],"up":[{"embeddable":true,"href":"https:\/\/www.batirente.com\/en\/wp-json\/wp\/v2\/pages\/655"}],"wp:attachment":[{"href":"https:\/\/www.batirente.com\/en\/wp-json\/wp\/v2\/media?parent=659"}],"curies":[{"name":"wp","href":"https:\/\/api.w.org\/{rel}","templated":true}]}}