{"id":682,"date":"2019-01-07T14:36:45","date_gmt":"2019-01-07T19:36:45","guid":{"rendered":"https:\/\/www.batirente.qc.ca\/i-contribute\/"},"modified":"2024-02-12T14:07:32","modified_gmt":"2024-02-12T19:07:32","slug":"i-contribute","status":"publish","type":"page","link":"https:\/\/www.batirente.com\/en\/enrol-online\/i-contribute\/","title":{"rendered":"I contribute"},"content":{"rendered":"<p>[et_pb_section fb_built=&#8221;1&#8243; fullwidth=&#8221;on&#8221; _builder_version=&#8221;4.16&#8243; global_colors_info=&#8221;{}&#8221;][et_pb_fullwidth_image src=&#8221;https:\/\/www.batirente.com\/wp-content\/uploads\/2019\/01\/je-cotise.jpg&#8221; _builder_version=&#8221;4.16&#8243; global_colors_info=&#8221;{}&#8221;][\/et_pb_fullwidth_image][\/et_pb_section][et_pb_section fb_built=&#8221;1&#8243; disabled_on=&#8221;off|off|off&#8221; _builder_version=&#8221;3.19.3&#8243; custom_padding=&#8221;||0px|&#8221; global_module=&#8221;1327&#8243; global_colors_info=&#8221;{}&#8221;][et_pb_row _builder_version=&#8221;4.16&#8243; background_size=&#8221;initial&#8221; background_position=&#8221;top_left&#8221; background_repeat=&#8221;repeat&#8221; custom_padding=&#8221;||0px|&#8221; global_colors_info=&#8221;{}&#8221;][et_pb_column type=&#8221;4_4&#8243; _builder_version=&#8221;4.16&#8243; custom_padding=&#8221;|||&#8221; global_colors_info=&#8221;{}&#8221; custom_padding__hover=&#8221;|||&#8221;][et_pb_post_title meta=&#8221;off&#8221; featured_image=&#8221;off&#8221; disabled_on=&#8221;off|off|off&#8221; _builder_version=&#8221;4.16&#8243; global_colors_info=&#8221;{}&#8221;][\/et_pb_post_title][\/et_pb_column][\/et_pb_row][\/et_pb_section][et_pb_section fb_built=&#8221;1&#8243; _builder_version=&#8221;4.16&#8243; global_colors_info=&#8221;{}&#8221;][et_pb_row _builder_version=&#8221;4.16&#8243; background_size=&#8221;initial&#8221; background_position=&#8221;top_left&#8221; background_repeat=&#8221;repeat&#8221; global_colors_info=&#8221;{}&#8221;][et_pb_column type=&#8221;4_4&#8243; _builder_version=&#8221;4.16&#8243; custom_padding=&#8221;|||&#8221; global_colors_info=&#8221;{}&#8221; custom_padding__hover=&#8221;|||&#8221;][et_pb_text _builder_version=&#8221;4.17.4&#8243; hover_enabled=&#8221;0&#8243; global_colors_info=&#8221;{}&#8221; sticky_enabled=&#8221;0&#8243;]<\/p>\n<h2>Contribute online, it&#8217;s quick and simple!<\/h2>\n<p>You can now make your contributions entirely online, other than payroll deductions.<\/p>\n<p>[\/et_pb_text][et_pb_toggle title=&#8221;Online contribution&#8221; admin_label=&#8221;bascule online contribution&#8221; _builder_version=&#8221;4.24.0&#8243; _module_preset=&#8221;default&#8221; hover_enabled=&#8221;0&#8243; border_radii=&#8221;off|||25px|&#8221; global_colors_info=&#8221;{}&#8221; sticky_enabled=&#8221;0&#8243;]<\/p>\n<ol>\n<li>The <em><strong>Contribute <\/strong><\/em>section under the <em><strong>My transactions<\/strong><\/em> tab of the \u00a0<a class=\"btn-login btn-green\" href=\"https:\/\/www.batirente.com\/en\/my-account\/\">MY ACCOUNT<\/a>\u200b secure section allows you to pre-authorize debits from your bank account.\n<p>Here&#8217;s <a target='_blank'      href='https:\/\/www.batirente.com\/en\/?wpdmdl=10981'>How to do it<\/a>, step by step!<\/p>\n<\/li>\n<\/ol>\n<p>[\/et_pb_toggle][et_pb_text _builder_version=&#8221;4.16&#8243; hover_enabled=&#8221;0&#8243; global_colors_info=&#8221;{}&#8221; sticky_enabled=&#8221;0&#8243;]<\/p>\n<p>Other alternatives are also available:<\/p>\n<p>[\/et_pb_text][et_pb_toggle title=&#8221;Pre-authorized debit&#8221; admin_label=&#8221;bascule pre-authorized debit&#8221; _builder_version=&#8221;4.17.4&#8243; _module_preset=&#8221;default&#8221; hover_enabled=&#8221;0&#8243; border_radii=&#8221;off|||25px|&#8221; global_colors_info=&#8221;{}&#8221; sticky_enabled=&#8221;0&#8243;]<\/p>\n<ol>\n<li>Go to your account online via the button <a class=\"btn-login btn-green\" href=\"https:\/\/www.batirente.com\/en\/my-account\/\">My account<\/a> and sign in to a secure session.<\/li>\n<li>Complete the form &#8220;<strong>Individual PAD pre-authorized debit agreement<\/strong>&#8220;.<\/li>\n<li>Attach a check specimen.<\/li>\n<li>Send the check to the following address:<\/li>\n<\/ol>\n<p><strong>B\u00e2tirente a\/s Desjardins S\u00e9curit\u00e9 financi\u00e8re<\/strong> \u00c9pargne-retraite collective C.P. 1355, Succursale Desjardins Montr\u00e9al (Qu\u00e9bec) H5B 1C4<\/p>\n<p>[\/et_pb_toggle][et_pb_toggle title=&#8221;Online payment&#8221; admin_label=&#8221;bascule online payment&#8221; _builder_version=&#8221;4.16&#8243; _module_preset=&#8221;default&#8221; hover_enabled=&#8221;0&#8243; border_radii=&#8221;off|||25px|&#8221; global_colors_info=&#8221;{}&#8221; sticky_enabled=&#8221;0&#8243;]<\/p>\n<p>You can set up online contribution payments via the website of your financial institution by adding B\u00e2tirente to your list of authorized suppliers.<\/p>\n<ol>\n<li>Go to your account online via the button <a class=\"btn-login btn-green\" href=\"https:\/\/www.batirente.com\/en\/my-account\/\">My account<\/a> and sign in to a secure session.<\/li>\n<li>Click on the <strong>&#8220;My profile&#8221;<\/strong> button.<\/li>\n<li>Locate the &#8220;<strong>Plan information<\/strong>&#8221; section, and write down your <strong>group plan<\/strong> and <strong>participant numbers.<br \/><img decoding=\"async\" class=\"alignnone wp-image-3250 size-medium\" src=\"https:\/\/www.batirente.com\/wp-content\/uploads\/2019\/11\/plan-information-300x123.jpg\" alt=\"\" width=\"300\" height=\"123\" \/><\/strong><\/li>\n<li>Access your online account on the website of your financial institution.<\/li>\n<li>In the<strong> account number field<\/strong>, provide the information illustrated in the following example:<br \/><img decoding=\"async\" class=\"alignnone size-medium wp-image-180\" src=\"https:\/\/www.batirente.com\/wp-content\/uploads\/2019\/01\/virement-electronique_06-300x75.jpg\" alt=\"Virement \u00e9lectronique - num\u00e9ro de compte\" width=\"300\" height=\"75\" srcset=\"https:\/\/www.batirente.com\/wp-content\/uploads\/2019\/01\/virement-electronique_06-300x75.jpg 300w, https:\/\/www.batirente.com\/wp-content\/uploads\/2019\/01\/virement-electronique_06.jpg 535w\" sizes=\"(max-width: 300px) 100vw, 300px\" \/><\/li>\n<\/ol>\n<p>To determine what letters to add, refer to the table below.<br \/><img decoding=\"async\" class=\"alignnone wp-image-182 size-medium\" title=\"Virement \u00e9lectronique - les 4 lettres du r\u00e9gime\" src=\"https:\/\/www.batirente.com\/wp-content\/uploads\/2019\/01\/virement-electronique_4-lettres-300x75.jpg\" alt=\"Virement \u00e9lectronique - les 4 lettres du r\u00e9gime\" width=\"300\" height=\"75\" srcset=\"https:\/\/www.batirente.com\/wp-content\/uploads\/2019\/01\/virement-electronique_4-lettres-300x75.jpg 300w, https:\/\/www.batirente.com\/wp-content\/uploads\/2019\/01\/virement-electronique_4-lettres.jpg 535w\" sizes=\"(max-width: 300px) 100vw, 300px\" \/><\/p>\n<p>[\/et_pb_toggle][et_pb_toggle title=&#8221;Cheque payment&#8221; admin_label=&#8221;bascule cheque&#8221; _builder_version=&#8221;4.16&#8243; _module_preset=&#8221;default&#8221; hover_enabled=&#8221;0&#8243; border_radii=&#8221;off|||25px|&#8221; global_colors_info=&#8221;{}&#8221; sticky_enabled=&#8221;0&#8243;]<\/p>\n<ol>\n<li>Go to your account online via the button <a class=\"btn-login btn-green\" href=\"https:\/\/www.batirente.com\/en\/my-account\/\">My account<\/a> and sign in to a secure session.<\/li>\n<li>Complete the form <strong>\u201cLump Sum Payment\u201d<\/strong>.<\/li>\n<li>Attach a check specimen.<\/li>\n<li>Send the check to the following address:<\/li>\n<\/ol>\n<p><strong>B\u00e2tirente c\/o Desjardins Financial Security<\/strong> Group Retirement Savings P.O. Box 1355, Succursale Desjardins Montr\u00e9al (Qu\u00e9bec) H5B 1C4<\/p>\n<p>[\/et_pb_toggle][et_pb_toggle title=&#8221;Transfer of savings from another financial institution&#8221; admin_label=&#8221;bascule transfer&#8221; _builder_version=&#8221;4.24.0&#8243; _module_preset=&#8221;default&#8221; hover_enabled=&#8221;0&#8243; border_radii=&#8221;off|||25px|&#8221; global_colors_info=&#8221;{}&#8221; sticky_enabled=&#8221;0&#8243;]<\/p>\n<p>Contact the B\u00e2tirente <a href=\"https:\/\/www.batirente.com\/en\/contact-us\/\">Member Services Centre<\/a> whom will tell you how.<\/p>\n<p><strong>Business hours<\/strong><br \/>Monday to Friday, from 8 a.m. to 8 p.m.<br \/>Phone:\u00a0 <a href=\"tel:18004636984\">1 800\u00a0463-6984<\/a><br \/>Fax:\u00a0 <a href=\"tel:18773508555\">1 877\u00a0350-8555<\/a><br \/>Email:\u00a0 <a href=\"mailto:batirente@dsf.ca\" rel=\"nofollow\">batirente@dsf.ca<\/a><\/p>\n<p>[\/et_pb_toggle][\/et_pb_column][\/et_pb_row][\/et_pb_section]<\/p>\n","protected":false},"excerpt":{"rendered":"<p>Contribute online, it&#8217;s quick and simple! You can now make your contributions entirely online, other than payroll deductions. The Contribute section under the My transactions tab of the \u00a0MY ACCOUNT\u200b secure section allows you to pre-authorize debits from your bank account. Here&#8217;s <a target='_blank'      href='https:\/\/www.batirente.com\/en\/?wpdmdl=10981'>How to do it<\/a>, step by step! Other alternatives are also available: Go to your account online via the button My account and sign in to a secure session. Complete the form &#8220;Individual PAD pre-authorized debit agreement&#8221;. Attach a check specimen. Send the check to the following address: B\u00e2tirente a\/s Desjardins S\u00e9curit\u00e9 financi\u00e8re \u00c9pargne-retraite collective C.P. 1355, Succursale Desjardins Montr\u00e9al (Qu\u00e9bec) H5B 1C4You can set up online contribution payments via the website of your financial institution by adding B\u00e2tirente to your list of authorized suppliers. Go to your account online via the button My account and sign in to a secure session. Click on the &#8220;My profile&#8221; button. Locate the &#8220;Plan information&#8221; section, and write down your group plan and participant numbers. Access your online account on the website of your financial institution. In the account number field, provide the information illustrated in the following example: To determine what letters to add, refer to [&hellip;]<\/p>\n","protected":false},"author":4,"featured_media":0,"parent":978,"menu_order":0,"comment_status":"closed","ping_status":"closed","template":"","meta":{"_acf_changed":false,"_et_pb_use_builder":"on","_et_pb_old_content":"","_et_gb_content_width":"","inline_featured_image":false,"footnotes":""},"class_list":["post-682","page","type-page","status-publish","hentry"],"acf":[],"yoast_head":"<!-- This site is optimized with the Yoast SEO plugin v27.5 - https:\/\/yoast.com\/product\/yoast-seo-wordpress\/ -->\n<title>I contribute - B\u00e2tirente<\/title>\n<meta name=\"robots\" content=\"index, follow, max-snippet:-1, max-image-preview:large, max-video-preview:-1\" \/>\n<link rel=\"canonical\" href=\"https:\/\/www.batirente.com\/en\/enrol-online\/i-contribute\/\" \/>\n<meta property=\"og:locale\" content=\"en_US\" \/>\n<meta property=\"og:type\" content=\"article\" \/>\n<meta property=\"og:title\" content=\"I contribute - B\u00e2tirente\" \/>\n<meta property=\"og:description\" content=\"Contribute online, it&#039;s quick and simple! You can now make your contributions entirely online, other than payroll deductions. The Contribute section under the My transactions tab of the \u00a0MY ACCOUNT\u200b secure section allows you to pre-authorize debits from your bank account. Here&#039;s , step by step! Other alternatives are also available: Go to your account online via the button My account and sign in to a secure session. Complete the form &quot;Individual PAD pre-authorized debit agreement&quot;. Attach a check specimen. Send the check to the following address: B\u00e2tirente a\/s Desjardins S\u00e9curit\u00e9 financi\u00e8re \u00c9pargne-retraite collective C.P. 1355, Succursale Desjardins Montr\u00e9al (Qu\u00e9bec) H5B 1C4You can set up online contribution payments via the website of your financial institution by adding B\u00e2tirente to your list of authorized suppliers. Go to your account online via the button My account and sign in to a secure session. Click on the &quot;My profile&quot; button. Locate the &quot;Plan information&quot; section, and write down your group plan and participant numbers. Access your online account on the website of your financial institution. In the account number field, provide the information illustrated in the following example: To determine what letters to add, refer to [&hellip;]\" \/>\n<meta property=\"og:url\" content=\"https:\/\/www.batirente.com\/en\/enrol-online\/i-contribute\/\" \/>\n<meta property=\"og:site_name\" content=\"B\u00e2tirente\" \/>\n<meta property=\"article:publisher\" content=\"https:\/\/www.facebook.com\/batirente\/\" \/>\n<meta property=\"article:modified_time\" content=\"2024-02-12T19:07:32+00:00\" \/>\n<meta property=\"og:image\" content=\"https:\/\/www.batirente.com\/wp-content\/uploads\/2019\/11\/plan-information-300x123.jpg\" \/>\n<meta name=\"twitter:card\" content=\"summary_large_image\" \/>\n<meta name=\"twitter:site\" content=\"@Batirente\" \/>\n<meta name=\"twitter:label1\" content=\"Est. reading time\" \/>\n\t<meta name=\"twitter:data1\" content=\"3 minutes\" \/>\n<script type=\"application\/ld+json\" class=\"yoast-schema-graph\">{\"@context\":\"https:\\\/\\\/schema.org\",\"@graph\":[{\"@type\":\"WebPage\",\"@id\":\"https:\\\/\\\/www.batirente.com\\\/en\\\/enrol-online\\\/i-contribute\\\/\",\"url\":\"https:\\\/\\\/www.batirente.com\\\/en\\\/enrol-online\\\/i-contribute\\\/\",\"name\":\"I contribute - B\u00e2tirente\",\"isPartOf\":{\"@id\":\"https:\\\/\\\/www.batirente.com\\\/#website\"},\"primaryImageOfPage\":{\"@id\":\"https:\\\/\\\/www.batirente.com\\\/en\\\/enrol-online\\\/i-contribute\\\/#primaryimage\"},\"image\":{\"@id\":\"https:\\\/\\\/www.batirente.com\\\/en\\\/enrol-online\\\/i-contribute\\\/#primaryimage\"},\"thumbnailUrl\":\"https:\\\/\\\/www.batirente.com\\\/wp-content\\\/uploads\\\/2019\\\/11\\\/plan-information-300x123.jpg\",\"datePublished\":\"2019-01-07T19:36:45+00:00\",\"dateModified\":\"2024-02-12T19:07:32+00:00\",\"breadcrumb\":{\"@id\":\"https:\\\/\\\/www.batirente.com\\\/en\\\/enrol-online\\\/i-contribute\\\/#breadcrumb\"},\"inLanguage\":\"en-US\",\"potentialAction\":[{\"@type\":\"ReadAction\",\"target\":[\"https:\\\/\\\/www.batirente.com\\\/en\\\/enrol-online\\\/i-contribute\\\/\"]}]},{\"@type\":\"ImageObject\",\"inLanguage\":\"en-US\",\"@id\":\"https:\\\/\\\/www.batirente.com\\\/en\\\/enrol-online\\\/i-contribute\\\/#primaryimage\",\"url\":\"https:\\\/\\\/www.batirente.com\\\/wp-content\\\/uploads\\\/2019\\\/11\\\/plan-information-300x123.jpg\",\"contentUrl\":\"https:\\\/\\\/www.batirente.com\\\/wp-content\\\/uploads\\\/2019\\\/11\\\/plan-information-300x123.jpg\"},{\"@type\":\"BreadcrumbList\",\"@id\":\"https:\\\/\\\/www.batirente.com\\\/en\\\/enrol-online\\\/i-contribute\\\/#breadcrumb\",\"itemListElement\":[{\"@type\":\"ListItem\",\"position\":1,\"name\":\"Accueil\",\"item\":\"https:\\\/\\\/www.batirente.com\\\/en\\\/\"},{\"@type\":\"ListItem\",\"position\":2,\"name\":\"Enrol online\",\"item\":\"https:\\\/\\\/www.batirente.com\\\/en\\\/enrol-online\\\/\"},{\"@type\":\"ListItem\",\"position\":3,\"name\":\"I contribute\"}]},{\"@type\":\"WebSite\",\"@id\":\"https:\\\/\\\/www.batirente.com\\\/#website\",\"url\":\"https:\\\/\\\/www.batirente.com\\\/\",\"name\":\"B\u00e2tirente\",\"description\":\"Ma retraite. Notre force.\",\"publisher\":{\"@id\":\"https:\\\/\\\/www.batirente.com\\\/#organization\"},\"potentialAction\":[{\"@type\":\"SearchAction\",\"target\":{\"@type\":\"EntryPoint\",\"urlTemplate\":\"https:\\\/\\\/www.batirente.com\\\/?s={search_term_string}\"},\"query-input\":{\"@type\":\"PropertyValueSpecification\",\"valueRequired\":true,\"valueName\":\"search_term_string\"}}],\"inLanguage\":\"en-US\"},{\"@type\":\"Organization\",\"@id\":\"https:\\\/\\\/www.batirente.com\\\/#organization\",\"name\":\"B\u00e2tirente\",\"url\":\"https:\\\/\\\/www.batirente.com\\\/\",\"logo\":{\"@type\":\"ImageObject\",\"inLanguage\":\"en-US\",\"@id\":\"https:\\\/\\\/www.batirente.com\\\/#\\\/schema\\\/logo\\\/image\\\/\",\"url\":\"https:\\\/\\\/www.batirente.com\\\/wp-content\\\/uploads\\\/2019\\\/01\\\/2017-logo.jpg\",\"contentUrl\":\"https:\\\/\\\/www.batirente.com\\\/wp-content\\\/uploads\\\/2019\\\/01\\\/2017-logo.jpg\",\"width\":750,\"height\":450,\"caption\":\"B\u00e2tirente\"},\"image\":{\"@id\":\"https:\\\/\\\/www.batirente.com\\\/#\\\/schema\\\/logo\\\/image\\\/\"},\"sameAs\":[\"https:\\\/\\\/www.facebook.com\\\/batirente\\\/\",\"https:\\\/\\\/x.com\\\/Batirente\",\"https:\\\/\\\/www.linkedin.com\\\/company\\\/batirente\"]}]}<\/script>\n<!-- \/ Yoast SEO plugin. -->","yoast_head_json":{"title":"I contribute - B\u00e2tirente","robots":{"index":"index","follow":"follow","max-snippet":"max-snippet:-1","max-image-preview":"max-image-preview:large","max-video-preview":"max-video-preview:-1"},"canonical":"https:\/\/www.batirente.com\/en\/enrol-online\/i-contribute\/","og_locale":"en_US","og_type":"article","og_title":"I contribute - B\u00e2tirente","og_description":"Contribute online, it's quick and simple! You can now make your contributions entirely online, other than payroll deductions. The Contribute section under the My transactions tab of the \u00a0MY ACCOUNT\u200b secure section allows you to pre-authorize debits from your bank account. Here's , step by step! Other alternatives are also available: Go to your account online via the button My account and sign in to a secure session. Complete the form \"Individual PAD pre-authorized debit agreement\". Attach a check specimen. Send the check to the following address: B\u00e2tirente a\/s Desjardins S\u00e9curit\u00e9 financi\u00e8re \u00c9pargne-retraite collective C.P. 1355, Succursale Desjardins Montr\u00e9al (Qu\u00e9bec) H5B 1C4You can set up online contribution payments via the website of your financial institution by adding B\u00e2tirente to your list of authorized suppliers. Go to your account online via the button My account and sign in to a secure session. Click on the \"My profile\" button. Locate the \"Plan information\" section, and write down your group plan and participant numbers. Access your online account on the website of your financial institution. In the account number field, provide the information illustrated in the following example: To determine what letters to add, refer to [&hellip;]","og_url":"https:\/\/www.batirente.com\/en\/enrol-online\/i-contribute\/","og_site_name":"B\u00e2tirente","article_publisher":"https:\/\/www.facebook.com\/batirente\/","article_modified_time":"2024-02-12T19:07:32+00:00","og_image":[{"url":"https:\/\/www.batirente.com\/wp-content\/uploads\/2019\/11\/plan-information-300x123.jpg","type":"","width":"","height":""}],"twitter_card":"summary_large_image","twitter_site":"@Batirente","twitter_misc":{"Est. reading time":"3 minutes"},"schema":{"@context":"https:\/\/schema.org","@graph":[{"@type":"WebPage","@id":"https:\/\/www.batirente.com\/en\/enrol-online\/i-contribute\/","url":"https:\/\/www.batirente.com\/en\/enrol-online\/i-contribute\/","name":"I contribute - B\u00e2tirente","isPartOf":{"@id":"https:\/\/www.batirente.com\/#website"},"primaryImageOfPage":{"@id":"https:\/\/www.batirente.com\/en\/enrol-online\/i-contribute\/#primaryimage"},"image":{"@id":"https:\/\/www.batirente.com\/en\/enrol-online\/i-contribute\/#primaryimage"},"thumbnailUrl":"https:\/\/www.batirente.com\/wp-content\/uploads\/2019\/11\/plan-information-300x123.jpg","datePublished":"2019-01-07T19:36:45+00:00","dateModified":"2024-02-12T19:07:32+00:00","breadcrumb":{"@id":"https:\/\/www.batirente.com\/en\/enrol-online\/i-contribute\/#breadcrumb"},"inLanguage":"en-US","potentialAction":[{"@type":"ReadAction","target":["https:\/\/www.batirente.com\/en\/enrol-online\/i-contribute\/"]}]},{"@type":"ImageObject","inLanguage":"en-US","@id":"https:\/\/www.batirente.com\/en\/enrol-online\/i-contribute\/#primaryimage","url":"https:\/\/www.batirente.com\/wp-content\/uploads\/2019\/11\/plan-information-300x123.jpg","contentUrl":"https:\/\/www.batirente.com\/wp-content\/uploads\/2019\/11\/plan-information-300x123.jpg"},{"@type":"BreadcrumbList","@id":"https:\/\/www.batirente.com\/en\/enrol-online\/i-contribute\/#breadcrumb","itemListElement":[{"@type":"ListItem","position":1,"name":"Accueil","item":"https:\/\/www.batirente.com\/en\/"},{"@type":"ListItem","position":2,"name":"Enrol online","item":"https:\/\/www.batirente.com\/en\/enrol-online\/"},{"@type":"ListItem","position":3,"name":"I contribute"}]},{"@type":"WebSite","@id":"https:\/\/www.batirente.com\/#website","url":"https:\/\/www.batirente.com\/","name":"B\u00e2tirente","description":"Ma retraite. Notre force.","publisher":{"@id":"https:\/\/www.batirente.com\/#organization"},"potentialAction":[{"@type":"SearchAction","target":{"@type":"EntryPoint","urlTemplate":"https:\/\/www.batirente.com\/?s={search_term_string}"},"query-input":{"@type":"PropertyValueSpecification","valueRequired":true,"valueName":"search_term_string"}}],"inLanguage":"en-US"},{"@type":"Organization","@id":"https:\/\/www.batirente.com\/#organization","name":"B\u00e2tirente","url":"https:\/\/www.batirente.com\/","logo":{"@type":"ImageObject","inLanguage":"en-US","@id":"https:\/\/www.batirente.com\/#\/schema\/logo\/image\/","url":"https:\/\/www.batirente.com\/wp-content\/uploads\/2019\/01\/2017-logo.jpg","contentUrl":"https:\/\/www.batirente.com\/wp-content\/uploads\/2019\/01\/2017-logo.jpg","width":750,"height":450,"caption":"B\u00e2tirente"},"image":{"@id":"https:\/\/www.batirente.com\/#\/schema\/logo\/image\/"},"sameAs":["https:\/\/www.facebook.com\/batirente\/","https:\/\/x.com\/Batirente","https:\/\/www.linkedin.com\/company\/batirente"]}]}},"_links":{"self":[{"href":"https:\/\/www.batirente.com\/en\/wp-json\/wp\/v2\/pages\/682","targetHints":{"allow":["GET"]}}],"collection":[{"href":"https:\/\/www.batirente.com\/en\/wp-json\/wp\/v2\/pages"}],"about":[{"href":"https:\/\/www.batirente.com\/en\/wp-json\/wp\/v2\/types\/page"}],"author":[{"embeddable":true,"href":"https:\/\/www.batirente.com\/en\/wp-json\/wp\/v2\/users\/4"}],"replies":[{"embeddable":true,"href":"https:\/\/www.batirente.com\/en\/wp-json\/wp\/v2\/comments?post=682"}],"version-history":[{"count":0,"href":"https:\/\/www.batirente.com\/en\/wp-json\/wp\/v2\/pages\/682\/revisions"}],"up":[{"embeddable":true,"href":"https:\/\/www.batirente.com\/en\/wp-json\/wp\/v2\/pages\/978"}],"wp:attachment":[{"href":"https:\/\/www.batirente.com\/en\/wp-json\/wp\/v2\/media?parent=682"}],"curies":[{"name":"wp","href":"https:\/\/api.w.org\/{rel}","templated":true}]}}