{"id":692,"date":"2019-01-07T14:43:23","date_gmt":"2019-01-07T19:43:23","guid":{"rendered":"https:\/\/www.batirente.qc.ca\/contact-us\/"},"modified":"2025-07-11T15:40:11","modified_gmt":"2025-07-11T19:40:11","slug":"contact-us","status":"publish","type":"page","link":"https:\/\/www.batirente.com\/en\/contact-us\/","title":{"rendered":"Contact Us"},"content":{"rendered":"<p>[et_pb_section fb_built=&#8221;1&#8243; disabled_on=&#8221;off|off|off&#8221; _builder_version=&#8221;3.19.3&#8243; custom_padding=&#8221;||0px|&#8221; global_module=&#8221;1327&#8243; global_colors_info=&#8221;{}&#8221;][et_pb_row _builder_version=&#8221;4.16&#8243; background_size=&#8221;initial&#8221; background_position=&#8221;top_left&#8221; background_repeat=&#8221;repeat&#8221; custom_padding=&#8221;||0px|&#8221; global_colors_info=&#8221;{}&#8221;][et_pb_column type=&#8221;4_4&#8243; _builder_version=&#8221;4.16&#8243; custom_padding=&#8221;|||&#8221; global_colors_info=&#8221;{}&#8221; custom_padding__hover=&#8221;|||&#8221;][et_pb_post_title meta=&#8221;off&#8221; featured_image=&#8221;off&#8221; disabled_on=&#8221;off|off|off&#8221; _builder_version=&#8221;4.16&#8243; global_colors_info=&#8221;{}&#8221;][\/et_pb_post_title][\/et_pb_column][\/et_pb_row][\/et_pb_section][et_pb_section fb_built=&#8221;1&#8243; _builder_version=&#8221;4.16&#8243; global_colors_info=&#8221;{}&#8221;][et_pb_row column_structure=&#8221;1_2,1_2&#8243; _builder_version=&#8221;4.16&#8243; background_size=&#8221;initial&#8221; background_position=&#8221;top_left&#8221; background_repeat=&#8221;repeat&#8221; global_colors_info=&#8221;{}&#8221;][et_pb_column type=&#8221;1_2&#8243; _builder_version=&#8221;4.16&#8243; custom_padding=&#8221;|||&#8221; global_colors_info=&#8221;{}&#8221; custom_padding__hover=&#8221;|||&#8221;][et_pb_text _builder_version=&#8221;4.27.3&#8243; global_colors_info=&#8221;{}&#8221;]<\/p>\n<h2>Member Services Centre<\/h2>\n<p><strong>Business hours<\/strong><br \/>Monday to Friday, 8:00 a.m. to 8:00 p.m.<br \/>Phone: 1 800 463-6984<br \/>Fax: 1 877 350-8555<br \/>Email:\u00a0<a href=\"mailto:batirente@dsf.ca\" rel=\"nofollow\">batirente@dsf.ca<\/a><\/p>\n<p><strong>Address<\/strong><br \/>B\u00e2tirente c\/o Desjardins Financial Security<br \/>Group Retirement Savings<br \/>P.O. Box\u00a01355, Succursale Desjardins<br \/>Montr\u00e9al (Qu\u00e9bec)\u00a0 H5B 1C4<\/p>\n<p>[\/et_pb_text][\/et_pb_column][et_pb_column type=&#8221;1_2&#8243; _builder_version=&#8221;4.16&#8243; custom_padding=&#8221;|||&#8221; global_colors_info=&#8221;{}&#8221; custom_padding__hover=&#8221;|||&#8221;][et_pb_text _builder_version=&#8221;4.27.3&#8243; global_colors_info=&#8221;{}&#8221;]<\/p>\n<h2>Group Services Centre<\/h2>\n<p><strong>Business hours<\/strong><br \/>Monday to Friday, 8:00 a.m. to 5:00 p.m.<br \/>Phone: 1 800 463-6984<br \/>Fax: 1 877 350-8555<br \/>Email:\u00a0<a href=\"mailto:batirente_admin@dsf.ca\" rel=\"nofollow\">batirente_admin@dsf.ca<\/a><\/p>\n<p><strong>Address<\/strong><br \/>B\u00e2tirente c\/o Desjardins Financial Security<br \/>Group Retirement Savings<br \/>P.O. Box 1355, Succursale Desjardins<br \/>Montr\u00e9al (Qu\u00e9bec)\u00a0 H5B 1C4<\/p>\n<p>[\/et_pb_text][\/et_pb_column][\/et_pb_row][et_pb_row column_structure=&#8221;1_2,1_2&#8243; _builder_version=&#8221;4.16&#8243; background_size=&#8221;initial&#8221; background_position=&#8221;top_left&#8221; background_repeat=&#8221;repeat&#8221; global_colors_info=&#8221;{}&#8221;][et_pb_column type=&#8221;1_2&#8243; _builder_version=&#8221;4.16&#8243; custom_padding=&#8221;|||&#8221; global_colors_info=&#8221;{}&#8221; custom_padding__hover=&#8221;|||&#8221;][et_pb_text _builder_version=&#8221;4.27.4&#8243; hover_enabled=&#8221;0&#8243; global_colors_info=&#8221;{}&#8221; sticky_enabled=&#8221;0&#8243;]<\/p>\n<h2>Comit\u00e9 B\u00e2tirente<\/h2>\n<p><strong>Montr\u00e9al Office<\/strong><br \/>2175\u00a0De Maisonneuve Blvd. East, suite\u00a0203<br \/>Montr\u00e9al (Qu\u00e9bec)\u00a0 H2K 4S3<\/p>\n<p>Phone: 514 525-5740<br \/>Toll free: 1 800 253-0131<br \/>Fax: 1\u00a0866\u00a0525-5218<br \/>Email:\u00a0<a href=\"mailto:info@batirente.com\" rel=\"nofollow\">info@batirente.com<\/a><\/p>\n<p>[\/et_pb_text][\/et_pb_column][et_pb_column type=&#8221;1_2&#8243; _builder_version=&#8221;4.16&#8243; custom_padding=&#8221;|||&#8221; global_colors_info=&#8221;{}&#8221; custom_padding__hover=&#8221;|||&#8221;][et_pb_text _builder_version=&#8221;4.27.4&#8243; hover_enabled=&#8221;0&#8243; global_colors_info=&#8221;{}&#8221; sticky_enabled=&#8221;0&#8243;]<\/p>\n<h2>\u00a0<\/h2>\n<p><strong>Qu\u00e9bec Office<\/strong><br \/>125 Charest Blvd. East, Suite 501<br \/>Qu\u00e9bec (Qu\u00e9bec)\u00a0 G1K 3G5<\/p>\n<p>Toll free: 1 800 253-0131<br \/>Fax: 1\u00a0866\u00a0525-5218<br \/>Email:\u00a0<a href=\"mailto:info@batirente.com\" rel=\"nofollow\">info@batirente.com<\/a><\/p>\n<p>[\/et_pb_text][\/et_pb_column][\/et_pb_row][et_pb_row column_structure=&#8221;1_2,1_2&#8243; _builder_version=&#8221;4.16&#8243; background_size=&#8221;initial&#8221; background_position=&#8221;top_left&#8221; background_repeat=&#8221;repeat&#8221; global_colors_info=&#8221;{}&#8221;][et_pb_column type=&#8221;1_2&#8243; _builder_version=&#8221;4.16&#8243; custom_padding=&#8221;|||&#8221; global_colors_info=&#8221;{}&#8221; custom_padding__hover=&#8221;|||&#8221;][et_pb_image src=&#8221;https:\/\/www.batirente.com\/wp-content\/uploads\/2019\/01\/Batirente-Map-Maisonneuve.jpg&#8221; url=&#8221;https:\/\/goo.gl\/maps\/PrhYX&#8221; align_tablet=&#8221;center&#8221; align_phone=&#8221;&#8221; align_last_edited=&#8221;on|desktop&#8221; _builder_version=&#8221;4.16&#8243; global_colors_info=&#8221;{}&#8221;][\/et_pb_image][\/et_pb_column][et_pb_column type=&#8221;1_2&#8243; _builder_version=&#8221;4.16&#8243; custom_padding=&#8221;|||&#8221; global_colors_info=&#8221;{}&#8221; custom_padding__hover=&#8221;|||&#8221;][et_pb_image src=&#8221;https:\/\/www.batirente.com\/wp-content\/uploads\/2019\/01\/Batirente-Map-Charest.jpg&#8221; url=&#8221;https:\/\/goo.gl\/maps\/ITxqo&#8221; align_tablet=&#8221;center&#8221; align_phone=&#8221;&#8221; align_last_edited=&#8221;on|desktop&#8221; _builder_version=&#8221;4.16&#8243; global_colors_info=&#8221;{}&#8221;][\/et_pb_image][\/et_pb_column][\/et_pb_row][\/et_pb_section]<\/p>\n","protected":false},"excerpt":{"rendered":"<p>Member Services Centre Business hoursMonday to Friday, 8:00 a.m. to 8:00 p.m.Phone: 1 800 463-6984Fax: 1 877 350-8555Email:\u00a0batirente@dsf.ca AddressB\u00e2tirente c\/o Desjardins Financial SecurityGroup Retirement SavingsP.O. Box\u00a01355, Succursale DesjardinsMontr\u00e9al (Qu\u00e9bec)\u00a0 H5B 1C4Group Services Centre Business hoursMonday to Friday, 8:00 a.m. to 5:00 p.m.Phone: 1 800 463-6984Fax: 1 877 350-8555Email:\u00a0batirente_admin@dsf.ca AddressB\u00e2tirente c\/o Desjardins Financial SecurityGroup Retirement SavingsP.O. Box 1355, Succursale DesjardinsMontr\u00e9al (Qu\u00e9bec)\u00a0 H5B 1C4Comit\u00e9 B\u00e2tirente Montr\u00e9al Office2175\u00a0De Maisonneuve Blvd. East, suite\u00a0203Montr\u00e9al (Qu\u00e9bec)\u00a0 H2K 4S3 Phone: 514 525-5740Toll free: 1 800 253-0131Fax: 1\u00a0866\u00a0525-5218Email:\u00a0info@batirente.com\u00a0 Qu\u00e9bec Office125 Charest Blvd. East, Suite 501Qu\u00e9bec (Qu\u00e9bec)\u00a0 G1K 3G5 Toll free: 1 800 253-0131Fax: 1\u00a0866\u00a0525-5218Email:\u00a0info@batirente.com<\/p>\n","protected":false},"author":4,"featured_media":0,"parent":0,"menu_order":0,"comment_status":"closed","ping_status":"closed","template":"","meta":{"_acf_changed":false,"_et_pb_use_builder":"on","_et_pb_old_content":"","_et_gb_content_width":"","inline_featured_image":false,"footnotes":""},"class_list":["post-692","page","type-page","status-publish","hentry"],"acf":[],"yoast_head":"<!-- This site is optimized with the Yoast SEO plugin v27.3 - https:\/\/yoast.com\/product\/yoast-seo-wordpress\/ -->\n<title>Contact Us - B\u00e2tirente<\/title>\n<meta name=\"robots\" content=\"index, follow, max-snippet:-1, max-image-preview:large, max-video-preview:-1\" \/>\n<link rel=\"canonical\" href=\"https:\/\/www.batirente.com\/en\/contact-us\/\" \/>\n<meta property=\"og:locale\" content=\"en_US\" \/>\n<meta property=\"og:type\" content=\"article\" \/>\n<meta property=\"og:title\" content=\"Contact Us - B\u00e2tirente\" \/>\n<meta property=\"og:description\" content=\"Member Services Centre Business hoursMonday to Friday, 8:00 a.m. to 8:00 p.m.Phone: 1 800 463-6984Fax: 1 877 350-8555Email:\u00a0batirente@dsf.ca AddressB\u00e2tirente c\/o Desjardins Financial SecurityGroup Retirement SavingsP.O. Box\u00a01355, Succursale DesjardinsMontr\u00e9al (Qu\u00e9bec)\u00a0 H5B 1C4Group Services Centre Business hoursMonday to Friday, 8:00 a.m. to 5:00 p.m.Phone: 1 800 463-6984Fax: 1 877 350-8555Email:\u00a0batirente_admin@dsf.ca AddressB\u00e2tirente c\/o Desjardins Financial SecurityGroup Retirement SavingsP.O. Box 1355, Succursale DesjardinsMontr\u00e9al (Qu\u00e9bec)\u00a0 H5B 1C4Comit\u00e9 B\u00e2tirente Montr\u00e9al Office2175\u00a0De Maisonneuve Blvd. East, suite\u00a0203Montr\u00e9al (Qu\u00e9bec)\u00a0 H2K 4S3 Phone: 514 525-5740Toll free: 1 800 253-0131Fax: 1\u00a0866\u00a0525-5218Email:\u00a0info@batirente.com\u00a0 Qu\u00e9bec Office125 Charest Blvd. East, Suite 501Qu\u00e9bec (Qu\u00e9bec)\u00a0 G1K 3G5 Toll free: 1 800 253-0131Fax: 1\u00a0866\u00a0525-5218Email:\u00a0info@batirente.com\" \/>\n<meta property=\"og:url\" content=\"https:\/\/www.batirente.com\/en\/contact-us\/\" \/>\n<meta property=\"og:site_name\" content=\"B\u00e2tirente\" \/>\n<meta property=\"article:publisher\" content=\"https:\/\/www.facebook.com\/batirente\/\" \/>\n<meta property=\"article:modified_time\" content=\"2025-07-11T19:40:11+00:00\" \/>\n<meta name=\"twitter:card\" content=\"summary_large_image\" \/>\n<meta name=\"twitter:site\" content=\"@Batirente\" \/>\n<meta name=\"twitter:label1\" content=\"Est. reading time\" \/>\n\t<meta name=\"twitter:data1\" content=\"2 minutes\" \/>\n<script type=\"application\/ld+json\" class=\"yoast-schema-graph\">{\"@context\":\"https:\\\/\\\/schema.org\",\"@graph\":[{\"@type\":\"WebPage\",\"@id\":\"https:\\\/\\\/www.batirente.com\\\/en\\\/contact-us\\\/\",\"url\":\"https:\\\/\\\/www.batirente.com\\\/en\\\/contact-us\\\/\",\"name\":\"Contact Us - B\u00e2tirente\",\"isPartOf\":{\"@id\":\"https:\\\/\\\/www.batirente.com\\\/#website\"},\"datePublished\":\"2019-01-07T19:43:23+00:00\",\"dateModified\":\"2025-07-11T19:40:11+00:00\",\"breadcrumb\":{\"@id\":\"https:\\\/\\\/www.batirente.com\\\/en\\\/contact-us\\\/#breadcrumb\"},\"inLanguage\":\"en-US\",\"potentialAction\":[{\"@type\":\"ReadAction\",\"target\":[\"https:\\\/\\\/www.batirente.com\\\/en\\\/contact-us\\\/\"]}]},{\"@type\":\"BreadcrumbList\",\"@id\":\"https:\\\/\\\/www.batirente.com\\\/en\\\/contact-us\\\/#breadcrumb\",\"itemListElement\":[{\"@type\":\"ListItem\",\"position\":1,\"name\":\"Accueil\",\"item\":\"https:\\\/\\\/www.batirente.com\\\/en\\\/\"},{\"@type\":\"ListItem\",\"position\":2,\"name\":\"Contact Us\"}]},{\"@type\":\"WebSite\",\"@id\":\"https:\\\/\\\/www.batirente.com\\\/#website\",\"url\":\"https:\\\/\\\/www.batirente.com\\\/\",\"name\":\"B\u00e2tirente\",\"description\":\"Ma retraite. Notre force.\",\"publisher\":{\"@id\":\"https:\\\/\\\/www.batirente.com\\\/#organization\"},\"potentialAction\":[{\"@type\":\"SearchAction\",\"target\":{\"@type\":\"EntryPoint\",\"urlTemplate\":\"https:\\\/\\\/www.batirente.com\\\/?s={search_term_string}\"},\"query-input\":{\"@type\":\"PropertyValueSpecification\",\"valueRequired\":true,\"valueName\":\"search_term_string\"}}],\"inLanguage\":\"en-US\"},{\"@type\":\"Organization\",\"@id\":\"https:\\\/\\\/www.batirente.com\\\/#organization\",\"name\":\"B\u00e2tirente\",\"url\":\"https:\\\/\\\/www.batirente.com\\\/\",\"logo\":{\"@type\":\"ImageObject\",\"inLanguage\":\"en-US\",\"@id\":\"https:\\\/\\\/www.batirente.com\\\/#\\\/schema\\\/logo\\\/image\\\/\",\"url\":\"https:\\\/\\\/www.batirente.com\\\/wp-content\\\/uploads\\\/2019\\\/01\\\/2017-logo.jpg\",\"contentUrl\":\"https:\\\/\\\/www.batirente.com\\\/wp-content\\\/uploads\\\/2019\\\/01\\\/2017-logo.jpg\",\"width\":750,\"height\":450,\"caption\":\"B\u00e2tirente\"},\"image\":{\"@id\":\"https:\\\/\\\/www.batirente.com\\\/#\\\/schema\\\/logo\\\/image\\\/\"},\"sameAs\":[\"https:\\\/\\\/www.facebook.com\\\/batirente\\\/\",\"https:\\\/\\\/x.com\\\/Batirente\",\"https:\\\/\\\/www.linkedin.com\\\/company\\\/batirente\"]}]}<\/script>\n<!-- \/ Yoast SEO plugin. -->","yoast_head_json":{"title":"Contact Us - B\u00e2tirente","robots":{"index":"index","follow":"follow","max-snippet":"max-snippet:-1","max-image-preview":"max-image-preview:large","max-video-preview":"max-video-preview:-1"},"canonical":"https:\/\/www.batirente.com\/en\/contact-us\/","og_locale":"en_US","og_type":"article","og_title":"Contact Us - B\u00e2tirente","og_description":"Member Services Centre Business hoursMonday to Friday, 8:00 a.m. to 8:00 p.m.Phone: 1 800 463-6984Fax: 1 877 350-8555Email:\u00a0batirente@dsf.ca AddressB\u00e2tirente c\/o Desjardins Financial SecurityGroup Retirement SavingsP.O. Box\u00a01355, Succursale DesjardinsMontr\u00e9al (Qu\u00e9bec)\u00a0 H5B 1C4Group Services Centre Business hoursMonday to Friday, 8:00 a.m. to 5:00 p.m.Phone: 1 800 463-6984Fax: 1 877 350-8555Email:\u00a0batirente_admin@dsf.ca AddressB\u00e2tirente c\/o Desjardins Financial SecurityGroup Retirement SavingsP.O. Box 1355, Succursale DesjardinsMontr\u00e9al (Qu\u00e9bec)\u00a0 H5B 1C4Comit\u00e9 B\u00e2tirente Montr\u00e9al Office2175\u00a0De Maisonneuve Blvd. East, suite\u00a0203Montr\u00e9al (Qu\u00e9bec)\u00a0 H2K 4S3 Phone: 514 525-5740Toll free: 1 800 253-0131Fax: 1\u00a0866\u00a0525-5218Email:\u00a0info@batirente.com\u00a0 Qu\u00e9bec Office125 Charest Blvd. East, Suite 501Qu\u00e9bec (Qu\u00e9bec)\u00a0 G1K 3G5 Toll free: 1 800 253-0131Fax: 1\u00a0866\u00a0525-5218Email:\u00a0info@batirente.com","og_url":"https:\/\/www.batirente.com\/en\/contact-us\/","og_site_name":"B\u00e2tirente","article_publisher":"https:\/\/www.facebook.com\/batirente\/","article_modified_time":"2025-07-11T19:40:11+00:00","twitter_card":"summary_large_image","twitter_site":"@Batirente","twitter_misc":{"Est. reading time":"2 minutes"},"schema":{"@context":"https:\/\/schema.org","@graph":[{"@type":"WebPage","@id":"https:\/\/www.batirente.com\/en\/contact-us\/","url":"https:\/\/www.batirente.com\/en\/contact-us\/","name":"Contact Us - B\u00e2tirente","isPartOf":{"@id":"https:\/\/www.batirente.com\/#website"},"datePublished":"2019-01-07T19:43:23+00:00","dateModified":"2025-07-11T19:40:11+00:00","breadcrumb":{"@id":"https:\/\/www.batirente.com\/en\/contact-us\/#breadcrumb"},"inLanguage":"en-US","potentialAction":[{"@type":"ReadAction","target":["https:\/\/www.batirente.com\/en\/contact-us\/"]}]},{"@type":"BreadcrumbList","@id":"https:\/\/www.batirente.com\/en\/contact-us\/#breadcrumb","itemListElement":[{"@type":"ListItem","position":1,"name":"Accueil","item":"https:\/\/www.batirente.com\/en\/"},{"@type":"ListItem","position":2,"name":"Contact Us"}]},{"@type":"WebSite","@id":"https:\/\/www.batirente.com\/#website","url":"https:\/\/www.batirente.com\/","name":"B\u00e2tirente","description":"Ma retraite. Notre force.","publisher":{"@id":"https:\/\/www.batirente.com\/#organization"},"potentialAction":[{"@type":"SearchAction","target":{"@type":"EntryPoint","urlTemplate":"https:\/\/www.batirente.com\/?s={search_term_string}"},"query-input":{"@type":"PropertyValueSpecification","valueRequired":true,"valueName":"search_term_string"}}],"inLanguage":"en-US"},{"@type":"Organization","@id":"https:\/\/www.batirente.com\/#organization","name":"B\u00e2tirente","url":"https:\/\/www.batirente.com\/","logo":{"@type":"ImageObject","inLanguage":"en-US","@id":"https:\/\/www.batirente.com\/#\/schema\/logo\/image\/","url":"https:\/\/www.batirente.com\/wp-content\/uploads\/2019\/01\/2017-logo.jpg","contentUrl":"https:\/\/www.batirente.com\/wp-content\/uploads\/2019\/01\/2017-logo.jpg","width":750,"height":450,"caption":"B\u00e2tirente"},"image":{"@id":"https:\/\/www.batirente.com\/#\/schema\/logo\/image\/"},"sameAs":["https:\/\/www.facebook.com\/batirente\/","https:\/\/x.com\/Batirente","https:\/\/www.linkedin.com\/company\/batirente"]}]}},"_links":{"self":[{"href":"https:\/\/www.batirente.com\/en\/wp-json\/wp\/v2\/pages\/692","targetHints":{"allow":["GET"]}}],"collection":[{"href":"https:\/\/www.batirente.com\/en\/wp-json\/wp\/v2\/pages"}],"about":[{"href":"https:\/\/www.batirente.com\/en\/wp-json\/wp\/v2\/types\/page"}],"author":[{"embeddable":true,"href":"https:\/\/www.batirente.com\/en\/wp-json\/wp\/v2\/users\/4"}],"replies":[{"embeddable":true,"href":"https:\/\/www.batirente.com\/en\/wp-json\/wp\/v2\/comments?post=692"}],"version-history":[{"count":6,"href":"https:\/\/www.batirente.com\/en\/wp-json\/wp\/v2\/pages\/692\/revisions"}],"predecessor-version":[{"id":22115,"href":"https:\/\/www.batirente.com\/en\/wp-json\/wp\/v2\/pages\/692\/revisions\/22115"}],"wp:attachment":[{"href":"https:\/\/www.batirente.com\/en\/wp-json\/wp\/v2\/media?parent=692"}],"curies":[{"name":"wp","href":"https:\/\/api.w.org\/{rel}","templated":true}]}}