{"id":694,"date":"2019-01-07T14:43:46","date_gmt":"2019-01-07T19:43:46","guid":{"rendered":"https:\/\/www.batirente.qc.ca\/news\/articles-de-presse\/"},"modified":"2023-03-08T12:06:02","modified_gmt":"2023-03-08T17:06:02","slug":"press-review","status":"publish","type":"page","link":"https:\/\/www.batirente.com\/en\/articles\/press-review\/","title":{"rendered":"Press review"},"content":{"rendered":"<p>[et_pb_section fb_built=&#8221;1&#8243; disabled_on=&#8221;off|off|off&#8221; _builder_version=&#8221;3.19.3&#8243; custom_padding=&#8221;||0px|&#8221; global_module=&#8221;148&#8243; global_colors_info=&#8221;{}&#8221;][et_pb_row _builder_version=&#8221;4.16&#8243; background_size=&#8221;initial&#8221; background_position=&#8221;top_left&#8221; background_repeat=&#8221;repeat&#8221; custom_padding=&#8221;||0px|&#8221; global_colors_info=&#8221;{}&#8221;][et_pb_column type=&#8221;4_4&#8243; _builder_version=&#8221;4.16&#8243; custom_padding=&#8221;|||&#8221; global_colors_info=&#8221;{}&#8221; custom_padding__hover=&#8221;|||&#8221;][et_pb_post_title meta=&#8221;off&#8221; featured_image=&#8221;off&#8221; disabled_on=&#8221;off|off|off&#8221; _builder_version=&#8221;4.16&#8243; global_colors_info=&#8221;{}&#8221;][\/et_pb_post_title][\/et_pb_column][\/et_pb_row][\/et_pb_section][et_pb_section fb_built=&#8221;1&#8243; _builder_version=&#8221;4.16&#8243; global_colors_info=&#8221;{}&#8221;][et_pb_row _builder_version=&#8221;4.16&#8243; background_size=&#8221;initial&#8221; background_position=&#8221;top_left&#8221; background_repeat=&#8221;repeat&#8221; global_colors_info=&#8221;{}&#8221;][et_pb_column type=&#8221;4_4&#8243; _builder_version=&#8221;4.16&#8243; custom_padding=&#8221;|||&#8221; global_colors_info=&#8221;{}&#8221; custom_padding__hover=&#8221;|||&#8221;][et_pb_text _builder_version=&#8221;4.18.0&#8243; hover_enabled=&#8221;0&#8243; global_colors_info=&#8221;{}&#8221; sticky_enabled=&#8221;0&#8243;]<\/p>\n<p>October 14, 2022 \u2013 <a href=\"https:\/\/www.benefitscanada.com\/archives_\/benefits-canada-archive\/2022-top-50-dc-plans-report-a-look-at-the-past-present-and-future-of-dc-pension-plans\/\" target=\"_blank\" rel=\"noopener\">Benefits Canada<\/a>: 2022 Top 50 DC Plans Report: How are DC pension plans evolving?<\/p>\n<p>July\/August, 2021 \u2013 <a href=\"https:\/\/online.fliphtml5.com\/fuinl\/evmy\/#p=33\" target=\"_blank\" rel=\"noopener\">Benefits Canada<\/a>: Pension funds searching for quality ESG data as quantity explodes<\/p>\n<p>August 26, 2121 \u2013 <a href=\"https:\/\/www.benefitscanada.com\/canadian-investment-review\/strategies\/batirente-unveils-new-plan-to-optimize-investments-across-all-funds\/\" target=\"_blank\" rel=\"noopener\">Benefits Canada<\/a>: B\u00e2tirente unveils new plan to optimize investments across all funds<\/p>\n<p>May 1, 2021 \u2013 <a href=\"https:\/\/www.ledevoir.com\/economie\/599698\/batirente-au-dela-du-rendement\" target=\"_blank\" rel=\"noopener\">Le Devoir<\/a>: Un syst\u00e8me de retraite collectif qui va au-del\u00e0 du rendement<\/p>\n<p>March 19, 2021 \u2013 <a href=\"https:\/\/www.thestar.com\/business\/2021\/03\/19\/imperial-oil-urges-shareholders-to-reject-premature-net-zero-2050-carbon-motion.html\" target=\"_blank\" rel=\"noopener\">Toronto Star<\/a>: Imperial Oil urges shareholders to reject \u2018premature\u2019 net-zero 2050 carbon motion<\/p>\n<p>March 19, 2021 \u2013 <a href=\"https:\/\/www.lapresse.ca\/affaires\/entreprises\/2021-03-19\/accord-de-paris\/l-imperiale-s-oppose-a-une-cible-sur-les-gaz-a-effet-de-serre.php\" target=\"_blank\" rel=\"noopener\">La Presse<\/a>: L&#8217;Imp\u00e9riale s&#8217;oppose \u00e0 une cible sur les gaz \u00e0 effet de serre<\/p>\n<p>December 3, 2020 \u2013 <a href=\"http:\/\/www.investmentreview.com\/events\/announcing-the-winners-of-the-pension-leadership-awards\" target=\"_blank\" rel=\"noopener\">Canadian Investment Review<\/a>: B\u00e2tirente won the Sustainable Investing Award of the 2020 Pension Leadership Awards<\/p>\n<p>September 10, 2020 \u2013 <a href=\"https:\/\/www.benefitscanada.com\/news\/batirente-setting-new-climate-commitment-for-2025\/\" target=\"_blank\" rel=\"noopener noreferrer\">Benefits Canada<\/a>: B\u00e2tirente sets new climate commitment for 2025<\/p>\n<p>June 18, 2020 \u2013 <a href=\"https:\/\/www.benefitscanada.com\/news\/batirente-grows-aum-pension-membership-in-2019\/\" target=\"_blank\" rel=\"noopener noreferrer\">Benefits Canada<\/a>: B\u00e2tirente grows AUM, pension membership in 2019<\/p>\n<p>October 10, 2017 \u2013 <a href=\"http:\/\/www.benefitscanada.com\/news\/how-batirente-takes-esg-reporting-to-the-next-level\/\" target=\"_blank\" rel=\"noopener noreferrer\">Benefits Canada<\/a>: How B\u00e2tirente takes ESG reporting to the next level (featuring B\u00e2tirente&#8217;s Chief Executive Officer Daniel Simard on the front page of the October edition)<\/p>\n<p>September 13, 2016 \u2013 <a href=\"https:\/\/www.responsible-investor.com\/home\/article\/quebec_based_shareholder_engagement_firm_opens_doors_with_salvo_of_dialogue\/\" target=\"_blank\" rel=\"noopener noreferrer\">Responsible Investor<\/a>: New Canadian shareholder engagement firm opens doors with salvo of dialogue<\/p>\n<p>[\/et_pb_text][\/et_pb_column][\/et_pb_row][\/et_pb_section]<\/p>\n","protected":false},"excerpt":{"rendered":"<p>October 14, 2022 \u2013 Benefits Canada: 2022 Top 50 DC Plans Report: How are DC pension plans evolving? July\/August, 2021 \u2013 Benefits Canada: Pension funds searching for quality ESG data as quantity explodes August 26, 2121 \u2013 Benefits Canada: B\u00e2tirente unveils new plan to optimize investments across all funds May 1, 2021 \u2013 Le Devoir: Un syst\u00e8me de retraite collectif qui va au-del\u00e0 du rendement March 19, 2021 \u2013 Toronto Star: Imperial Oil urges shareholders to reject \u2018premature\u2019 net-zero 2050 carbon motion March 19, 2021 \u2013 La Presse: L&#8217;Imp\u00e9riale s&#8217;oppose \u00e0 une cible sur les gaz \u00e0 effet de serre December 3, 2020 \u2013 Canadian Investment Review: B\u00e2tirente won the Sustainable Investing Award of the 2020 Pension Leadership Awards September 10, 2020 \u2013 Benefits Canada: B\u00e2tirente sets new climate commitment for 2025 June 18, 2020 \u2013 Benefits Canada: B\u00e2tirente grows AUM, pension membership in 2019 October 10, 2017 \u2013 Benefits Canada: How B\u00e2tirente takes ESG reporting to the next level (featuring B\u00e2tirente&#8217;s Chief Executive Officer Daniel Simard on the front page of the October edition) September 13, 2016 \u2013 Responsible Investor: New Canadian shareholder engagement firm opens doors with salvo of dialogue<\/p>\n","protected":false},"author":4,"featured_media":0,"parent":690,"menu_order":0,"comment_status":"closed","ping_status":"closed","template":"","meta":{"_acf_changed":false,"_et_pb_use_builder":"on","_et_pb_old_content":"","_et_gb_content_width":"","inline_featured_image":false,"footnotes":""},"class_list":["post-694","page","type-page","status-publish","hentry"],"acf":[],"yoast_head":"<!-- This site is optimized with the Yoast SEO plugin v27.3 - https:\/\/yoast.com\/product\/yoast-seo-wordpress\/ -->\n<title>Press review - B\u00e2tirente<\/title>\n<meta name=\"robots\" content=\"index, follow, max-snippet:-1, max-image-preview:large, max-video-preview:-1\" \/>\n<link rel=\"canonical\" href=\"https:\/\/www.batirente.com\/en\/articles\/press-review\/\" \/>\n<meta property=\"og:locale\" content=\"en_US\" \/>\n<meta property=\"og:type\" content=\"article\" \/>\n<meta property=\"og:title\" content=\"Press review - B\u00e2tirente\" \/>\n<meta property=\"og:description\" content=\"October 14, 2022 \u2013 Benefits Canada: 2022 Top 50 DC Plans Report: How are DC pension plans evolving? July\/August, 2021 \u2013 Benefits Canada: Pension funds searching for quality ESG data as quantity explodes August 26, 2121 \u2013 Benefits Canada: B\u00e2tirente unveils new plan to optimize investments across all funds May 1, 2021 \u2013 Le Devoir: Un syst\u00e8me de retraite collectif qui va au-del\u00e0 du rendement March 19, 2021 \u2013 Toronto Star: Imperial Oil urges shareholders to reject \u2018premature\u2019 net-zero 2050 carbon motion March 19, 2021 \u2013 La Presse: L&#039;Imp\u00e9riale s&#039;oppose \u00e0 une cible sur les gaz \u00e0 effet de serre December 3, 2020 \u2013 Canadian Investment Review: B\u00e2tirente won the Sustainable Investing Award of the 2020 Pension Leadership Awards September 10, 2020 \u2013 Benefits Canada: B\u00e2tirente sets new climate commitment for 2025 June 18, 2020 \u2013 Benefits Canada: B\u00e2tirente grows AUM, pension membership in 2019 October 10, 2017 \u2013 Benefits Canada: How B\u00e2tirente takes ESG reporting to the next level (featuring B\u00e2tirente&#039;s Chief Executive Officer Daniel Simard on the front page of the October edition) September 13, 2016 \u2013 Responsible Investor: New Canadian shareholder engagement firm opens doors with salvo of dialogue\" \/>\n<meta property=\"og:url\" content=\"https:\/\/www.batirente.com\/en\/articles\/press-review\/\" \/>\n<meta property=\"og:site_name\" content=\"B\u00e2tirente\" \/>\n<meta property=\"article:publisher\" content=\"https:\/\/www.facebook.com\/batirente\/\" \/>\n<meta property=\"article:modified_time\" content=\"2023-03-08T17:06:02+00:00\" \/>\n<meta name=\"twitter:card\" content=\"summary_large_image\" \/>\n<meta name=\"twitter:site\" content=\"@Batirente\" \/>\n<meta name=\"twitter:label1\" content=\"Est. reading time\" \/>\n\t<meta name=\"twitter:data1\" content=\"2 minutes\" \/>\n<script type=\"application\/ld+json\" class=\"yoast-schema-graph\">{\"@context\":\"https:\\\/\\\/schema.org\",\"@graph\":[{\"@type\":\"WebPage\",\"@id\":\"https:\\\/\\\/www.batirente.com\\\/en\\\/articles\\\/press-review\\\/\",\"url\":\"https:\\\/\\\/www.batirente.com\\\/en\\\/articles\\\/press-review\\\/\",\"name\":\"Press review - B\u00e2tirente\",\"isPartOf\":{\"@id\":\"https:\\\/\\\/www.batirente.com\\\/#website\"},\"datePublished\":\"2019-01-07T19:43:46+00:00\",\"dateModified\":\"2023-03-08T17:06:02+00:00\",\"breadcrumb\":{\"@id\":\"https:\\\/\\\/www.batirente.com\\\/en\\\/articles\\\/press-review\\\/#breadcrumb\"},\"inLanguage\":\"en-US\",\"potentialAction\":[{\"@type\":\"ReadAction\",\"target\":[\"https:\\\/\\\/www.batirente.com\\\/en\\\/articles\\\/press-review\\\/\"]}]},{\"@type\":\"BreadcrumbList\",\"@id\":\"https:\\\/\\\/www.batirente.com\\\/en\\\/articles\\\/press-review\\\/#breadcrumb\",\"itemListElement\":[{\"@type\":\"ListItem\",\"position\":1,\"name\":\"Accueil\",\"item\":\"https:\\\/\\\/www.batirente.com\\\/en\\\/\"},{\"@type\":\"ListItem\",\"position\":2,\"name\":\"Articles\",\"item\":\"https:\\\/\\\/www.batirente.com\\\/en\\\/articles\\\/\"},{\"@type\":\"ListItem\",\"position\":3,\"name\":\"Press review\"}]},{\"@type\":\"WebSite\",\"@id\":\"https:\\\/\\\/www.batirente.com\\\/#website\",\"url\":\"https:\\\/\\\/www.batirente.com\\\/\",\"name\":\"B\u00e2tirente\",\"description\":\"Ma retraite. Notre force.\",\"publisher\":{\"@id\":\"https:\\\/\\\/www.batirente.com\\\/#organization\"},\"potentialAction\":[{\"@type\":\"SearchAction\",\"target\":{\"@type\":\"EntryPoint\",\"urlTemplate\":\"https:\\\/\\\/www.batirente.com\\\/?s={search_term_string}\"},\"query-input\":{\"@type\":\"PropertyValueSpecification\",\"valueRequired\":true,\"valueName\":\"search_term_string\"}}],\"inLanguage\":\"en-US\"},{\"@type\":\"Organization\",\"@id\":\"https:\\\/\\\/www.batirente.com\\\/#organization\",\"name\":\"B\u00e2tirente\",\"url\":\"https:\\\/\\\/www.batirente.com\\\/\",\"logo\":{\"@type\":\"ImageObject\",\"inLanguage\":\"en-US\",\"@id\":\"https:\\\/\\\/www.batirente.com\\\/#\\\/schema\\\/logo\\\/image\\\/\",\"url\":\"https:\\\/\\\/www.batirente.com\\\/wp-content\\\/uploads\\\/2019\\\/01\\\/2017-logo.jpg\",\"contentUrl\":\"https:\\\/\\\/www.batirente.com\\\/wp-content\\\/uploads\\\/2019\\\/01\\\/2017-logo.jpg\",\"width\":750,\"height\":450,\"caption\":\"B\u00e2tirente\"},\"image\":{\"@id\":\"https:\\\/\\\/www.batirente.com\\\/#\\\/schema\\\/logo\\\/image\\\/\"},\"sameAs\":[\"https:\\\/\\\/www.facebook.com\\\/batirente\\\/\",\"https:\\\/\\\/x.com\\\/Batirente\",\"https:\\\/\\\/www.linkedin.com\\\/company\\\/batirente\"]}]}<\/script>\n<!-- \/ Yoast SEO plugin. -->","yoast_head_json":{"title":"Press review - B\u00e2tirente","robots":{"index":"index","follow":"follow","max-snippet":"max-snippet:-1","max-image-preview":"max-image-preview:large","max-video-preview":"max-video-preview:-1"},"canonical":"https:\/\/www.batirente.com\/en\/articles\/press-review\/","og_locale":"en_US","og_type":"article","og_title":"Press review - B\u00e2tirente","og_description":"October 14, 2022 \u2013 Benefits Canada: 2022 Top 50 DC Plans Report: How are DC pension plans evolving? July\/August, 2021 \u2013 Benefits Canada: Pension funds searching for quality ESG data as quantity explodes August 26, 2121 \u2013 Benefits Canada: B\u00e2tirente unveils new plan to optimize investments across all funds May 1, 2021 \u2013 Le Devoir: Un syst\u00e8me de retraite collectif qui va au-del\u00e0 du rendement March 19, 2021 \u2013 Toronto Star: Imperial Oil urges shareholders to reject \u2018premature\u2019 net-zero 2050 carbon motion March 19, 2021 \u2013 La Presse: L'Imp\u00e9riale s'oppose \u00e0 une cible sur les gaz \u00e0 effet de serre December 3, 2020 \u2013 Canadian Investment Review: B\u00e2tirente won the Sustainable Investing Award of the 2020 Pension Leadership Awards September 10, 2020 \u2013 Benefits Canada: B\u00e2tirente sets new climate commitment for 2025 June 18, 2020 \u2013 Benefits Canada: B\u00e2tirente grows AUM, pension membership in 2019 October 10, 2017 \u2013 Benefits Canada: How B\u00e2tirente takes ESG reporting to the next level (featuring B\u00e2tirente's Chief Executive Officer Daniel Simard on the front page of the October edition) September 13, 2016 \u2013 Responsible Investor: New Canadian shareholder engagement firm opens doors with salvo of dialogue","og_url":"https:\/\/www.batirente.com\/en\/articles\/press-review\/","og_site_name":"B\u00e2tirente","article_publisher":"https:\/\/www.facebook.com\/batirente\/","article_modified_time":"2023-03-08T17:06:02+00:00","twitter_card":"summary_large_image","twitter_site":"@Batirente","twitter_misc":{"Est. reading time":"2 minutes"},"schema":{"@context":"https:\/\/schema.org","@graph":[{"@type":"WebPage","@id":"https:\/\/www.batirente.com\/en\/articles\/press-review\/","url":"https:\/\/www.batirente.com\/en\/articles\/press-review\/","name":"Press review - B\u00e2tirente","isPartOf":{"@id":"https:\/\/www.batirente.com\/#website"},"datePublished":"2019-01-07T19:43:46+00:00","dateModified":"2023-03-08T17:06:02+00:00","breadcrumb":{"@id":"https:\/\/www.batirente.com\/en\/articles\/press-review\/#breadcrumb"},"inLanguage":"en-US","potentialAction":[{"@type":"ReadAction","target":["https:\/\/www.batirente.com\/en\/articles\/press-review\/"]}]},{"@type":"BreadcrumbList","@id":"https:\/\/www.batirente.com\/en\/articles\/press-review\/#breadcrumb","itemListElement":[{"@type":"ListItem","position":1,"name":"Accueil","item":"https:\/\/www.batirente.com\/en\/"},{"@type":"ListItem","position":2,"name":"Articles","item":"https:\/\/www.batirente.com\/en\/articles\/"},{"@type":"ListItem","position":3,"name":"Press review"}]},{"@type":"WebSite","@id":"https:\/\/www.batirente.com\/#website","url":"https:\/\/www.batirente.com\/","name":"B\u00e2tirente","description":"Ma retraite. Notre force.","publisher":{"@id":"https:\/\/www.batirente.com\/#organization"},"potentialAction":[{"@type":"SearchAction","target":{"@type":"EntryPoint","urlTemplate":"https:\/\/www.batirente.com\/?s={search_term_string}"},"query-input":{"@type":"PropertyValueSpecification","valueRequired":true,"valueName":"search_term_string"}}],"inLanguage":"en-US"},{"@type":"Organization","@id":"https:\/\/www.batirente.com\/#organization","name":"B\u00e2tirente","url":"https:\/\/www.batirente.com\/","logo":{"@type":"ImageObject","inLanguage":"en-US","@id":"https:\/\/www.batirente.com\/#\/schema\/logo\/image\/","url":"https:\/\/www.batirente.com\/wp-content\/uploads\/2019\/01\/2017-logo.jpg","contentUrl":"https:\/\/www.batirente.com\/wp-content\/uploads\/2019\/01\/2017-logo.jpg","width":750,"height":450,"caption":"B\u00e2tirente"},"image":{"@id":"https:\/\/www.batirente.com\/#\/schema\/logo\/image\/"},"sameAs":["https:\/\/www.facebook.com\/batirente\/","https:\/\/x.com\/Batirente","https:\/\/www.linkedin.com\/company\/batirente"]}]}},"_links":{"self":[{"href":"https:\/\/www.batirente.com\/en\/wp-json\/wp\/v2\/pages\/694","targetHints":{"allow":["GET"]}}],"collection":[{"href":"https:\/\/www.batirente.com\/en\/wp-json\/wp\/v2\/pages"}],"about":[{"href":"https:\/\/www.batirente.com\/en\/wp-json\/wp\/v2\/types\/page"}],"author":[{"embeddable":true,"href":"https:\/\/www.batirente.com\/en\/wp-json\/wp\/v2\/users\/4"}],"replies":[{"embeddable":true,"href":"https:\/\/www.batirente.com\/en\/wp-json\/wp\/v2\/comments?post=694"}],"version-history":[{"count":0,"href":"https:\/\/www.batirente.com\/en\/wp-json\/wp\/v2\/pages\/694\/revisions"}],"up":[{"embeddable":true,"href":"https:\/\/www.batirente.com\/en\/wp-json\/wp\/v2\/pages\/690"}],"wp:attachment":[{"href":"https:\/\/www.batirente.com\/en\/wp-json\/wp\/v2\/media?parent=694"}],"curies":[{"name":"wp","href":"https:\/\/api.w.org\/{rel}","templated":true}]}}